{"id":4933,"date":"2023-10-02T23:07:21","date_gmt":"2023-10-02T21:07:21","guid":{"rendered":"http:\/\/clm-inclusiva.org\/?page_id=4933"},"modified":"2023-10-02T23:26:39","modified_gmt":"2023-10-02T21:26:39","slug":"identidad-corporativa-2","status":"publish","type":"page","link":"https:\/\/clm-inclusiva.org\/?page_id=4933","title":{"rendered":"Identidad Corporativa"},"content":{"rendered":"<p>[et_pb_section fb_built=&#8221;1&#8243; inner_shadow=&#8221;on&#8221; disabled_on=&#8221;off|off|off&#8221; admin_label=&#8221;banner&#8221; _builder_version=&#8221;4.1&#8243; background_color_gradient_direction=&#8221;94deg&#8221; background_enable_image=&#8221;off&#8221; max_width_tablet=&#8221;&#8221; max_width_phone=&#8221;&#8221; max_width_last_edited=&#8221;on|desktop&#8221; min_height=&#8221;0px&#8221; custom_margin=&#8221;0px||0px||false|false&#8221; custom_padding=&#8221;0px|0px|0px|0px|false|false&#8221; top_divider_color=&#8221;#ea6900&#8243; top_divider_height=&#8221;31px&#8221; top_divider_flip=&#8221;horizontal&#8221; top_divider_height_tablet=&#8221;&#8221; top_divider_height_phone=&#8221;&#8221; top_divider_height_last_edited=&#8221;on|desktop&#8221; bottom_divider_color=&#8221;#1119a3&#8243; bottom_divider_height=&#8221;45px&#8221; bottom_divider_flip=&#8221;horizontal&#8221; custom_css_after=&#8221;display: block;||position: absolute;||content: \u201d;||width: 100px;||height: 100px;||bottom: -50px;||left: 50%;||margin-left: -50px;||background-color: #dddddd; \/** cambia tu color ***\/||-ms-transform: rotate(45deg);||-webkit-transform: rotate(45deg);||transform: rotate(45deg);||z-index: 1;&#8221;][et_pb_row _builder_version=&#8221;4.1&#8243; width=&#8221;100%&#8221; max_width=&#8221;100%&#8221; custom_margin=&#8221;0px||||false|false&#8221; custom_padding=&#8221;0px||0px||false|false&#8221;][et_pb_column type=&#8221;4_4&#8243; _builder_version=&#8221;4.1&#8243;][et_pb_text _builder_version=&#8221;4.1&#8243; text_font=&#8221;|600|||||||&#8221; text_text_color=&#8221;#000000&#8243; text_font_size=&#8221;80px&#8221; custom_margin=&#8221;40px||||false|false&#8221; hover_enabled=&#8221;0&#8243;]<\/p>\n<p style=\"text-align: center;\">IDENTIDAD<\/p>\n<p style=\"text-align: center;\">CORPORATIVA<\/p>\n<p>[\/et_pb_text][et_pb_divider divider_weight=&#8221;20px&#8221; _builder_version=&#8221;4.1&#8243; width=&#8221;200px&#8221; module_alignment=&#8221;center&#8221;][\/et_pb_divider][et_pb_text _builder_version=&#8221;4.1&#8243; text_font=&#8221;|600|||||||&#8221; text_text_color=&#8221;#000000&#8243; text_font_size=&#8221;30px&#8221; text_line_height=&#8221;1.71em&#8221; custom_margin=&#8221;40px||||false|false&#8221;]<\/p>\n<p style=\"text-align: center;\"><strong>CLM Inclusiva COCEMFE<\/strong> se rige por el sistema de autogobierno y los principios de<br \/> representaci\u00f3n y funcionamiento democr\u00e1tico. Bajo el principio de democracia paritaria, se<br \/> esfuerza en buscar el equilibrio de g\u00e9nero en la provisi\u00f3n de los cargos sociales y en la<br \/> composici\u00f3n de los \u00f3rganos de Gobierno hasta conseguir la paridad.<\/p>\n<p>[\/et_pb_text][et_pb_image src=&#8221;http:\/\/clm-inclusiva.org\/wp-content\/uploads\/2023\/03\/Logo-completo-color-2.png&#8221; _builder_version=&#8221;4.1&#8243; hover_enabled=&#8221;0&#8243; align=&#8221;center&#8221; width=&#8221;50%&#8221; max_width=&#8221;50%&#8221; module_alignment=&#8221;center&#8221;][\/et_pb_image][et_pb_text _builder_version=&#8221;4.1&#8243; text_font=&#8221;|600|||||||&#8221; text_text_color=&#8221;#000000&#8243; text_font_size=&#8221;30px&#8221; text_line_height=&#8221;1.71em&#8221; custom_margin=&#8221;40px||||false|false&#8221; hover_enabled=&#8221;0&#8243;]<\/p>\n<p style=\"text-align: center;\">La identidad visual trata de potenciar la marca a trav\u00e9s de los valores y conceptos que<br \/>caracterizan a la entidad, como la sencillez, transparencia, profesionalidad y las personas.<\/p>\n<p>[\/et_pb_text][\/et_pb_column][\/et_pb_row][et_pb_row _builder_version=&#8221;4.1&#8243; custom_margin=&#8221;40px||||false|false&#8221; hover_enabled=&#8221;0&#8243;][et_pb_column _builder_version=&#8221;4.1&#8243; type=&#8221;4_4&#8243;][et_pb_blurb title=&#8221;Descargar logotipo COCEMFE principal&#8221; _builder_version=&#8221;4.1&#8243; use_icon=&#8221;on&#8221; font_icon=&#8221;%%266%%&#8221; icon_color=&#8221;#333333&#8243; icon_placement=&#8221;left&#8221; header_text_color=&#8221;#333333&#8243; hover_enabled=&#8221;0&#8243; header_font_size=&#8221;24px&#8221; header_font=&#8221;|700|||||||&#8221; custom_margin=&#8221;40px||||false|false&#8221;][\/et_pb_blurb][\/et_pb_column][\/et_pb_row][et_pb_row _builder_version=&#8221;4.1&#8243; column_structure=&#8221;1_3,1_3,1_3&#8243; custom_margin=&#8221;-20px||||false|false&#8221; hover_enabled=&#8221;0&#8243;][et_pb_column _builder_version=&#8221;4.1&#8243; type=&#8221;1_3&#8243;][et_pb_button button_text=&#8221;JPG&#8221; _builder_version=&#8221;4.1&#8243; custom_button=&#8221;on&#8221; button_text_size=&#8221;24px&#8221; button_text_color=&#8221;#f89f56&#8243; hover_enabled=&#8221;0&#8243; button_border_width=&#8221;0px&#8221; button_use_icon=&#8221;off&#8221; button_alignment=&#8221;center&#8221;][\/et_pb_button][\/et_pb_column][et_pb_column _builder_version=&#8221;4.1&#8243; type=&#8221;1_3&#8243;][et_pb_button button_text=&#8221;PNG&#8221; _builder_version=&#8221;4.1&#8243; custom_button=&#8221;on&#8221; button_text_size=&#8221;24px&#8221; button_text_color=&#8221;#f89f56&#8243; hover_enabled=&#8221;0&#8243; button_border_width=&#8221;0px&#8221; button_use_icon=&#8221;off&#8221; button_alignment=&#8221;center&#8221;][\/et_pb_button][\/et_pb_column][et_pb_column _builder_version=&#8221;4.1&#8243; type=&#8221;1_3&#8243;][et_pb_button button_text=&#8221;PDF&#8221; _builder_version=&#8221;4.1&#8243; custom_button=&#8221;on&#8221; button_text_size=&#8221;24px&#8221; button_text_color=&#8221;#f89f56&#8243; hover_enabled=&#8221;0&#8243; button_border_width=&#8221;0px&#8221; button_use_icon=&#8221;off&#8221; button_alignment=&#8221;center&#8221;][\/et_pb_button][\/et_pb_column][\/et_pb_row][et_pb_row _builder_version=&#8221;4.1&#8243; custom_margin=&#8221;40px||||false|false&#8221; hover_enabled=&#8221;0&#8243;][et_pb_column _builder_version=&#8221;4.1&#8243; type=&#8221;4_4&#8243;][et_pb_blurb title=&#8221;Descargar logotipo COCEMFE secundario&#8221; _builder_version=&#8221;4.1&#8243; use_icon=&#8221;on&#8221; font_icon=&#8221;%%266%%&#8221; icon_color=&#8221;#333333&#8243; icon_placement=&#8221;left&#8221; header_text_color=&#8221;#333333&#8243; hover_enabled=&#8221;0&#8243; header_font_size=&#8221;24px&#8221; header_font=&#8221;|700|||||||&#8221; custom_margin=&#8221;40px||||false|false&#8221;][\/et_pb_blurb][\/et_pb_column][\/et_pb_row][et_pb_row _builder_version=&#8221;4.1&#8243; column_structure=&#8221;1_3,1_3,1_3&#8243; custom_margin=&#8221;-20px||||false|false&#8221; hover_enabled=&#8221;0&#8243;][et_pb_column _builder_version=&#8221;4.1&#8243; type=&#8221;1_3&#8243;][et_pb_button button_text=&#8221;JPG&#8221; _builder_version=&#8221;4.1&#8243; custom_button=&#8221;on&#8221; button_text_size=&#8221;24px&#8221; button_text_color=&#8221;#f89f56&#8243; hover_enabled=&#8221;0&#8243; button_border_width=&#8221;0px&#8221; button_use_icon=&#8221;off&#8221; button_alignment=&#8221;center&#8221;][\/et_pb_button][\/et_pb_column][et_pb_column _builder_version=&#8221;4.1&#8243; type=&#8221;1_3&#8243;][et_pb_button button_text=&#8221;PNG&#8221; _builder_version=&#8221;4.1&#8243; custom_button=&#8221;on&#8221; button_text_size=&#8221;24px&#8221; button_text_color=&#8221;#f89f56&#8243; hover_enabled=&#8221;0&#8243; button_border_width=&#8221;0px&#8221; button_use_icon=&#8221;off&#8221; button_alignment=&#8221;center&#8221;][\/et_pb_button][\/et_pb_column][et_pb_column _builder_version=&#8221;4.1&#8243; type=&#8221;1_3&#8243;][et_pb_button button_text=&#8221;PDF&#8221; _builder_version=&#8221;4.1&#8243; custom_button=&#8221;on&#8221; button_text_size=&#8221;24px&#8221; button_text_color=&#8221;#f89f56&#8243; hover_enabled=&#8221;0&#8243; button_border_width=&#8221;0px&#8221; button_use_icon=&#8221;off&#8221; button_alignment=&#8221;center&#8221;][\/et_pb_button][\/et_pb_column][\/et_pb_row][et_pb_row _builder_version=&#8221;4.1&#8243; custom_margin=&#8221;40px||||false|false&#8221; hover_enabled=&#8221;0&#8243;][et_pb_column _builder_version=&#8221;4.1&#8243; type=&#8221;4_4&#8243;][et_pb_blurb title=&#8221;Descargar manual de identidad visual&#8221; _builder_version=&#8221;4.1&#8243; use_icon=&#8221;on&#8221; font_icon=&#8221;%%266%%&#8221; icon_color=&#8221;#333333&#8243; icon_placement=&#8221;left&#8221; header_text_color=&#8221;#333333&#8243; hover_enabled=&#8221;0&#8243; header_font_size=&#8221;24px&#8221; header_font=&#8221;|700|||||||&#8221; custom_margin=&#8221;40px||||false|false&#8221;][\/et_pb_blurb][\/et_pb_column][\/et_pb_row][et_pb_row _builder_version=&#8221;4.1&#8243; custom_margin=&#8221;-20px|0px|80px|0px|false|false&#8221; hover_enabled=&#8221;0&#8243; custom_padding=&#8221;0px|0px|0px|0px|false|false&#8221; width=&#8221;100%&#8221; max_width=&#8221;100%&#8221;][et_pb_column _builder_version=&#8221;4.1&#8243; type=&#8221;4_4&#8243;][et_pb_button button_text=&#8221;PDF&#8221; _builder_version=&#8221;4.1&#8243; custom_button=&#8221;on&#8221; button_text_size=&#8221;24px&#8221; button_text_color=&#8221;#f89f56&#8243; hover_enabled=&#8221;0&#8243; button_border_width=&#8221;0px&#8221; button_use_icon=&#8221;off&#8221; button_alignment=&#8221;center&#8221;][\/et_pb_button][\/et_pb_column][\/et_pb_row][\/et_pb_section]<\/p>\n","protected":false},"excerpt":{"rendered":"<p>[et_pb_section fb_built=&#8221;1&#8243; inner_shadow=&#8221;on&#8221; disabled_on=&#8221;off|off|off&#8221; admin_label=&#8221;banner&#8221; _builder_version=&#8221;4.1&#8243; background_color_gradient_direction=&#8221;94deg&#8221; background_enable_image=&#8221;off&#8221; max_width_tablet=&#8221;&#8221; max_width_phone=&#8221;&#8221; max_width_last_edited=&#8221;on|desktop&#8221; min_height=&#8221;0px&#8221; custom_margin=&#8221;0px||0px||false|false&#8221; custom_padding=&#8221;0px|0px|0px|0px|false|false&#8221; top_divider_color=&#8221;#ea6900&#8243; top_divider_height=&#8221;31px&#8221; top_divider_flip=&#8221;horizontal&#8221; top_divider_height_tablet=&#8221;&#8221; top_divider_height_phone=&#8221;&#8221; top_divider_height_last_edited=&#8221;on|desktop&#8221; bottom_divider_color=&#8221;#1119a3&#8243; bottom_divider_height=&#8221;45px&#8221; bottom_divider_flip=&#8221;horizontal&#8221; custom_css_after=&#8221;display: block;||position: absolute;||content: \u201d;||width: 100px;||height: 100px;||bottom: -50px;||left: 50%;||margin-left: -50px;||background-color: #dddddd; \/** cambia tu color ***\/||-ms-transform: rotate(45deg);||-webkit-transform: rotate(45deg);||transform: rotate(45deg);||z-index: 1;&#8221;][et_pb_row _builder_version=&#8221;4.1&#8243; width=&#8221;100%&#8221; max_width=&#8221;100%&#8221; custom_margin=&#8221;0px||||false|false&#8221; custom_padding=&#8221;0px||0px||false|false&#8221;][et_pb_column type=&#8221;4_4&#8243; _builder_version=&#8221;4.1&#8243;][et_pb_text _builder_version=&#8221;4.1&#8243; text_font=&#8221;|600|||||||&#8221; text_text_color=&#8221;#000000&#8243; text_font_size=&#8221;80px&#8221; custom_margin=&#8221;40px||||false|false&#8221; hover_enabled=&#8221;0&#8243;] [&hellip;]<\/p>\n","protected":false},"author":1,"featured_media":0,"parent":0,"menu_order":0,"comment_status":"open","ping_status":"closed","template":"","meta":{"_et_pb_use_builder":"on","_et_pb_old_content":"","_et_gb_content_width":"","footnotes":""},"yoast_head":"<!-- This site is optimized with the Yoast SEO plugin v21.3 - https:\/\/yoast.com\/wordpress\/plugins\/seo\/ -->\n<title>Identidad Corporativa - Clm-Inclusiva<\/title>\n<meta name=\"robots\" content=\"index, follow, max-snippet:-1, max-image-preview:large, max-video-preview:-1\" \/>\n<link rel=\"canonical\" href=\"https:\/\/clm-inclusiva.org\/?page_id=4933\" \/>\n<meta property=\"og:locale\" content=\"es_ES\" \/>\n<meta property=\"og:type\" content=\"article\" \/>\n<meta property=\"og:title\" content=\"Identidad Corporativa - Clm-Inclusiva\" \/>\n<meta property=\"og:description\" content=\"[et_pb_section fb_built=&#8221;1&#8243; inner_shadow=&#8221;on&#8221; disabled_on=&#8221;off|off|off&#8221; admin_label=&#8221;banner&#8221; _builder_version=&#8221;4.1&#8243; background_color_gradient_direction=&#8221;94deg&#8221; background_enable_image=&#8221;off&#8221; max_width_tablet=&#8221;&#8221; max_width_phone=&#8221;&#8221; max_width_last_edited=&#8221;on|desktop&#8221; min_height=&#8221;0px&#8221; custom_margin=&#8221;0px||0px||false|false&#8221; custom_padding=&#8221;0px|0px|0px|0px|false|false&#8221; top_divider_color=&#8221;#ea6900&#8243; top_divider_height=&#8221;31px&#8221; top_divider_flip=&#8221;horizontal&#8221; top_divider_height_tablet=&#8221;&#8221; top_divider_height_phone=&#8221;&#8221; top_divider_height_last_edited=&#8221;on|desktop&#8221; bottom_divider_color=&#8221;#1119a3&#8243; bottom_divider_height=&#8221;45px&#8221; bottom_divider_flip=&#8221;horizontal&#8221; custom_css_after=&#8221;display: block;||position: absolute;||content: \u201d;||width: 100px;||height: 100px;||bottom: -50px;||left: 50%;||margin-left: -50px;||background-color: #dddddd; \/** cambia tu color ***\/||-ms-transform: rotate(45deg);||-webkit-transform: rotate(45deg);||transform: rotate(45deg);||z-index: 1;&#8221;][et_pb_row _builder_version=&#8221;4.1&#8243; width=&#8221;100%&#8221; max_width=&#8221;100%&#8221; custom_margin=&#8221;0px||||false|false&#8221; custom_padding=&#8221;0px||0px||false|false&#8221;][et_pb_column type=&#8221;4_4&#8243; _builder_version=&#8221;4.1&#8243;][et_pb_text _builder_version=&#8221;4.1&#8243; text_font=&#8221;|600|||||||&#8221; text_text_color=&#8221;#000000&#8243; text_font_size=&#8221;80px&#8221; custom_margin=&#8221;40px||||false|false&#8221; hover_enabled=&#8221;0&#8243;] [&hellip;]\" \/>\n<meta property=\"og:url\" content=\"https:\/\/clm-inclusiva.org\/?page_id=4933\" \/>\n<meta property=\"og:site_name\" content=\"Clm-Inclusiva\" \/>\n<meta property=\"article:publisher\" content=\"https:\/\/www.facebook.com\/castillalamancha.inclusiva\/\" \/>\n<meta property=\"article:modified_time\" content=\"2023-10-02T21:26:39+00:00\" \/>\n<meta name=\"twitter:card\" content=\"summary_large_image\" \/>\n<meta name=\"twitter:site\" content=\"@ClmInclusiva\" \/>\n<meta name=\"twitter:label1\" content=\"Tiempo de lectura\" \/>\n\t<meta name=\"twitter:data1\" content=\"5 minutos\" \/>\n<script type=\"application\/ld+json\" class=\"yoast-schema-graph\">{\"@context\":\"https:\/\/schema.org\",\"@graph\":[{\"@type\":\"WebPage\",\"@id\":\"https:\/\/clm-inclusiva.org\/?page_id=4933\",\"url\":\"https:\/\/clm-inclusiva.org\/?page_id=4933\",\"name\":\"Identidad Corporativa - Clm-Inclusiva\",\"isPartOf\":{\"@id\":\"https:\/\/clm-inclusiva.org\/#website\"},\"datePublished\":\"2023-10-02T21:07:21+00:00\",\"dateModified\":\"2023-10-02T21:26:39+00:00\",\"breadcrumb\":{\"@id\":\"https:\/\/clm-inclusiva.org\/?page_id=4933#breadcrumb\"},\"inLanguage\":\"es\",\"potentialAction\":[{\"@type\":\"ReadAction\",\"target\":[\"https:\/\/clm-inclusiva.org\/?page_id=4933\"]}]},{\"@type\":\"BreadcrumbList\",\"@id\":\"https:\/\/clm-inclusiva.org\/?page_id=4933#breadcrumb\",\"itemListElement\":[{\"@type\":\"ListItem\",\"position\":1,\"name\":\"Portada\",\"item\":\"https:\/\/clm-inclusiva.org\/\"},{\"@type\":\"ListItem\",\"position\":2,\"name\":\"Identidad Corporativa\"}]},{\"@type\":\"WebSite\",\"@id\":\"https:\/\/clm-inclusiva.org\/#website\",\"url\":\"https:\/\/clm-inclusiva.org\/\",\"name\":\"Clm-Inclusiva\",\"description\":\"Confederaci\u00f3n de entidades de personas con discapacidad f\u00edsica y org\u00e1nica CLM\",\"publisher\":{\"@id\":\"https:\/\/clm-inclusiva.org\/#organization\"},\"potentialAction\":[{\"@type\":\"SearchAction\",\"target\":{\"@type\":\"EntryPoint\",\"urlTemplate\":\"https:\/\/clm-inclusiva.org\/?s={search_term_string}\"},\"query-input\":\"required name=search_term_string\"}],\"inLanguage\":\"es\"},{\"@type\":\"Organization\",\"@id\":\"https:\/\/clm-inclusiva.org\/#organization\",\"name\":\"Clm-Inclusiva\",\"url\":\"https:\/\/clm-inclusiva.org\/\",\"logo\":{\"@type\":\"ImageObject\",\"inLanguage\":\"es\",\"@id\":\"https:\/\/clm-inclusiva.org\/#\/schema\/logo\/image\/\",\"url\":\"http:\/\/clm-inclusiva.org\/wp-content\/uploads\/2019\/04\/banner-e1533720812836.jpg\",\"contentUrl\":\"http:\/\/clm-inclusiva.org\/wp-content\/uploads\/2019\/04\/banner-e1533720812836.jpg\",\"width\":600,\"height\":332,\"caption\":\"Clm-Inclusiva\"},\"image\":{\"@id\":\"https:\/\/clm-inclusiva.org\/#\/schema\/logo\/image\/\"},\"sameAs\":[\"https:\/\/www.facebook.com\/castillalamancha.inclusiva\/\",\"https:\/\/twitter.com\/ClmInclusiva\"]}]}<\/script>\n<!-- \/ Yoast SEO plugin. -->","yoast_head_json":{"title":"Identidad Corporativa - Clm-Inclusiva","robots":{"index":"index","follow":"follow","max-snippet":"max-snippet:-1","max-image-preview":"max-image-preview:large","max-video-preview":"max-video-preview:-1"},"canonical":"https:\/\/clm-inclusiva.org\/?page_id=4933","og_locale":"es_ES","og_type":"article","og_title":"Identidad Corporativa - Clm-Inclusiva","og_description":"[et_pb_section fb_built=&#8221;1&#8243; inner_shadow=&#8221;on&#8221; disabled_on=&#8221;off|off|off&#8221; admin_label=&#8221;banner&#8221; _builder_version=&#8221;4.1&#8243; background_color_gradient_direction=&#8221;94deg&#8221; background_enable_image=&#8221;off&#8221; max_width_tablet=&#8221;&#8221; max_width_phone=&#8221;&#8221; max_width_last_edited=&#8221;on|desktop&#8221; min_height=&#8221;0px&#8221; custom_margin=&#8221;0px||0px||false|false&#8221; custom_padding=&#8221;0px|0px|0px|0px|false|false&#8221; top_divider_color=&#8221;#ea6900&#8243; top_divider_height=&#8221;31px&#8221; top_divider_flip=&#8221;horizontal&#8221; top_divider_height_tablet=&#8221;&#8221; top_divider_height_phone=&#8221;&#8221; top_divider_height_last_edited=&#8221;on|desktop&#8221; bottom_divider_color=&#8221;#1119a3&#8243; bottom_divider_height=&#8221;45px&#8221; bottom_divider_flip=&#8221;horizontal&#8221; custom_css_after=&#8221;display: block;||position: absolute;||content: \u201d;||width: 100px;||height: 100px;||bottom: -50px;||left: 50%;||margin-left: -50px;||background-color: #dddddd; \/** cambia tu color ***\/||-ms-transform: rotate(45deg);||-webkit-transform: rotate(45deg);||transform: rotate(45deg);||z-index: 1;&#8221;][et_pb_row _builder_version=&#8221;4.1&#8243; width=&#8221;100%&#8221; max_width=&#8221;100%&#8221; custom_margin=&#8221;0px||||false|false&#8221; custom_padding=&#8221;0px||0px||false|false&#8221;][et_pb_column type=&#8221;4_4&#8243; _builder_version=&#8221;4.1&#8243;][et_pb_text _builder_version=&#8221;4.1&#8243; text_font=&#8221;|600|||||||&#8221; text_text_color=&#8221;#000000&#8243; text_font_size=&#8221;80px&#8221; custom_margin=&#8221;40px||||false|false&#8221; hover_enabled=&#8221;0&#8243;] [&hellip;]","og_url":"https:\/\/clm-inclusiva.org\/?page_id=4933","og_site_name":"Clm-Inclusiva","article_publisher":"https:\/\/www.facebook.com\/castillalamancha.inclusiva\/","article_modified_time":"2023-10-02T21:26:39+00:00","twitter_card":"summary_large_image","twitter_site":"@ClmInclusiva","twitter_misc":{"Tiempo de lectura":"5 minutos"},"schema":{"@context":"https:\/\/schema.org","@graph":[{"@type":"WebPage","@id":"https:\/\/clm-inclusiva.org\/?page_id=4933","url":"https:\/\/clm-inclusiva.org\/?page_id=4933","name":"Identidad Corporativa - Clm-Inclusiva","isPartOf":{"@id":"https:\/\/clm-inclusiva.org\/#website"},"datePublished":"2023-10-02T21:07:21+00:00","dateModified":"2023-10-02T21:26:39+00:00","breadcrumb":{"@id":"https:\/\/clm-inclusiva.org\/?page_id=4933#breadcrumb"},"inLanguage":"es","potentialAction":[{"@type":"ReadAction","target":["https:\/\/clm-inclusiva.org\/?page_id=4933"]}]},{"@type":"BreadcrumbList","@id":"https:\/\/clm-inclusiva.org\/?page_id=4933#breadcrumb","itemListElement":[{"@type":"ListItem","position":1,"name":"Portada","item":"https:\/\/clm-inclusiva.org\/"},{"@type":"ListItem","position":2,"name":"Identidad Corporativa"}]},{"@type":"WebSite","@id":"https:\/\/clm-inclusiva.org\/#website","url":"https:\/\/clm-inclusiva.org\/","name":"Clm-Inclusiva","description":"Confederaci\u00f3n de entidades de personas con discapacidad f\u00edsica y org\u00e1nica CLM","publisher":{"@id":"https:\/\/clm-inclusiva.org\/#organization"},"potentialAction":[{"@type":"SearchAction","target":{"@type":"EntryPoint","urlTemplate":"https:\/\/clm-inclusiva.org\/?s={search_term_string}"},"query-input":"required name=search_term_string"}],"inLanguage":"es"},{"@type":"Organization","@id":"https:\/\/clm-inclusiva.org\/#organization","name":"Clm-Inclusiva","url":"https:\/\/clm-inclusiva.org\/","logo":{"@type":"ImageObject","inLanguage":"es","@id":"https:\/\/clm-inclusiva.org\/#\/schema\/logo\/image\/","url":"http:\/\/clm-inclusiva.org\/wp-content\/uploads\/2019\/04\/banner-e1533720812836.jpg","contentUrl":"http:\/\/clm-inclusiva.org\/wp-content\/uploads\/2019\/04\/banner-e1533720812836.jpg","width":600,"height":332,"caption":"Clm-Inclusiva"},"image":{"@id":"https:\/\/clm-inclusiva.org\/#\/schema\/logo\/image\/"},"sameAs":["https:\/\/www.facebook.com\/castillalamancha.inclusiva\/","https:\/\/twitter.com\/ClmInclusiva"]}]}},"_links":{"self":[{"href":"https:\/\/clm-inclusiva.org\/index.php?rest_route=\/wp\/v2\/pages\/4933"}],"collection":[{"href":"https:\/\/clm-inclusiva.org\/index.php?rest_route=\/wp\/v2\/pages"}],"about":[{"href":"https:\/\/clm-inclusiva.org\/index.php?rest_route=\/wp\/v2\/types\/page"}],"author":[{"embeddable":true,"href":"https:\/\/clm-inclusiva.org\/index.php?rest_route=\/wp\/v2\/users\/1"}],"replies":[{"embeddable":true,"href":"https:\/\/clm-inclusiva.org\/index.php?rest_route=%2Fwp%2Fv2%2Fcomments&post=4933"}],"version-history":[{"count":3,"href":"https:\/\/clm-inclusiva.org\/index.php?rest_route=\/wp\/v2\/pages\/4933\/revisions"}],"predecessor-version":[{"id":4937,"href":"https:\/\/clm-inclusiva.org\/index.php?rest_route=\/wp\/v2\/pages\/4933\/revisions\/4937"}],"wp:attachment":[{"href":"https:\/\/clm-inclusiva.org\/index.php?rest_route=%2Fwp%2Fv2%2Fmedia&parent=4933"}],"curies":[{"name":"wp","href":"https:\/\/api.w.org\/{rel}","templated":true}]}}