{"id":4667,"date":"2023-03-24T12:50:28","date_gmt":"2023-03-24T10:50:28","guid":{"rendered":"http:\/\/clm-inclusiva.org\/?page_id=4667"},"modified":"2023-03-25T09:57:45","modified_gmt":"2023-03-25T07:57:45","slug":"que-hacemos","status":"publish","type":"page","link":"https:\/\/clm-inclusiva.org\/?page_id=4667","title":{"rendered":"Qu\u00e9 Hacemos"},"content":{"rendered":"<p>[et_pb_section fb_built=&#8221;1&#8243; admin_label=&#8221;section&#8221; _builder_version=&#8221;4.1&#8243; parallax=&#8221;on&#8221; custom_margin=&#8221;0px||||false|false&#8221; custom_padding=&#8221;0px||0px||false|false&#8221; collapsed=&#8221;off&#8221;][et_pb_row _builder_version=&#8221;4.1&#8243; width=&#8221;100%&#8221; max_width=&#8221;100%&#8221; custom_margin=&#8221;0px||0px||false|false&#8221; custom_padding=&#8221;0px||0px||false|false&#8221;][et_pb_column type=&#8221;4_4&#8243; _builder_version=&#8221;4.1&#8243;][et_pb_image src=&#8221;http:\/\/clm-inclusiva.org\/wp-content\/uploads\/2023\/03\/Que-Hacemos-1.jpg&#8221; _builder_version=&#8221;4.1&#8243;][\/et_pb_image][\/et_pb_column][\/et_pb_row][et_pb_row _builder_version=&#8221;4.1&#8243; background_color=&#8221;#3e9b8f&#8221; width=&#8221;100%&#8221; max_width=&#8221;100%&#8221;][et_pb_column type=&#8221;4_4&#8243; _builder_version=&#8221;4.1&#8243;][et_pb_text _builder_version=&#8221;4.1&#8243; text_font=&#8221;|700|||||||&#8221; text_text_color=&#8221;#ffffff&#8221; text_font_size=&#8221;50px&#8221; text_orientation=&#8221;center&#8221;]<\/p>\n<p>Albacete<\/p>\n<p>[\/et_pb_text][\/et_pb_column][\/et_pb_row][et_pb_row column_structure=&#8221;2_5,3_5&#8243; _builder_version=&#8221;4.1&#8243;][et_pb_column type=&#8221;2_5&#8243; _builder_version=&#8221;4.1&#8243;][et_pb_blurb title=&#8221;Direcci\u00f3n&#8221; use_icon=&#8221;on&#8221; font_icon=&#8221;%%122%%&#8221; icon_color=&#8221;#ee7901&#8243; icon_placement=&#8221;left&#8221; _builder_version=&#8221;4.1&#8243;]<\/p>\n<p>C\/ Alcalde Conangla, 66<br \/> 02001<br \/> Albacete<\/p>\n<p>[\/et_pb_blurb][et_pb_blurb title=&#8221;Contacto&#8221; use_icon=&#8221;on&#8221; font_icon=&#8221;%%131%%&#8221; icon_color=&#8221;#ee7901&#8243; icon_placement=&#8221;left&#8221; _builder_version=&#8221;4.1&#8243;]<\/p>\n<p>967 66 81 31<br \/> <a href=\"mailto:cescobar@clm-inclusiva.org\" style=\"color: #ee7901;\">cescobar@clm-inclusiva.org<\/a><\/p>\n<p>[\/et_pb_blurb][et_pb_blurb title=&#8221;Horario&#8221; use_icon=&#8221;on&#8221; font_icon=&#8221;%%92%%&#8221; icon_color=&#8221;#ee7901&#8243; icon_placement=&#8221;left&#8221; _builder_version=&#8221;4.1&#8243;]<\/p>\n<p>9:00 a 14:00 de Lunes a Viernes<\/p>\n<p>[\/et_pb_blurb][\/et_pb_column][et_pb_column type=&#8221;3_5&#8243; _builder_version=&#8221;4.1&#8243;][et_pb_code _builder_version=&#8221;4.1&#8243;]<iframe src=\"https:\/\/www.google.com\/maps\/embed?pb=!1m18!1m12!1m3!1d3101.005205977915!2d-1.8498348843818715!3d38.992377548944376!2m3!1f0!2f0!3f0!3m2!1i1024!2i768!4f13.1!3m3!1m2!1s0xd665feb13854a19%3A0x229303755cda6466!2sC.%20Alcalde%20Conangla%2C%2066%2C%2002001%20Albacete!5e0!3m2!1ses!2ses!4v1679655654094!5m2!1ses!2ses\" width=\"600\" height=\"450\" style=\"border:0;\" allowfullscreen=\"\" loading=\"lazy\" referrerpolicy=\"no-referrer-when-downgrade\"><\/iframe>[\/et_pb_code][\/et_pb_column][\/et_pb_row][et_pb_row _builder_version=&#8221;4.1&#8243; background_color=&#8221;#3e9b8f&#8221; width=&#8221;100%&#8221; max_width=&#8221;100%&#8221;][et_pb_column type=&#8221;4_4&#8243; _builder_version=&#8221;4.1&#8243;][et_pb_text _builder_version=&#8221;4.1&#8243; text_font=&#8221;|700|||||||&#8221; text_text_color=&#8221;#ffffff&#8221; text_font_size=&#8221;50px&#8221; text_orientation=&#8221;center&#8221;]<\/p>\n<p>Ciudad Real<\/p>\n<p>[\/et_pb_text][\/et_pb_column][\/et_pb_row][et_pb_row column_structure=&#8221;2_5,3_5&#8243; _builder_version=&#8221;4.1&#8243;][et_pb_column type=&#8221;2_5&#8243; _builder_version=&#8221;4.1&#8243;][et_pb_blurb title=&#8221;Direcci\u00f3n&#8221; use_icon=&#8221;on&#8221; font_icon=&#8221;%%122%%&#8221; icon_color=&#8221;#ee7901&#8243; icon_placement=&#8221;left&#8221; _builder_version=&#8221;4.1&#8243;]<\/p>\n<p>Plaza Escultor Joaqu\u00edn Garc\u00eda Donaire, n\u00ba 2<br \/>13004<br \/>Ciudad Real<\/p>\n<p>[\/et_pb_blurb][et_pb_blurb title=&#8221;Contacto&#8221; use_icon=&#8221;on&#8221; font_icon=&#8221;%%131%%&#8221; icon_color=&#8221;#ee7901&#8243; icon_placement=&#8221;left&#8221; _builder_version=&#8221;4.1&#8243;]926 10 50 58<br \/>\n<a href=\"mailto:ciudadreal@clm-inclusiva.org\" style=\"color: #ee7901;\">ciudadreal@clm-inclusiva.org<\/a>[\/et_pb_blurb][et_pb_blurb title=&#8221;Horario&#8221; use_icon=&#8221;on&#8221; font_icon=&#8221;%%92%%&#8221; icon_color=&#8221;#ee7901&#8243; icon_placement=&#8221;left&#8221; _builder_version=&#8221;4.1&#8243;]<\/p>\n<p>9:00 a 14:00 de Lunes a Viernes<\/p>\n<p>[\/et_pb_blurb][\/et_pb_column][et_pb_column type=&#8221;3_5&#8243; _builder_version=&#8221;4.1&#8243;][et_pb_code _builder_version=&#8221;4.1&#8243;]<iframe src=\"https:\/\/www.google.com\/maps\/embed?pb=!1m18!1m12!1m3!1d3101.299937981407!2d-3.921563084382006!3d38.985650449341634!2m3!1f0!2f0!3f0!3m2!1i1024!2i768!4f13.1!3m3!1m2!1s0xd6bc34773cefd83%3A0x8fab5c09ca523a2d!2sPl.%20Escultor%20Joaqu%C3%ADn%20Garc%C3%ADa%20Donaire%2C%202%2C%2013004%20Ciudad%20Real!5e0!3m2!1ses!2ses!4v1679656727540!5m2!1ses!2ses\" width=\"600\" height=\"450\" style=\"border:0;\" allowfullscreen=\"\" loading=\"lazy\" referrerpolicy=\"no-referrer-when-downgrade\"><\/iframe>[\/et_pb_code][\/et_pb_column][\/et_pb_row][et_pb_row _builder_version=&#8221;4.1&#8243; background_color=&#8221;#3e9b8f&#8221; width=&#8221;100%&#8221; max_width=&#8221;100%&#8221;][et_pb_column type=&#8221;4_4&#8243; _builder_version=&#8221;4.1&#8243;][et_pb_text _builder_version=&#8221;4.1&#8243; text_font=&#8221;|700|||||||&#8221; text_text_color=&#8221;#ffffff&#8221; text_font_size=&#8221;50px&#8221; text_orientation=&#8221;center&#8221; hover_enabled=&#8221;0&#8243; text_line_height=&#8221;1.5em&#8221;]<\/p>\n<p>Puertollano (Ciudad Real)<\/p>\n<p>[\/et_pb_text][\/et_pb_column][\/et_pb_row][et_pb_row column_structure=&#8221;2_5,3_5&#8243; _builder_version=&#8221;4.1&#8243;][et_pb_column type=&#8221;2_5&#8243; _builder_version=&#8221;4.1&#8243;][et_pb_blurb title=&#8221;Direcci\u00f3n&#8221; use_icon=&#8221;on&#8221; font_icon=&#8221;%%122%%&#8221; icon_color=&#8221;#ee7901&#8243; icon_placement=&#8221;left&#8221; _builder_version=&#8221;4.1&#8243;]C\/ Reina Sof\u00eda, 2<br \/>\n13500<br \/>\nPuertollano (Ciudad Real)[\/et_pb_blurb][et_pb_blurb title=&#8221;Contacto&#8221; use_icon=&#8221;on&#8221; font_icon=&#8221;%%131%%&#8221; icon_color=&#8221;#ee7901&#8243; icon_placement=&#8221;left&#8221; _builder_version=&#8221;4.1&#8243;]926 10 50 58<br \/>\n<a href=\"mailto:puertollano@clm-inclusiva.org\" style=\"color: #ee7901;\">puertollano@clm-inclusiva.org<\/a>[\/et_pb_blurb][et_pb_blurb title=&#8221;Horario&#8221; use_icon=&#8221;on&#8221; font_icon=&#8221;%%92%%&#8221; icon_color=&#8221;#ee7901&#8243; icon_placement=&#8221;left&#8221; _builder_version=&#8221;4.1&#8243;]<\/p>\n<p>9:00 a 14:00 de Lunes a Viernes<\/p>\n<p>[\/et_pb_blurb][\/et_pb_column][et_pb_column type=&#8221;3_5&#8243; _builder_version=&#8221;4.1&#8243;][et_pb_code _builder_version=&#8221;4.1&#8243;]<iframe src=\"https:\/\/www.google.com\/maps\/embed?pb=!1m18!1m12!1m3!1d3113.5869749174517!2d-4.117460584387951!3d38.70433066590583!2m3!1f0!2f0!3f0!3m2!1i1024!2i768!4f13.1!3m3!1m2!1s0xd6b8c54847f8e0d%3A0x4fa386d9e9a684a5!2sCalle%20R.%20Sofia%2C%202%2C%2013500%20Puertollano%2C%20Ciudad%20Real!5e0!3m2!1ses!2ses!4v1679656873686!5m2!1ses!2ses\" width=\"600\" height=\"450\" style=\"border:0;\" allowfullscreen=\"\" loading=\"lazy\" referrerpolicy=\"no-referrer-when-downgrade\"><\/iframe>[\/et_pb_code][\/et_pb_column][\/et_pb_row][et_pb_row _builder_version=&#8221;4.1&#8243; background_color=&#8221;#3e9b8f&#8221; width=&#8221;100%&#8221; max_width=&#8221;100%&#8221;][et_pb_column type=&#8221;4_4&#8243; _builder_version=&#8221;4.1&#8243;][et_pb_text _builder_version=&#8221;4.1&#8243; text_font=&#8221;|700|||||||&#8221; text_text_color=&#8221;#ffffff&#8221; text_font_size=&#8221;50px&#8221; text_orientation=&#8221;center&#8221;]<\/p>\n<p>Cuenca<\/p>\n<p>[\/et_pb_text][\/et_pb_column][\/et_pb_row][et_pb_row column_structure=&#8221;2_5,3_5&#8243; _builder_version=&#8221;4.1&#8243;][et_pb_column type=&#8221;2_5&#8243; _builder_version=&#8221;4.1&#8243;][et_pb_blurb title=&#8221;Direcci\u00f3n&#8221; use_icon=&#8221;on&#8221; font_icon=&#8221;%%122%%&#8221; icon_color=&#8221;#ee7901&#8243; icon_placement=&#8221;left&#8221; _builder_version=&#8221;4.1&#8243;]<\/p>\n<p>C\/ Juan Martino, 2 Bajo<br \/>16003<br \/> Cuenca<\/p>\n<p>[\/et_pb_blurb][et_pb_blurb title=&#8221;Contacto&#8221; use_icon=&#8221;on&#8221; font_icon=&#8221;%%131%%&#8221; icon_color=&#8221;#ee7901&#8243; icon_placement=&#8221;left&#8221; _builder_version=&#8221;4.1&#8243;]969 08 30 04<br \/>\n<a href=\"mailto:cuenca@clm-inclusiva.org\" style=\"color: #ee7901;\">cuenca@clm-inclusiva.org<\/a>[\/et_pb_blurb][et_pb_blurb title=&#8221;Horario&#8221; use_icon=&#8221;on&#8221; font_icon=&#8221;%%92%%&#8221; icon_color=&#8221;#ee7901&#8243; icon_placement=&#8221;left&#8221; _builder_version=&#8221;4.1&#8243;]<\/p>\n<p>9:00 a 14:00 de Lunes a Viernes<\/p>\n<p>[\/et_pb_blurb][\/et_pb_column][et_pb_column type=&#8221;3_5&#8243; _builder_version=&#8221;4.1&#8243;][et_pb_code _builder_version=&#8221;4.1&#8243;]<iframe src=\"https:\/\/www.google.com\/maps\/embed?pb=!1m18!1m12!1m3!1d3053.4128097150983!2d-2.1437575843587657!3d40.066203084806375!2m3!1f0!2f0!3f0!3m2!1i1024!2i768!4f13.1!3m3!1m2!1s0xd5d6760e68d2ca3%3A0x307a5168a711ed1a!2sC.%20Juan%20Martino%2C%202%2C%2016003%20Cuenca!5e0!3m2!1ses!2ses!4v1679657070234!5m2!1ses!2ses\" width=\"600\" height=\"450\" style=\"border:0;\" allowfullscreen=\"\" loading=\"lazy\" referrerpolicy=\"no-referrer-when-downgrade\"><\/iframe>[\/et_pb_code][\/et_pb_column][\/et_pb_row][\/et_pb_section]<\/p>\n","protected":false},"excerpt":{"rendered":"<p>[et_pb_section fb_built=&#8221;1&#8243; admin_label=&#8221;section&#8221; _builder_version=&#8221;4.1&#8243; parallax=&#8221;on&#8221; custom_margin=&#8221;0px||||false|false&#8221; custom_padding=&#8221;0px||0px||false|false&#8221; collapsed=&#8221;off&#8221;][et_pb_row _builder_version=&#8221;4.1&#8243; width=&#8221;100%&#8221; max_width=&#8221;100%&#8221; custom_margin=&#8221;0px||0px||false|false&#8221; custom_padding=&#8221;0px||0px||false|false&#8221;][et_pb_column type=&#8221;4_4&#8243; _builder_version=&#8221;4.1&#8243;][et_pb_image src=&#8221;http:\/\/clm-inclusiva.org\/wp-content\/uploads\/2023\/03\/Que-Hacemos-1.jpg&#8221; _builder_version=&#8221;4.1&#8243;][\/et_pb_image][\/et_pb_column][\/et_pb_row][et_pb_row _builder_version=&#8221;4.1&#8243; background_color=&#8221;#3e9b8f&#8221; width=&#8221;100%&#8221; max_width=&#8221;100%&#8221;][et_pb_column type=&#8221;4_4&#8243; _builder_version=&#8221;4.1&#8243;][et_pb_text _builder_version=&#8221;4.1&#8243; text_font=&#8221;|700|||||||&#8221; text_text_color=&#8221;#ffffff&#8221; text_font_size=&#8221;50px&#8221; text_orientation=&#8221;center&#8221;] Albacete [\/et_pb_text][\/et_pb_column][\/et_pb_row][et_pb_row column_structure=&#8221;2_5,3_5&#8243; _builder_version=&#8221;4.1&#8243;][et_pb_column type=&#8221;2_5&#8243; _builder_version=&#8221;4.1&#8243;][et_pb_blurb title=&#8221;Direcci\u00f3n&#8221; use_icon=&#8221;on&#8221; font_icon=&#8221;%%122%%&#8221; icon_color=&#8221;#ee7901&#8243; icon_placement=&#8221;left&#8221; _builder_version=&#8221;4.1&#8243;] C\/ Alcalde Conangla, 66 02001 Albacete [\/et_pb_blurb][et_pb_blurb title=&#8221;Contacto&#8221; use_icon=&#8221;on&#8221; font_icon=&#8221;%%131%%&#8221; icon_color=&#8221;#ee7901&#8243; icon_placement=&#8221;left&#8221; _builder_version=&#8221;4.1&#8243;] 967 66 [&hellip;]<\/p>\n","protected":false},"author":1,"featured_media":0,"parent":0,"menu_order":0,"comment_status":"closed","ping_status":"closed","template":"","meta":{"_et_pb_use_builder":"on","_et_pb_old_content":"\t\t\t\t\r\n\t\t\t\t[responsivevoice_button voice=\"Spanish Female\" buttontext=\"Reproducir\"]\r\n\t\t\t\t","_et_gb_content_width":"","footnotes":""},"yoast_head":"<!-- This site is optimized with the Yoast SEO plugin v21.3 - https:\/\/yoast.com\/wordpress\/plugins\/seo\/ -->\n<title>Qu\u00e9 Hacemos - Clm-Inclusiva<\/title>\n<meta name=\"robots\" content=\"index, follow, max-snippet:-1, max-image-preview:large, max-video-preview:-1\" \/>\n<link rel=\"canonical\" href=\"https:\/\/clm-inclusiva.org\/?page_id=4667\" \/>\n<meta property=\"og:locale\" content=\"es_ES\" \/>\n<meta property=\"og:type\" content=\"article\" \/>\n<meta property=\"og:title\" content=\"Qu\u00e9 Hacemos - Clm-Inclusiva\" \/>\n<meta property=\"og:description\" content=\"[et_pb_section fb_built=&#8221;1&#8243; admin_label=&#8221;section&#8221; _builder_version=&#8221;4.1&#8243; parallax=&#8221;on&#8221; custom_margin=&#8221;0px||||false|false&#8221; custom_padding=&#8221;0px||0px||false|false&#8221; collapsed=&#8221;off&#8221;][et_pb_row _builder_version=&#8221;4.1&#8243; width=&#8221;100%&#8221; max_width=&#8221;100%&#8221; custom_margin=&#8221;0px||0px||false|false&#8221; custom_padding=&#8221;0px||0px||false|false&#8221;][et_pb_column type=&#8221;4_4&#8243; _builder_version=&#8221;4.1&#8243;][et_pb_image src=&#8221;http:\/\/clm-inclusiva.org\/wp-content\/uploads\/2023\/03\/Que-Hacemos-1.jpg&#8221; _builder_version=&#8221;4.1&#8243;][\/et_pb_image][\/et_pb_column][\/et_pb_row][et_pb_row _builder_version=&#8221;4.1&#8243; background_color=&#8221;#3e9b8f&#8221; width=&#8221;100%&#8221; max_width=&#8221;100%&#8221;][et_pb_column type=&#8221;4_4&#8243; _builder_version=&#8221;4.1&#8243;][et_pb_text _builder_version=&#8221;4.1&#8243; text_font=&#8221;|700|||||||&#8221; text_text_color=&#8221;#ffffff&#8221; text_font_size=&#8221;50px&#8221; text_orientation=&#8221;center&#8221;] Albacete [\/et_pb_text][\/et_pb_column][\/et_pb_row][et_pb_row column_structure=&#8221;2_5,3_5&#8243; _builder_version=&#8221;4.1&#8243;][et_pb_column type=&#8221;2_5&#8243; _builder_version=&#8221;4.1&#8243;][et_pb_blurb title=&#8221;Direcci\u00f3n&#8221; use_icon=&#8221;on&#8221; font_icon=&#8221;&#8221; icon_color=&#8221;#ee7901&#8243; icon_placement=&#8221;left&#8221; _builder_version=&#8221;4.1&#8243;] C\/ Alcalde Conangla, 66 02001 Albacete [\/et_pb_blurb][et_pb_blurb title=&#8221;Contacto&#8221; use_icon=&#8221;on&#8221; font_icon=&#8221;&#8221; icon_color=&#8221;#ee7901&#8243; icon_placement=&#8221;left&#8221; _builder_version=&#8221;4.1&#8243;] 967 66 [&hellip;]\" \/>\n<meta property=\"og:url\" content=\"https:\/\/clm-inclusiva.org\/?page_id=4667\" \/>\n<meta property=\"og:site_name\" content=\"Clm-Inclusiva\" \/>\n<meta property=\"article:publisher\" content=\"https:\/\/www.facebook.com\/castillalamancha.inclusiva\/\" \/>\n<meta property=\"article:modified_time\" content=\"2023-03-25T07:57:45+00:00\" \/>\n<meta name=\"twitter:card\" content=\"summary_large_image\" \/>\n<meta name=\"twitter:site\" content=\"@ClmInclusiva\" \/>\n<meta name=\"twitter:label1\" content=\"Tiempo de lectura\" \/>\n\t<meta name=\"twitter:data1\" content=\"4 minutos\" \/>\n<script type=\"application\/ld+json\" class=\"yoast-schema-graph\">{\"@context\":\"https:\/\/schema.org\",\"@graph\":[{\"@type\":\"WebPage\",\"@id\":\"https:\/\/clm-inclusiva.org\/?page_id=4667\",\"url\":\"https:\/\/clm-inclusiva.org\/?page_id=4667\",\"name\":\"Qu\u00e9 Hacemos - Clm-Inclusiva\",\"isPartOf\":{\"@id\":\"https:\/\/clm-inclusiva.org\/#website\"},\"datePublished\":\"2023-03-24T10:50:28+00:00\",\"dateModified\":\"2023-03-25T07:57:45+00:00\",\"breadcrumb\":{\"@id\":\"https:\/\/clm-inclusiva.org\/?page_id=4667#breadcrumb\"},\"inLanguage\":\"es\",\"potentialAction\":[{\"@type\":\"ReadAction\",\"target\":[\"https:\/\/clm-inclusiva.org\/?page_id=4667\"]}]},{\"@type\":\"BreadcrumbList\",\"@id\":\"https:\/\/clm-inclusiva.org\/?page_id=4667#breadcrumb\",\"itemListElement\":[{\"@type\":\"ListItem\",\"position\":1,\"name\":\"Portada\",\"item\":\"https:\/\/clm-inclusiva.org\/\"},{\"@type\":\"ListItem\",\"position\":2,\"name\":\"Qu\u00e9 Hacemos\"}]},{\"@type\":\"WebSite\",\"@id\":\"https:\/\/clm-inclusiva.org\/#website\",\"url\":\"https:\/\/clm-inclusiva.org\/\",\"name\":\"Clm-Inclusiva\",\"description\":\"Confederaci\u00f3n de entidades de personas con discapacidad f\u00edsica y org\u00e1nica CLM\",\"publisher\":{\"@id\":\"https:\/\/clm-inclusiva.org\/#organization\"},\"potentialAction\":[{\"@type\":\"SearchAction\",\"target\":{\"@type\":\"EntryPoint\",\"urlTemplate\":\"https:\/\/clm-inclusiva.org\/?s={search_term_string}\"},\"query-input\":\"required name=search_term_string\"}],\"inLanguage\":\"es\"},{\"@type\":\"Organization\",\"@id\":\"https:\/\/clm-inclusiva.org\/#organization\",\"name\":\"Clm-Inclusiva\",\"url\":\"https:\/\/clm-inclusiva.org\/\",\"logo\":{\"@type\":\"ImageObject\",\"inLanguage\":\"es\",\"@id\":\"https:\/\/clm-inclusiva.org\/#\/schema\/logo\/image\/\",\"url\":\"http:\/\/clm-inclusiva.org\/wp-content\/uploads\/2019\/04\/banner-e1533720812836.jpg\",\"contentUrl\":\"http:\/\/clm-inclusiva.org\/wp-content\/uploads\/2019\/04\/banner-e1533720812836.jpg\",\"width\":600,\"height\":332,\"caption\":\"Clm-Inclusiva\"},\"image\":{\"@id\":\"https:\/\/clm-inclusiva.org\/#\/schema\/logo\/image\/\"},\"sameAs\":[\"https:\/\/www.facebook.com\/castillalamancha.inclusiva\/\",\"https:\/\/twitter.com\/ClmInclusiva\"]}]}<\/script>\n<!-- \/ Yoast SEO plugin. -->","yoast_head_json":{"title":"Qu\u00e9 Hacemos - Clm-Inclusiva","robots":{"index":"index","follow":"follow","max-snippet":"max-snippet:-1","max-image-preview":"max-image-preview:large","max-video-preview":"max-video-preview:-1"},"canonical":"https:\/\/clm-inclusiva.org\/?page_id=4667","og_locale":"es_ES","og_type":"article","og_title":"Qu\u00e9 Hacemos - Clm-Inclusiva","og_description":"[et_pb_section fb_built=&#8221;1&#8243; admin_label=&#8221;section&#8221; _builder_version=&#8221;4.1&#8243; parallax=&#8221;on&#8221; custom_margin=&#8221;0px||||false|false&#8221; custom_padding=&#8221;0px||0px||false|false&#8221; collapsed=&#8221;off&#8221;][et_pb_row _builder_version=&#8221;4.1&#8243; width=&#8221;100%&#8221; max_width=&#8221;100%&#8221; custom_margin=&#8221;0px||0px||false|false&#8221; custom_padding=&#8221;0px||0px||false|false&#8221;][et_pb_column type=&#8221;4_4&#8243; _builder_version=&#8221;4.1&#8243;][et_pb_image src=&#8221;http:\/\/clm-inclusiva.org\/wp-content\/uploads\/2023\/03\/Que-Hacemos-1.jpg&#8221; _builder_version=&#8221;4.1&#8243;][\/et_pb_image][\/et_pb_column][\/et_pb_row][et_pb_row _builder_version=&#8221;4.1&#8243; background_color=&#8221;#3e9b8f&#8221; width=&#8221;100%&#8221; max_width=&#8221;100%&#8221;][et_pb_column type=&#8221;4_4&#8243; _builder_version=&#8221;4.1&#8243;][et_pb_text _builder_version=&#8221;4.1&#8243; text_font=&#8221;|700|||||||&#8221; text_text_color=&#8221;#ffffff&#8221; text_font_size=&#8221;50px&#8221; text_orientation=&#8221;center&#8221;] Albacete [\/et_pb_text][\/et_pb_column][\/et_pb_row][et_pb_row column_structure=&#8221;2_5,3_5&#8243; _builder_version=&#8221;4.1&#8243;][et_pb_column type=&#8221;2_5&#8243; _builder_version=&#8221;4.1&#8243;][et_pb_blurb title=&#8221;Direcci\u00f3n&#8221; use_icon=&#8221;on&#8221; font_icon=&#8221;&#8221; icon_color=&#8221;#ee7901&#8243; icon_placement=&#8221;left&#8221; _builder_version=&#8221;4.1&#8243;] C\/ Alcalde Conangla, 66 02001 Albacete [\/et_pb_blurb][et_pb_blurb title=&#8221;Contacto&#8221; use_icon=&#8221;on&#8221; font_icon=&#8221;&#8221; icon_color=&#8221;#ee7901&#8243; icon_placement=&#8221;left&#8221; _builder_version=&#8221;4.1&#8243;] 967 66 [&hellip;]","og_url":"https:\/\/clm-inclusiva.org\/?page_id=4667","og_site_name":"Clm-Inclusiva","article_publisher":"https:\/\/www.facebook.com\/castillalamancha.inclusiva\/","article_modified_time":"2023-03-25T07:57:45+00:00","twitter_card":"summary_large_image","twitter_site":"@ClmInclusiva","twitter_misc":{"Tiempo de lectura":"4 minutos"},"schema":{"@context":"https:\/\/schema.org","@graph":[{"@type":"WebPage","@id":"https:\/\/clm-inclusiva.org\/?page_id=4667","url":"https:\/\/clm-inclusiva.org\/?page_id=4667","name":"Qu\u00e9 Hacemos - Clm-Inclusiva","isPartOf":{"@id":"https:\/\/clm-inclusiva.org\/#website"},"datePublished":"2023-03-24T10:50:28+00:00","dateModified":"2023-03-25T07:57:45+00:00","breadcrumb":{"@id":"https:\/\/clm-inclusiva.org\/?page_id=4667#breadcrumb"},"inLanguage":"es","potentialAction":[{"@type":"ReadAction","target":["https:\/\/clm-inclusiva.org\/?page_id=4667"]}]},{"@type":"BreadcrumbList","@id":"https:\/\/clm-inclusiva.org\/?page_id=4667#breadcrumb","itemListElement":[{"@type":"ListItem","position":1,"name":"Portada","item":"https:\/\/clm-inclusiva.org\/"},{"@type":"ListItem","position":2,"name":"Qu\u00e9 Hacemos"}]},{"@type":"WebSite","@id":"https:\/\/clm-inclusiva.org\/#website","url":"https:\/\/clm-inclusiva.org\/","name":"Clm-Inclusiva","description":"Confederaci\u00f3n de entidades de personas con discapacidad f\u00edsica y org\u00e1nica CLM","publisher":{"@id":"https:\/\/clm-inclusiva.org\/#organization"},"potentialAction":[{"@type":"SearchAction","target":{"@type":"EntryPoint","urlTemplate":"https:\/\/clm-inclusiva.org\/?s={search_term_string}"},"query-input":"required name=search_term_string"}],"inLanguage":"es"},{"@type":"Organization","@id":"https:\/\/clm-inclusiva.org\/#organization","name":"Clm-Inclusiva","url":"https:\/\/clm-inclusiva.org\/","logo":{"@type":"ImageObject","inLanguage":"es","@id":"https:\/\/clm-inclusiva.org\/#\/schema\/logo\/image\/","url":"http:\/\/clm-inclusiva.org\/wp-content\/uploads\/2019\/04\/banner-e1533720812836.jpg","contentUrl":"http:\/\/clm-inclusiva.org\/wp-content\/uploads\/2019\/04\/banner-e1533720812836.jpg","width":600,"height":332,"caption":"Clm-Inclusiva"},"image":{"@id":"https:\/\/clm-inclusiva.org\/#\/schema\/logo\/image\/"},"sameAs":["https:\/\/www.facebook.com\/castillalamancha.inclusiva\/","https:\/\/twitter.com\/ClmInclusiva"]}]}},"_links":{"self":[{"href":"https:\/\/clm-inclusiva.org\/index.php?rest_route=\/wp\/v2\/pages\/4667"}],"collection":[{"href":"https:\/\/clm-inclusiva.org\/index.php?rest_route=\/wp\/v2\/pages"}],"about":[{"href":"https:\/\/clm-inclusiva.org\/index.php?rest_route=\/wp\/v2\/types\/page"}],"author":[{"embeddable":true,"href":"https:\/\/clm-inclusiva.org\/index.php?rest_route=\/wp\/v2\/users\/1"}],"replies":[{"embeddable":true,"href":"https:\/\/clm-inclusiva.org\/index.php?rest_route=%2Fwp%2Fv2%2Fcomments&post=4667"}],"version-history":[{"count":11,"href":"https:\/\/clm-inclusiva.org\/index.php?rest_route=\/wp\/v2\/pages\/4667\/revisions"}],"predecessor-version":[{"id":4792,"href":"https:\/\/clm-inclusiva.org\/index.php?rest_route=\/wp\/v2\/pages\/4667\/revisions\/4792"}],"wp:attachment":[{"href":"https:\/\/clm-inclusiva.org\/index.php?rest_route=%2Fwp%2Fv2%2Fmedia&parent=4667"}],"curies":[{"name":"wp","href":"https:\/\/api.w.org\/{rel}","templated":true}]}}