{"id":2848,"date":"2019-07-16T18:04:23","date_gmt":"2019-07-16T16:04:23","guid":{"rendered":"http:\/\/clm-inclusiva.org\/?page_id=2848"},"modified":"2019-07-20T10:51:28","modified_gmt":"2019-07-20T08:51:28","slug":"mision-vision-y-valores","status":"publish","type":"page","link":"https:\/\/clm-inclusiva.org\/?page_id=2848","title":{"rendered":"Misi\u00f3n, Visi\u00f3n y Valores"},"content":{"rendered":"<p>[et_pb_section fb_built=&#8221;1&#8243; admin_label=&#8221;section&#8221; _builder_version=&#8221;3.26.2&#8243;][et_pb_row admin_label=&#8221;row&#8221; _builder_version=&#8221;3.26.2&#8243; background_size=&#8221;initial&#8221; background_position=&#8221;top_left&#8221; background_repeat=&#8221;repeat&#8221; column_structure=&#8221;1_4,3_4&#8243; border_radii=&#8221;off|15px||15px|&#8221; border_width_all=&#8221;4px&#8221; border_color_all=&#8221;#ea6900&#8243; custom_padding=&#8221;|30px||||&#8221; box_shadow_style=&#8221;preset2&#8243;][et_pb_column type=&#8221;1_4&#8243; _builder_version=&#8221;3.26.2&#8243; custom_padding=&#8221;|||&#8221; custom_padding__hover=&#8221;|||&#8221; admin_label=&#8221;Imagen&#8221;][et_pb_image src=&#8221;http:\/\/clm-inclusiva.org\/wp-content\/uploads\/2019\/07\/Mision.png&#8221; _builder_version=&#8221;3.26.2&#8243; width=&#8221;100%&#8221; custom_margin=&#8221;|188px|-3px|27px||&#8221; custom_padding=&#8221;7px|14px|0px|4px||&#8221; min_height=&#8221;86px&#8221; align=&#8221;center&#8221;][\/et_pb_image][\/et_pb_column][et_pb_column type=&#8221;3_4&#8243; _builder_version=&#8221;3.26.2&#8243; custom_padding=&#8221;|||&#8221; custom_padding__hover=&#8221;|||&#8221; admin_label=&#8221;Texto&#8221;][et_pb_blurb title=&#8221;Misi\u00f3n&#8221; _builder_version=&#8221;3.26.2&#8243; icon_placement=&#8221;left&#8221; text_orientation=&#8221;justified&#8221; header_level=&#8221;h1&#8243; body_font_size=&#8221;16px&#8221; content_max_width=&#8221;1100px&#8221; custom_margin=&#8221;0px|||||&#8221;]<\/p>\n<p>La misi\u00f3n de Castilla-La Mancha Inclusiva consiste en articular y vertebrar al movimiento social regional de la discapacidad para garantizar los derechos y la inclusi\u00f3n, as\u00ed como mejorar las condiciones de vida y ciudadan\u00eda de las personas con discapacidad y de sus familias .<\/p>\n<p>[\/et_pb_blurb][\/et_pb_column][\/et_pb_row][et_pb_row _builder_version=&#8221;3.26.2&#8243; column_structure=&#8221;3_4,1_4&#8243; border_color_all=&#8221;#ea6900&#8243;][et_pb_column _builder_version=&#8221;3.26.2&#8243; type=&#8221;3_4&#8243; admin_label=&#8221;Texto&#8221;][et_pb_blurb title=&#8221;Visi\u00f3n&#8221; _builder_version=&#8221;3.26.2&#8243; icon_placement=&#8221;left&#8221; text_orientation=&#8221;justified&#8221; header_level=&#8221;h1&#8243; body_font_size=&#8221;16px&#8221; content_max_width=&#8221;1100px&#8221;]<\/p>\n<p>Castilla-La Mancha aspira a convertirse en uno de los referentes de la discapacidad globalmente considerada en esta regi\u00f3n, encabezando la visi\u00f3n de derechos y la innovaci\u00f3n social en materia de discapacidad; constituy\u00e9ndose como motor del cambio social en la defensa del reconocimiento de derechos de las personas con discapacidad y de sus familias y su plena inclusi\u00f3n en la comunidad .<\/p>\n<p>[\/et_pb_blurb][\/et_pb_column][et_pb_column _builder_version=&#8221;3.26.2&#8243; type=&#8221;1_4&#8243; admin_label=&#8221;Imagen&#8221;][et_pb_image _builder_version=&#8221;3.26.2&#8243; width=&#8221;100%&#8221; custom_margin=&#8221;11px|188px||||&#8221; custom_padding=&#8221;|0px|0px|0px||&#8221; src=&#8221;http:\/\/clm-inclusiva.org\/wp-content\/uploads\/2019\/07\/Vision.jpg&#8221; min_height=&#8221;176px&#8221; align=&#8221;center&#8221;][\/et_pb_image][\/et_pb_column][\/et_pb_row][et_pb_row admin_label=&#8221;row&#8221; _builder_version=&#8221;3.26.2&#8243; background_size=&#8221;initial&#8221; background_position=&#8221;top_left&#8221; background_repeat=&#8221;repeat&#8221; column_structure=&#8221;1_4,3_4&#8243; border_radii=&#8221;off|15px||15px|&#8221; border_width_all=&#8221;4px&#8221; border_color_all=&#8221;#ea6900&#8243; custom_padding=&#8221;|30px||||&#8221; box_shadow_style=&#8221;preset2&#8243;][et_pb_column type=&#8221;1_4&#8243; _builder_version=&#8221;3.26.2&#8243; custom_padding=&#8221;|||&#8221; custom_padding__hover=&#8221;|||&#8221; admin_label=&#8221;Imagen&#8221;][et_pb_image src=&#8221;http:\/\/clm-inclusiva.org\/wp-content\/uploads\/2019\/07\/Valores.jpg&#8221; _builder_version=&#8221;3.26.2&#8243; min_height=&#8221;195px&#8221; custom_margin=&#8221;12px|-25px||28px||&#8221; border_radii=&#8221;on|300px|300px|300px|300px&#8221; custom_padding=&#8221;|15px||||&#8221; align=&#8221;center&#8221;][\/et_pb_image][\/et_pb_column][et_pb_column type=&#8221;3_4&#8243; _builder_version=&#8221;3.26.2&#8243; custom_padding=&#8221;|||&#8221; custom_padding__hover=&#8221;|||&#8221; admin_label=&#8221;Texto&#8221;][et_pb_blurb title=&#8221;Valores&#8221; _builder_version=&#8221;3.26.2&#8243; icon_placement=&#8221;left&#8221; text_orientation=&#8221;justified&#8221; header_level=&#8221;h1&#8243; body_font_size=&#8221;16px&#8221; content_max_width=&#8221;1100px&#8221; custom_margin=&#8221;0px|||||&#8221;]<\/p>\n<p>Los valores que inspiran y orientan la actuaci\u00f3n de Castilla-La Mancha Inclusiva son los que sustentan la convenci\u00f3n internacional sobre los derechos de las personas con discapacidad y definidos, adem\u00e1s; los de unidad, cohesi\u00f3n interna, respeto a la diversidad, independencia y neutralidad pol\u00edtica, igualdad entre mujeres y hombres, funcionamiento democr\u00e1tico, participaci\u00f3n, transparencia, calidad, comportamiento \u00e9tico y solidaridad social .<\/p>\n<p>[\/et_pb_blurb][\/et_pb_column][\/et_pb_row][\/et_pb_section]<\/p>\n","protected":false},"excerpt":{"rendered":"<p>[et_pb_section fb_built=&#8221;1&#8243; admin_label=&#8221;section&#8221; _builder_version=&#8221;3.26.2&#8243;][et_pb_row admin_label=&#8221;row&#8221; _builder_version=&#8221;3.26.2&#8243; background_size=&#8221;initial&#8221; background_position=&#8221;top_left&#8221; background_repeat=&#8221;repeat&#8221; column_structure=&#8221;1_4,3_4&#8243; border_radii=&#8221;off|15px||15px|&#8221; border_width_all=&#8221;4px&#8221; border_color_all=&#8221;#ea6900&#8243; custom_padding=&#8221;|30px||||&#8221; box_shadow_style=&#8221;preset2&#8243;][et_pb_column type=&#8221;1_4&#8243; _builder_version=&#8221;3.26.2&#8243; custom_padding=&#8221;|||&#8221; custom_padding__hover=&#8221;|||&#8221; admin_label=&#8221;Imagen&#8221;][et_pb_image src=&#8221;http:\/\/clm-inclusiva.org\/wp-content\/uploads\/2019\/07\/Mision.png&#8221; _builder_version=&#8221;3.26.2&#8243; width=&#8221;100%&#8221; custom_margin=&#8221;|188px|-3px|27px||&#8221; custom_padding=&#8221;7px|14px|0px|4px||&#8221; min_height=&#8221;86px&#8221; align=&#8221;center&#8221;][\/et_pb_image][\/et_pb_column][et_pb_column type=&#8221;3_4&#8243; _builder_version=&#8221;3.26.2&#8243; custom_padding=&#8221;|||&#8221; custom_padding__hover=&#8221;|||&#8221; admin_label=&#8221;Texto&#8221;][et_pb_blurb title=&#8221;Misi\u00f3n&#8221; _builder_version=&#8221;3.26.2&#8243; icon_placement=&#8221;left&#8221; text_orientation=&#8221;justified&#8221; header_level=&#8221;h1&#8243; body_font_size=&#8221;16px&#8221; content_max_width=&#8221;1100px&#8221; custom_margin=&#8221;0px|||||&#8221;] La misi\u00f3n de Castilla-La Mancha Inclusiva consiste en articular y vertebrar al movimiento social regional [&hellip;]<\/p>\n","protected":false},"author":1,"featured_media":0,"parent":0,"menu_order":0,"comment_status":"closed","ping_status":"closed","template":"","meta":{"_et_pb_use_builder":"on","_et_pb_old_content":"","_et_gb_content_width":"","footnotes":""},"yoast_head":"<!-- This site is optimized with the Yoast SEO plugin v21.3 - https:\/\/yoast.com\/wordpress\/plugins\/seo\/ -->\n<title>Misi\u00f3n, Visi\u00f3n y Valores - Clm-Inclusiva<\/title>\n<meta name=\"robots\" content=\"index, follow, max-snippet:-1, max-image-preview:large, max-video-preview:-1\" \/>\n<link rel=\"canonical\" href=\"https:\/\/clm-inclusiva.org\/?page_id=2848\" \/>\n<meta property=\"og:locale\" content=\"es_ES\" \/>\n<meta property=\"og:type\" content=\"article\" \/>\n<meta property=\"og:title\" content=\"Misi\u00f3n, Visi\u00f3n y Valores - Clm-Inclusiva\" \/>\n<meta property=\"og:description\" content=\"[et_pb_section fb_built=&#8221;1&#8243; admin_label=&#8221;section&#8221; _builder_version=&#8221;3.26.2&#8243;][et_pb_row admin_label=&#8221;row&#8221; _builder_version=&#8221;3.26.2&#8243; background_size=&#8221;initial&#8221; background_position=&#8221;top_left&#8221; background_repeat=&#8221;repeat&#8221; column_structure=&#8221;1_4,3_4&#8243; border_radii=&#8221;off|15px||15px|&#8221; border_width_all=&#8221;4px&#8221; border_color_all=&#8221;#ea6900&#8243; custom_padding=&#8221;|30px||||&#8221; box_shadow_style=&#8221;preset2&#8243;][et_pb_column type=&#8221;1_4&#8243; _builder_version=&#8221;3.26.2&#8243; custom_padding=&#8221;|||&#8221; custom_padding__hover=&#8221;|||&#8221; admin_label=&#8221;Imagen&#8221;][et_pb_image src=&#8221;http:\/\/clm-inclusiva.org\/wp-content\/uploads\/2019\/07\/Mision.png&#8221; _builder_version=&#8221;3.26.2&#8243; width=&#8221;100%&#8221; custom_margin=&#8221;|188px|-3px|27px||&#8221; custom_padding=&#8221;7px|14px|0px|4px||&#8221; min_height=&#8221;86px&#8221; align=&#8221;center&#8221;][\/et_pb_image][\/et_pb_column][et_pb_column type=&#8221;3_4&#8243; _builder_version=&#8221;3.26.2&#8243; custom_padding=&#8221;|||&#8221; custom_padding__hover=&#8221;|||&#8221; admin_label=&#8221;Texto&#8221;][et_pb_blurb title=&#8221;Misi\u00f3n&#8221; _builder_version=&#8221;3.26.2&#8243; icon_placement=&#8221;left&#8221; text_orientation=&#8221;justified&#8221; header_level=&#8221;h1&#8243; body_font_size=&#8221;16px&#8221; content_max_width=&#8221;1100px&#8221; custom_margin=&#8221;0px|||||&#8221;] La misi\u00f3n de Castilla-La Mancha Inclusiva consiste en articular y vertebrar al movimiento social regional [&hellip;]\" \/>\n<meta property=\"og:url\" content=\"https:\/\/clm-inclusiva.org\/?page_id=2848\" \/>\n<meta property=\"og:site_name\" content=\"Clm-Inclusiva\" \/>\n<meta property=\"article:publisher\" content=\"https:\/\/www.facebook.com\/castillalamancha.inclusiva\/\" \/>\n<meta property=\"article:modified_time\" content=\"2019-07-20T08:51:28+00:00\" \/>\n<meta name=\"twitter:card\" content=\"summary_large_image\" \/>\n<meta name=\"twitter:site\" content=\"@ClmInclusiva\" \/>\n<meta name=\"twitter:label1\" content=\"Tiempo de lectura\" \/>\n\t<meta name=\"twitter:data1\" content=\"3 minutos\" \/>\n<script type=\"application\/ld+json\" class=\"yoast-schema-graph\">{\"@context\":\"https:\/\/schema.org\",\"@graph\":[{\"@type\":\"WebPage\",\"@id\":\"https:\/\/clm-inclusiva.org\/?page_id=2848\",\"url\":\"https:\/\/clm-inclusiva.org\/?page_id=2848\",\"name\":\"Misi\u00f3n, Visi\u00f3n y Valores - Clm-Inclusiva\",\"isPartOf\":{\"@id\":\"https:\/\/clm-inclusiva.org\/#website\"},\"datePublished\":\"2019-07-16T16:04:23+00:00\",\"dateModified\":\"2019-07-20T08:51:28+00:00\",\"breadcrumb\":{\"@id\":\"https:\/\/clm-inclusiva.org\/?page_id=2848#breadcrumb\"},\"inLanguage\":\"es\",\"potentialAction\":[{\"@type\":\"ReadAction\",\"target\":[\"https:\/\/clm-inclusiva.org\/?page_id=2848\"]}]},{\"@type\":\"BreadcrumbList\",\"@id\":\"https:\/\/clm-inclusiva.org\/?page_id=2848#breadcrumb\",\"itemListElement\":[{\"@type\":\"ListItem\",\"position\":1,\"name\":\"Portada\",\"item\":\"https:\/\/clm-inclusiva.org\/\"},{\"@type\":\"ListItem\",\"position\":2,\"name\":\"Misi\u00f3n, Visi\u00f3n y Valores\"}]},{\"@type\":\"WebSite\",\"@id\":\"https:\/\/clm-inclusiva.org\/#website\",\"url\":\"https:\/\/clm-inclusiva.org\/\",\"name\":\"Clm-Inclusiva\",\"description\":\"Confederaci\u00f3n de entidades de personas con discapacidad f\u00edsica y org\u00e1nica CLM\",\"publisher\":{\"@id\":\"https:\/\/clm-inclusiva.org\/#organization\"},\"potentialAction\":[{\"@type\":\"SearchAction\",\"target\":{\"@type\":\"EntryPoint\",\"urlTemplate\":\"https:\/\/clm-inclusiva.org\/?s={search_term_string}\"},\"query-input\":\"required name=search_term_string\"}],\"inLanguage\":\"es\"},{\"@type\":\"Organization\",\"@id\":\"https:\/\/clm-inclusiva.org\/#organization\",\"name\":\"Clm-Inclusiva\",\"url\":\"https:\/\/clm-inclusiva.org\/\",\"logo\":{\"@type\":\"ImageObject\",\"inLanguage\":\"es\",\"@id\":\"https:\/\/clm-inclusiva.org\/#\/schema\/logo\/image\/\",\"url\":\"http:\/\/clm-inclusiva.org\/wp-content\/uploads\/2019\/04\/banner-e1533720812836.jpg\",\"contentUrl\":\"http:\/\/clm-inclusiva.org\/wp-content\/uploads\/2019\/04\/banner-e1533720812836.jpg\",\"width\":600,\"height\":332,\"caption\":\"Clm-Inclusiva\"},\"image\":{\"@id\":\"https:\/\/clm-inclusiva.org\/#\/schema\/logo\/image\/\"},\"sameAs\":[\"https:\/\/www.facebook.com\/castillalamancha.inclusiva\/\",\"https:\/\/twitter.com\/ClmInclusiva\"]}]}<\/script>\n<!-- \/ Yoast SEO plugin. -->","yoast_head_json":{"title":"Misi\u00f3n, Visi\u00f3n y Valores - Clm-Inclusiva","robots":{"index":"index","follow":"follow","max-snippet":"max-snippet:-1","max-image-preview":"max-image-preview:large","max-video-preview":"max-video-preview:-1"},"canonical":"https:\/\/clm-inclusiva.org\/?page_id=2848","og_locale":"es_ES","og_type":"article","og_title":"Misi\u00f3n, Visi\u00f3n y Valores - Clm-Inclusiva","og_description":"[et_pb_section fb_built=&#8221;1&#8243; admin_label=&#8221;section&#8221; _builder_version=&#8221;3.26.2&#8243;][et_pb_row admin_label=&#8221;row&#8221; _builder_version=&#8221;3.26.2&#8243; background_size=&#8221;initial&#8221; background_position=&#8221;top_left&#8221; background_repeat=&#8221;repeat&#8221; column_structure=&#8221;1_4,3_4&#8243; border_radii=&#8221;off|15px||15px|&#8221; border_width_all=&#8221;4px&#8221; border_color_all=&#8221;#ea6900&#8243; custom_padding=&#8221;|30px||||&#8221; box_shadow_style=&#8221;preset2&#8243;][et_pb_column type=&#8221;1_4&#8243; _builder_version=&#8221;3.26.2&#8243; custom_padding=&#8221;|||&#8221; custom_padding__hover=&#8221;|||&#8221; admin_label=&#8221;Imagen&#8221;][et_pb_image src=&#8221;http:\/\/clm-inclusiva.org\/wp-content\/uploads\/2019\/07\/Mision.png&#8221; _builder_version=&#8221;3.26.2&#8243; width=&#8221;100%&#8221; custom_margin=&#8221;|188px|-3px|27px||&#8221; custom_padding=&#8221;7px|14px|0px|4px||&#8221; min_height=&#8221;86px&#8221; align=&#8221;center&#8221;][\/et_pb_image][\/et_pb_column][et_pb_column type=&#8221;3_4&#8243; _builder_version=&#8221;3.26.2&#8243; custom_padding=&#8221;|||&#8221; custom_padding__hover=&#8221;|||&#8221; admin_label=&#8221;Texto&#8221;][et_pb_blurb title=&#8221;Misi\u00f3n&#8221; _builder_version=&#8221;3.26.2&#8243; icon_placement=&#8221;left&#8221; text_orientation=&#8221;justified&#8221; header_level=&#8221;h1&#8243; body_font_size=&#8221;16px&#8221; content_max_width=&#8221;1100px&#8221; custom_margin=&#8221;0px|||||&#8221;] La misi\u00f3n de Castilla-La Mancha Inclusiva consiste en articular y vertebrar al movimiento social regional [&hellip;]","og_url":"https:\/\/clm-inclusiva.org\/?page_id=2848","og_site_name":"Clm-Inclusiva","article_publisher":"https:\/\/www.facebook.com\/castillalamancha.inclusiva\/","article_modified_time":"2019-07-20T08:51:28+00:00","twitter_card":"summary_large_image","twitter_site":"@ClmInclusiva","twitter_misc":{"Tiempo de lectura":"3 minutos"},"schema":{"@context":"https:\/\/schema.org","@graph":[{"@type":"WebPage","@id":"https:\/\/clm-inclusiva.org\/?page_id=2848","url":"https:\/\/clm-inclusiva.org\/?page_id=2848","name":"Misi\u00f3n, Visi\u00f3n y Valores - Clm-Inclusiva","isPartOf":{"@id":"https:\/\/clm-inclusiva.org\/#website"},"datePublished":"2019-07-16T16:04:23+00:00","dateModified":"2019-07-20T08:51:28+00:00","breadcrumb":{"@id":"https:\/\/clm-inclusiva.org\/?page_id=2848#breadcrumb"},"inLanguage":"es","potentialAction":[{"@type":"ReadAction","target":["https:\/\/clm-inclusiva.org\/?page_id=2848"]}]},{"@type":"BreadcrumbList","@id":"https:\/\/clm-inclusiva.org\/?page_id=2848#breadcrumb","itemListElement":[{"@type":"ListItem","position":1,"name":"Portada","item":"https:\/\/clm-inclusiva.org\/"},{"@type":"ListItem","position":2,"name":"Misi\u00f3n, Visi\u00f3n y Valores"}]},{"@type":"WebSite","@id":"https:\/\/clm-inclusiva.org\/#website","url":"https:\/\/clm-inclusiva.org\/","name":"Clm-Inclusiva","description":"Confederaci\u00f3n de entidades de personas con discapacidad f\u00edsica y org\u00e1nica CLM","publisher":{"@id":"https:\/\/clm-inclusiva.org\/#organization"},"potentialAction":[{"@type":"SearchAction","target":{"@type":"EntryPoint","urlTemplate":"https:\/\/clm-inclusiva.org\/?s={search_term_string}"},"query-input":"required name=search_term_string"}],"inLanguage":"es"},{"@type":"Organization","@id":"https:\/\/clm-inclusiva.org\/#organization","name":"Clm-Inclusiva","url":"https:\/\/clm-inclusiva.org\/","logo":{"@type":"ImageObject","inLanguage":"es","@id":"https:\/\/clm-inclusiva.org\/#\/schema\/logo\/image\/","url":"http:\/\/clm-inclusiva.org\/wp-content\/uploads\/2019\/04\/banner-e1533720812836.jpg","contentUrl":"http:\/\/clm-inclusiva.org\/wp-content\/uploads\/2019\/04\/banner-e1533720812836.jpg","width":600,"height":332,"caption":"Clm-Inclusiva"},"image":{"@id":"https:\/\/clm-inclusiva.org\/#\/schema\/logo\/image\/"},"sameAs":["https:\/\/www.facebook.com\/castillalamancha.inclusiva\/","https:\/\/twitter.com\/ClmInclusiva"]}]}},"_links":{"self":[{"href":"https:\/\/clm-inclusiva.org\/index.php?rest_route=\/wp\/v2\/pages\/2848"}],"collection":[{"href":"https:\/\/clm-inclusiva.org\/index.php?rest_route=\/wp\/v2\/pages"}],"about":[{"href":"https:\/\/clm-inclusiva.org\/index.php?rest_route=\/wp\/v2\/types\/page"}],"author":[{"embeddable":true,"href":"https:\/\/clm-inclusiva.org\/index.php?rest_route=\/wp\/v2\/users\/1"}],"replies":[{"embeddable":true,"href":"https:\/\/clm-inclusiva.org\/index.php?rest_route=%2Fwp%2Fv2%2Fcomments&post=2848"}],"version-history":[{"count":10,"href":"https:\/\/clm-inclusiva.org\/index.php?rest_route=\/wp\/v2\/pages\/2848\/revisions"}],"predecessor-version":[{"id":2905,"href":"https:\/\/clm-inclusiva.org\/index.php?rest_route=\/wp\/v2\/pages\/2848\/revisions\/2905"}],"wp:attachment":[{"href":"https:\/\/clm-inclusiva.org\/index.php?rest_route=%2Fwp%2Fv2%2Fmedia&parent=2848"}],"curies":[{"name":"wp","href":"https:\/\/api.w.org\/{rel}","templated":true}]}}