{"id":2445,"date":"2019-06-13T23:13:06","date_gmt":"2019-06-13T21:13:06","guid":{"rendered":"http:\/\/clm-inclusiva.org\/?page_id=2445"},"modified":"2019-06-13T23:13:25","modified_gmt":"2019-06-13T21:13:25","slug":"cuenca-sil","status":"publish","type":"page","link":"https:\/\/clm-inclusiva.org\/?page_id=2445","title":{"rendered":"Cuenca SIL"},"content":{"rendered":"<p>[et_pb_section fb_built=&#8221;1&#8243; _builder_version=&#8221;3.22.4&#8243; custom_padding=&#8221;0px||0px|||&#8221; bottom_divider_color=&#8221;#1119a3&#8243; bottom_divider_height=&#8221;30px&#8221; bottom_divider_arrangement=&#8221;above_content&#8221;][et_pb_row custom_padding=&#8221;||5px|||&#8221; custom_margin=&#8221;|||&#8221; make_equal=&#8221;on&#8221; _builder_version=&#8221;3.22.4&#8243; background_size=&#8221;initial&#8221; background_position=&#8221;top_left&#8221; background_repeat=&#8221;repeat&#8221; width=&#8221;100%&#8221; max_width=&#8221;1350px&#8221;][et_pb_column type=&#8221;1_4&#8243; _builder_version=&#8221;3.0.47&#8243;][et_pb_blurb title=&#8221;Sede&#8221; use_icon=&#8221;on&#8221; font_icon=&#8221;%%144%%&#8221; use_icon_font_size=&#8221;on&#8221; icon_font_size=&#8221;30px&#8221; _builder_version=&#8221;3.22.4&#8243; header_level=&#8221;h1&#8243; header_font=&#8221;||||||||&#8221; header_font_size=&#8221;35px&#8221; header_text_shadow_style=&#8221;preset1&#8243; body_font=&#8221;||||||||&#8221; body_text_color=&#8221;#000000&#8243; body_font_size=&#8221;20px&#8221; text_orientation=&#8221;center&#8221;]<\/p>\n<p>Cuenca<\/p>\n<p>[\/et_pb_blurb][\/et_pb_column][et_pb_column type=&#8221;1_4&#8243; _builder_version=&#8221;3.0.47&#8243;][et_pb_blurb title=&#8221;Tel\u00e9fono&#8221; use_icon=&#8221;on&#8221; font_icon=&#8221;%%264%%&#8221; use_icon_font_size=&#8221;on&#8221; icon_font_size=&#8221;30px&#8221; _builder_version=&#8221;3.22.4&#8243; header_level=&#8221;h1&#8243; header_font=&#8221;||||||||&#8221; header_font_size=&#8221;35px&#8221; header_text_shadow_style=&#8221;preset1&#8243; body_font=&#8221;||||||||&#8221; body_text_color=&#8221;#000000&#8243; body_font_size=&#8221;20px&#8221; text_orientation=&#8221;center&#8221; saved_tabs=&#8221;all&#8221;]<\/p>\n<p>969 083 004<\/p>\n<p>[\/et_pb_blurb][\/et_pb_column][et_pb_column type=&#8221;1_4&#8243; _builder_version=&#8221;3.0.47&#8243;][et_pb_blurb title=&#8221;e-mail&#8221; use_icon=&#8221;on&#8221; font_icon=&#8221;%%109%%&#8221; use_icon_font_size=&#8221;on&#8221; icon_font_size=&#8221;30px&#8221; _builder_version=&#8221;3.22.4&#8243; header_level=&#8221;h1&#8243; header_font=&#8221;||||||||&#8221; header_font_size=&#8221;35px&#8221; header_text_shadow_style=&#8221;preset1&#8243; body_font=&#8221;||||||||&#8221; body_text_color=&#8221;#000000&#8243; body_font_size=&#8221;20px&#8221; text_orientation=&#8221;center&#8221; saved_tabs=&#8221;all&#8221;]<\/p>\n<p>cuenca@clm-inclusiva.org<\/p>\n<p>[\/et_pb_blurb][\/et_pb_column][et_pb_column type=&#8221;1_4&#8243; _builder_version=&#8221;3.0.47&#8243;][et_pb_blurb title=&#8221;Direcci\u00f3n&#8221; use_icon=&#8221;on&#8221; font_icon=&#8221;%%122%%&#8221; use_icon_font_size=&#8221;on&#8221; icon_font_size=&#8221;30px&#8221; _builder_version=&#8221;3.22.4&#8243; header_font=&#8221;||||||||&#8221; header_font_size=&#8221;35px&#8221; header_text_shadow_style=&#8221;preset1&#8243; body_font=&#8221;||||||||&#8221; body_font_size=&#8221;20px&#8221; text_orientation=&#8221;center&#8221;]<\/p>\n<p style=\"text-align: center;\">Calle Juan Martino, 2 bajo<\/p>\n<p style=\"text-align: center;\">16003 Cuenca<\/p>\n<p>[\/et_pb_blurb][\/et_pb_column][\/et_pb_row][\/et_pb_section][et_pb_section fb_built=&#8221;1&#8243; fullwidth=&#8221;on&#8221; _builder_version=&#8221;3.22.4&#8243; box_shadow_style=&#8221;preset1&#8243; custom_margin=&#8221;11px|||||&#8221; top_divider_color=&#8221;#1119a3&#8243; top_divider_height=&#8221;30px&#8221;][et_pb_fullwidth_map address=&#8221;Calle R. Sofia, 2, 13500 Puertollano, Cdad. Real, Espa\u00f1a&#8221; address_lat=&#8221;38.7044354&#8243; address_lng=&#8221;-4.115243&#8243; mouse_wheel=&#8221;off&#8221; _builder_version=&#8221;3.22.4&#8243; custom_margin=&#8221;31px|||||&#8221;][et_pb_map_pin title=&#8221;Sede Cuenca&#8221; pin_address=&#8221;Calle R. Sofia, 2, 13500 Puertollano, Cdad. Real, Espa\u00f1a&#8221; pin_address_lat=&#8221;38.7044354&#8243; pin_address_lng=&#8221;-4.115243&#8243; _builder_version=&#8221;3.22.4&#8243; db_start_open=&#8221;on&#8221;][\/et_pb_map_pin][\/et_pb_fullwidth_map][\/et_pb_section]<\/p>\n","protected":false},"excerpt":{"rendered":"<p>[et_pb_section fb_built=&#8221;1&#8243; _builder_version=&#8221;3.22.4&#8243; custom_padding=&#8221;0px||0px|||&#8221; bottom_divider_color=&#8221;#1119a3&#8243; bottom_divider_height=&#8221;30px&#8221; bottom_divider_arrangement=&#8221;above_content&#8221;][et_pb_row custom_padding=&#8221;||5px|||&#8221; custom_margin=&#8221;|||&#8221; make_equal=&#8221;on&#8221; _builder_version=&#8221;3.22.4&#8243; background_size=&#8221;initial&#8221; background_position=&#8221;top_left&#8221; background_repeat=&#8221;repeat&#8221; width=&#8221;100%&#8221; max_width=&#8221;1350px&#8221;][et_pb_column type=&#8221;1_4&#8243; _builder_version=&#8221;3.0.47&#8243;][et_pb_blurb title=&#8221;Sede&#8221; use_icon=&#8221;on&#8221; font_icon=&#8221;%%144%%&#8221; use_icon_font_size=&#8221;on&#8221; icon_font_size=&#8221;30px&#8221; _builder_version=&#8221;3.22.4&#8243; header_level=&#8221;h1&#8243; header_font=&#8221;||||||||&#8221; header_font_size=&#8221;35px&#8221; header_text_shadow_style=&#8221;preset1&#8243; body_font=&#8221;||||||||&#8221; body_text_color=&#8221;#000000&#8243; body_font_size=&#8221;20px&#8221; text_orientation=&#8221;center&#8221;] Cuenca [\/et_pb_blurb][\/et_pb_column][et_pb_column type=&#8221;1_4&#8243; _builder_version=&#8221;3.0.47&#8243;][et_pb_blurb title=&#8221;Tel\u00e9fono&#8221; use_icon=&#8221;on&#8221; font_icon=&#8221;%%264%%&#8221; use_icon_font_size=&#8221;on&#8221; icon_font_size=&#8221;30px&#8221; _builder_version=&#8221;3.22.4&#8243; header_level=&#8221;h1&#8243; header_font=&#8221;||||||||&#8221; header_font_size=&#8221;35px&#8221; header_text_shadow_style=&#8221;preset1&#8243; body_font=&#8221;||||||||&#8221; body_text_color=&#8221;#000000&#8243; body_font_size=&#8221;20px&#8221; text_orientation=&#8221;center&#8221; saved_tabs=&#8221;all&#8221;] 969 083 004 [\/et_pb_blurb][\/et_pb_column][et_pb_column [&hellip;]<\/p>\n","protected":false},"author":1,"featured_media":0,"parent":0,"menu_order":0,"comment_status":"closed","ping_status":"closed","template":"","meta":{"_et_pb_use_builder":"on","_et_pb_old_content":"\n\t\t\t\t[responsivevoice_button voice=\"Spanish Female\" buttontext=\"Reproducir\"]\n<p style=\"text-align: center;\"><span style=\"color: #ff6600;\"><strong><span style=\"font-size: 24pt;\">Cuenca<\/span><\/strong><\/span><\/p>\n<iframe style=\"border: 0;\" src=\"https:\/\/www.google.com\/maps\/embed?pb=!1m18!1m12!1m3!1d3053.4128054748508!2d-2.143760685261326!3d40.06620317940741!2m3!1f0!2f0!3f0!3m2!1i1024!2i768!4f13.1!3m3!1m2!1s0xd5d6760e68d2ca3%3A0x307a5168a711ed1a!2sCalle+Juan+Martino%2C+2%2C+16003+Cuenca!5e0!3m2!1ses!2ses!4v1532704951715\" width=\"600\" height=\"450\" frameborder=\"0\" allowfullscreen=\"allowfullscreen\"><\/iframe>\n<p style=\"text-align: center;\"><span style=\"color: #000000;\">Calle Juan Martino, 2 bajo, Cuenca<\/span><\/p>\n<p style=\"text-align: center;\"><span style=\"color: #000000;\"><img class=\"alignnone wp-image-93\" src=\"http:\/\/127.0.0.1\/wordpress\/wp-content\/uploads\/2018\/07\/telefono-1.png\" alt=\"\" width=\"15\" height=\"15\" \/>\u00a0969 083 004\u00a0\u00a0<img class=\"alignnone wp-image-95\" src=\"http:\/\/127.0.0.1\/wordpress\/wp-content\/uploads\/2018\/07\/correo-300x300.jpg\" alt=\"\" width=\"15\" height=\"15\" \/>\u00a0<a style=\"color: #000000;\" href=\"mailto:cuenca@clm-inclusiva.org\">cuenca@clm-inclusiva.org<\/a><\/span><\/p>\t\t","_et_gb_content_width":"","footnotes":""},"yoast_head":"<!-- This site is optimized with the Yoast SEO plugin v21.3 - https:\/\/yoast.com\/wordpress\/plugins\/seo\/ -->\n<title>Cuenca SIL - Clm-Inclusiva<\/title>\n<meta name=\"robots\" content=\"index, follow, max-snippet:-1, max-image-preview:large, max-video-preview:-1\" \/>\n<link rel=\"canonical\" href=\"https:\/\/clm-inclusiva.org\/?page_id=2445\" \/>\n<meta property=\"og:locale\" content=\"es_ES\" \/>\n<meta property=\"og:type\" content=\"article\" \/>\n<meta property=\"og:title\" content=\"Cuenca SIL - Clm-Inclusiva\" \/>\n<meta property=\"og:description\" content=\"[et_pb_section fb_built=&#8221;1&#8243; _builder_version=&#8221;3.22.4&#8243; custom_padding=&#8221;0px||0px|||&#8221; bottom_divider_color=&#8221;#1119a3&#8243; bottom_divider_height=&#8221;30px&#8221; bottom_divider_arrangement=&#8221;above_content&#8221;][et_pb_row custom_padding=&#8221;||5px|||&#8221; custom_margin=&#8221;|||&#8221; make_equal=&#8221;on&#8221; _builder_version=&#8221;3.22.4&#8243; background_size=&#8221;initial&#8221; background_position=&#8221;top_left&#8221; background_repeat=&#8221;repeat&#8221; width=&#8221;100%&#8221; max_width=&#8221;1350px&#8221;][et_pb_column type=&#8221;1_4&#8243; _builder_version=&#8221;3.0.47&#8243;][et_pb_blurb title=&#8221;Sede&#8221; use_icon=&#8221;on&#8221; font_icon=&#8221;&#8221; use_icon_font_size=&#8221;on&#8221; icon_font_size=&#8221;30px&#8221; _builder_version=&#8221;3.22.4&#8243; header_level=&#8221;h1&#8243; header_font=&#8221;||||||||&#8221; header_font_size=&#8221;35px&#8221; header_text_shadow_style=&#8221;preset1&#8243; body_font=&#8221;||||||||&#8221; body_text_color=&#8221;#000000&#8243; body_font_size=&#8221;20px&#8221; text_orientation=&#8221;center&#8221;] Cuenca [\/et_pb_blurb][\/et_pb_column][et_pb_column type=&#8221;1_4&#8243; _builder_version=&#8221;3.0.47&#8243;][et_pb_blurb title=&#8221;Tel\u00e9fono&#8221; use_icon=&#8221;on&#8221; font_icon=&#8221;&#8221; use_icon_font_size=&#8221;on&#8221; icon_font_size=&#8221;30px&#8221; _builder_version=&#8221;3.22.4&#8243; header_level=&#8221;h1&#8243; header_font=&#8221;||||||||&#8221; header_font_size=&#8221;35px&#8221; header_text_shadow_style=&#8221;preset1&#8243; body_font=&#8221;||||||||&#8221; body_text_color=&#8221;#000000&#8243; body_font_size=&#8221;20px&#8221; text_orientation=&#8221;center&#8221; saved_tabs=&#8221;all&#8221;] 969 083 004 [\/et_pb_blurb][\/et_pb_column][et_pb_column [&hellip;]\" \/>\n<meta property=\"og:url\" content=\"https:\/\/clm-inclusiva.org\/?page_id=2445\" \/>\n<meta property=\"og:site_name\" content=\"Clm-Inclusiva\" \/>\n<meta property=\"article:publisher\" content=\"https:\/\/www.facebook.com\/castillalamancha.inclusiva\/\" \/>\n<meta property=\"article:modified_time\" content=\"2019-06-13T21:13:25+00:00\" \/>\n<meta name=\"twitter:card\" content=\"summary_large_image\" \/>\n<meta name=\"twitter:site\" content=\"@ClmInclusiva\" \/>\n<meta name=\"twitter:label1\" content=\"Tiempo de lectura\" \/>\n\t<meta name=\"twitter:data1\" content=\"2 minutos\" \/>\n<script type=\"application\/ld+json\" class=\"yoast-schema-graph\">{\"@context\":\"https:\/\/schema.org\",\"@graph\":[{\"@type\":\"WebPage\",\"@id\":\"https:\/\/clm-inclusiva.org\/?page_id=2445\",\"url\":\"https:\/\/clm-inclusiva.org\/?page_id=2445\",\"name\":\"Cuenca SIL - Clm-Inclusiva\",\"isPartOf\":{\"@id\":\"https:\/\/clm-inclusiva.org\/#website\"},\"datePublished\":\"2019-06-13T21:13:06+00:00\",\"dateModified\":\"2019-06-13T21:13:25+00:00\",\"breadcrumb\":{\"@id\":\"https:\/\/clm-inclusiva.org\/?page_id=2445#breadcrumb\"},\"inLanguage\":\"es\",\"potentialAction\":[{\"@type\":\"ReadAction\",\"target\":[\"https:\/\/clm-inclusiva.org\/?page_id=2445\"]}]},{\"@type\":\"BreadcrumbList\",\"@id\":\"https:\/\/clm-inclusiva.org\/?page_id=2445#breadcrumb\",\"itemListElement\":[{\"@type\":\"ListItem\",\"position\":1,\"name\":\"Portada\",\"item\":\"https:\/\/clm-inclusiva.org\/\"},{\"@type\":\"ListItem\",\"position\":2,\"name\":\"Cuenca SIL\"}]},{\"@type\":\"WebSite\",\"@id\":\"https:\/\/clm-inclusiva.org\/#website\",\"url\":\"https:\/\/clm-inclusiva.org\/\",\"name\":\"Clm-Inclusiva\",\"description\":\"Confederaci\u00f3n de entidades de personas con discapacidad f\u00edsica y org\u00e1nica CLM\",\"publisher\":{\"@id\":\"https:\/\/clm-inclusiva.org\/#organization\"},\"potentialAction\":[{\"@type\":\"SearchAction\",\"target\":{\"@type\":\"EntryPoint\",\"urlTemplate\":\"https:\/\/clm-inclusiva.org\/?s={search_term_string}\"},\"query-input\":\"required name=search_term_string\"}],\"inLanguage\":\"es\"},{\"@type\":\"Organization\",\"@id\":\"https:\/\/clm-inclusiva.org\/#organization\",\"name\":\"Clm-Inclusiva\",\"url\":\"https:\/\/clm-inclusiva.org\/\",\"logo\":{\"@type\":\"ImageObject\",\"inLanguage\":\"es\",\"@id\":\"https:\/\/clm-inclusiva.org\/#\/schema\/logo\/image\/\",\"url\":\"http:\/\/clm-inclusiva.org\/wp-content\/uploads\/2019\/04\/banner-e1533720812836.jpg\",\"contentUrl\":\"http:\/\/clm-inclusiva.org\/wp-content\/uploads\/2019\/04\/banner-e1533720812836.jpg\",\"width\":600,\"height\":332,\"caption\":\"Clm-Inclusiva\"},\"image\":{\"@id\":\"https:\/\/clm-inclusiva.org\/#\/schema\/logo\/image\/\"},\"sameAs\":[\"https:\/\/www.facebook.com\/castillalamancha.inclusiva\/\",\"https:\/\/twitter.com\/ClmInclusiva\"]}]}<\/script>\n<!-- \/ Yoast SEO plugin. -->","yoast_head_json":{"title":"Cuenca SIL - Clm-Inclusiva","robots":{"index":"index","follow":"follow","max-snippet":"max-snippet:-1","max-image-preview":"max-image-preview:large","max-video-preview":"max-video-preview:-1"},"canonical":"https:\/\/clm-inclusiva.org\/?page_id=2445","og_locale":"es_ES","og_type":"article","og_title":"Cuenca SIL - Clm-Inclusiva","og_description":"[et_pb_section fb_built=&#8221;1&#8243; _builder_version=&#8221;3.22.4&#8243; custom_padding=&#8221;0px||0px|||&#8221; bottom_divider_color=&#8221;#1119a3&#8243; bottom_divider_height=&#8221;30px&#8221; bottom_divider_arrangement=&#8221;above_content&#8221;][et_pb_row custom_padding=&#8221;||5px|||&#8221; custom_margin=&#8221;|||&#8221; make_equal=&#8221;on&#8221; _builder_version=&#8221;3.22.4&#8243; background_size=&#8221;initial&#8221; background_position=&#8221;top_left&#8221; background_repeat=&#8221;repeat&#8221; width=&#8221;100%&#8221; max_width=&#8221;1350px&#8221;][et_pb_column type=&#8221;1_4&#8243; _builder_version=&#8221;3.0.47&#8243;][et_pb_blurb title=&#8221;Sede&#8221; use_icon=&#8221;on&#8221; font_icon=&#8221;&#8221; use_icon_font_size=&#8221;on&#8221; icon_font_size=&#8221;30px&#8221; _builder_version=&#8221;3.22.4&#8243; header_level=&#8221;h1&#8243; header_font=&#8221;||||||||&#8221; header_font_size=&#8221;35px&#8221; header_text_shadow_style=&#8221;preset1&#8243; body_font=&#8221;||||||||&#8221; body_text_color=&#8221;#000000&#8243; body_font_size=&#8221;20px&#8221; text_orientation=&#8221;center&#8221;] Cuenca [\/et_pb_blurb][\/et_pb_column][et_pb_column type=&#8221;1_4&#8243; _builder_version=&#8221;3.0.47&#8243;][et_pb_blurb title=&#8221;Tel\u00e9fono&#8221; use_icon=&#8221;on&#8221; font_icon=&#8221;&#8221; use_icon_font_size=&#8221;on&#8221; icon_font_size=&#8221;30px&#8221; _builder_version=&#8221;3.22.4&#8243; header_level=&#8221;h1&#8243; header_font=&#8221;||||||||&#8221; header_font_size=&#8221;35px&#8221; header_text_shadow_style=&#8221;preset1&#8243; body_font=&#8221;||||||||&#8221; body_text_color=&#8221;#000000&#8243; body_font_size=&#8221;20px&#8221; text_orientation=&#8221;center&#8221; saved_tabs=&#8221;all&#8221;] 969 083 004 [\/et_pb_blurb][\/et_pb_column][et_pb_column [&hellip;]","og_url":"https:\/\/clm-inclusiva.org\/?page_id=2445","og_site_name":"Clm-Inclusiva","article_publisher":"https:\/\/www.facebook.com\/castillalamancha.inclusiva\/","article_modified_time":"2019-06-13T21:13:25+00:00","twitter_card":"summary_large_image","twitter_site":"@ClmInclusiva","twitter_misc":{"Tiempo de lectura":"2 minutos"},"schema":{"@context":"https:\/\/schema.org","@graph":[{"@type":"WebPage","@id":"https:\/\/clm-inclusiva.org\/?page_id=2445","url":"https:\/\/clm-inclusiva.org\/?page_id=2445","name":"Cuenca SIL - Clm-Inclusiva","isPartOf":{"@id":"https:\/\/clm-inclusiva.org\/#website"},"datePublished":"2019-06-13T21:13:06+00:00","dateModified":"2019-06-13T21:13:25+00:00","breadcrumb":{"@id":"https:\/\/clm-inclusiva.org\/?page_id=2445#breadcrumb"},"inLanguage":"es","potentialAction":[{"@type":"ReadAction","target":["https:\/\/clm-inclusiva.org\/?page_id=2445"]}]},{"@type":"BreadcrumbList","@id":"https:\/\/clm-inclusiva.org\/?page_id=2445#breadcrumb","itemListElement":[{"@type":"ListItem","position":1,"name":"Portada","item":"https:\/\/clm-inclusiva.org\/"},{"@type":"ListItem","position":2,"name":"Cuenca SIL"}]},{"@type":"WebSite","@id":"https:\/\/clm-inclusiva.org\/#website","url":"https:\/\/clm-inclusiva.org\/","name":"Clm-Inclusiva","description":"Confederaci\u00f3n de entidades de personas con discapacidad f\u00edsica y org\u00e1nica CLM","publisher":{"@id":"https:\/\/clm-inclusiva.org\/#organization"},"potentialAction":[{"@type":"SearchAction","target":{"@type":"EntryPoint","urlTemplate":"https:\/\/clm-inclusiva.org\/?s={search_term_string}"},"query-input":"required name=search_term_string"}],"inLanguage":"es"},{"@type":"Organization","@id":"https:\/\/clm-inclusiva.org\/#organization","name":"Clm-Inclusiva","url":"https:\/\/clm-inclusiva.org\/","logo":{"@type":"ImageObject","inLanguage":"es","@id":"https:\/\/clm-inclusiva.org\/#\/schema\/logo\/image\/","url":"http:\/\/clm-inclusiva.org\/wp-content\/uploads\/2019\/04\/banner-e1533720812836.jpg","contentUrl":"http:\/\/clm-inclusiva.org\/wp-content\/uploads\/2019\/04\/banner-e1533720812836.jpg","width":600,"height":332,"caption":"Clm-Inclusiva"},"image":{"@id":"https:\/\/clm-inclusiva.org\/#\/schema\/logo\/image\/"},"sameAs":["https:\/\/www.facebook.com\/castillalamancha.inclusiva\/","https:\/\/twitter.com\/ClmInclusiva"]}]}},"_links":{"self":[{"href":"https:\/\/clm-inclusiva.org\/index.php?rest_route=\/wp\/v2\/pages\/2445"}],"collection":[{"href":"https:\/\/clm-inclusiva.org\/index.php?rest_route=\/wp\/v2\/pages"}],"about":[{"href":"https:\/\/clm-inclusiva.org\/index.php?rest_route=\/wp\/v2\/types\/page"}],"author":[{"embeddable":true,"href":"https:\/\/clm-inclusiva.org\/index.php?rest_route=\/wp\/v2\/users\/1"}],"replies":[{"embeddable":true,"href":"https:\/\/clm-inclusiva.org\/index.php?rest_route=%2Fwp%2Fv2%2Fcomments&post=2445"}],"version-history":[{"count":1,"href":"https:\/\/clm-inclusiva.org\/index.php?rest_route=\/wp\/v2\/pages\/2445\/revisions"}],"predecessor-version":[{"id":2446,"href":"https:\/\/clm-inclusiva.org\/index.php?rest_route=\/wp\/v2\/pages\/2445\/revisions\/2446"}],"wp:attachment":[{"href":"https:\/\/clm-inclusiva.org\/index.php?rest_route=%2Fwp%2Fv2%2Fmedia&parent=2445"}],"curies":[{"name":"wp","href":"https:\/\/api.w.org\/{rel}","templated":true}]}}