{"id":2384,"date":"2019-06-12T22:48:33","date_gmt":"2019-06-12T20:48:33","guid":{"rendered":"http:\/\/clm-inclusiva.org\/?page_id=2384"},"modified":"2025-06-10T10:00:42","modified_gmt":"2025-06-10T08:00:42","slug":"memorias","status":"publish","type":"page","link":"https:\/\/clm-inclusiva.org\/?page_id=2384","title":{"rendered":"Memorias"},"content":{"rendered":"<p>[et_pb_section fb_built=&#8221;1&#8243; admin_label=&#8221;section&#8221; _builder_version=&#8221;3.22.3&#8243;][et_pb_row admin_label=&#8221;row&#8221; _builder_version=&#8221;3.26.2&#8243; background_size=&#8221;initial&#8221; background_position=&#8221;top_left&#8221; background_repeat=&#8221;repeat&#8221;][et_pb_column type=&#8221;4_4&#8243; _builder_version=&#8221;3.26.2&#8243; custom_padding=&#8221;|||&#8221; custom_padding__hover=&#8221;|||&#8221;][et_pb_blurb title=&#8221;Memorias Anuales&#8221; use_icon=&#8221;on&#8221; font_icon=&#8221;%%127%%&#8221; _builder_version=&#8221;4.1&#8243; header_level=&#8221;h1&#8243; header_font=&#8221;||||||||&#8221; header_text_align=&#8221;center&#8221; body_font=&#8221;||||||||&#8221; body_text_align=&#8221;center&#8221; body_font_size=&#8221;16px&#8221; header_text_shadow_style=&#8221;preset2&#8243;]<\/p>\n<p>Relaci\u00f3n de las memorias anuales<\/p>\n<p>[\/et_pb_blurb][et_pb_accordion icon_color=&#8221;#ea6900&#8243; use_icon_font_size=&#8221;on&#8221; icon_font_size=&#8221;25px&#8221; _builder_version=&#8221;4.1&#8243; toggle_level=&#8221;h3&#8243; body_font_size=&#8221;25px&#8221; body_line_height=&#8221;1.8em&#8221; toggle_text_shadow_style=&#8221;preset1&#8243; text_shadow_style=&#8221;preset1&#8243; open_toggle_background_color__hover_enabled=&#8221;on|desktop&#8221;][et_pb_accordion_item title=&#8221;2021&#8243; open=&#8221;on&#8221; _builder_version=&#8221;4.1&#8243; background_enable_color=&#8221;off&#8221; toggle_level=&#8221;h1&#8243; toggle_font_size=&#8221;30px&#8221; open_use_icon_font_size=&#8221;off&#8221;]<\/p>\n<blockquote>\n<p><a href=\"http:\/\/clm-inclusiva.org\/wp-content\/uploads\/2022\/09\/MEMORIA-2021.pdf\" rel=\"attachment wp-att-3553 noopener noreferrer\" target=\"_blank\">VER MEMORIA<\/a><\/p>\n<\/blockquote>\n<p>[\/et_pb_accordion_item][et_pb_accordion_item title=&#8221;2018&#8243; _builder_version=&#8221;4.0.11&#8243; background_enable_color=&#8221;off&#8221; toggle_level=&#8221;h1&#8243; toggle_font_size=&#8221;30px&#8221; open_use_icon_font_size=&#8221;off&#8221; open=&#8221;off&#8221;]<\/p>\n<blockquote>\n<p><a href=\"http:\/\/clm-inclusiva.org\/wp-content\/uploads\/2020\/01\/MEMORIA-CLM-INCLUSIVA-GESTI\u00d3N-2018.pdf\" rel=\"attachment wp-att-3553 noopener noreferrer\" target=\"_blank\">VER MEMORIA<\/a><\/p>\n<\/blockquote>\n<p>[\/et_pb_accordion_item][et_pb_accordion_item title=&#8221;2017&#8243; _builder_version=&#8221;4.0.11&#8243; background_enable_color=&#8221;off&#8221; toggle_level=&#8221;h1&#8243; toggle_font_size=&#8221;30px&#8221; open_use_icon_font_size=&#8221;off&#8221; open=&#8221;off&#8221;]<\/p>\n<blockquote>\n<p><a href=\"http:\/\/clm-inclusiva.org\/wp-content\/uploads\/2018\/07\/memoria-2017-clm-inclusiva-ASAMBLEA-1.pdf\" rel=\"attachment wp-att-3553 noopener noreferrer\" target=\"_blank\">VER MEMORIA<\/a><\/p>\n<\/blockquote>\n<p>[\/et_pb_accordion_item][\/et_pb_accordion][\/et_pb_column][\/et_pb_row][\/et_pb_section]<\/p>\n","protected":false},"excerpt":{"rendered":"<p>[et_pb_section fb_built=&#8221;1&#8243; admin_label=&#8221;section&#8221; _builder_version=&#8221;3.22.3&#8243;][et_pb_row admin_label=&#8221;row&#8221; _builder_version=&#8221;3.26.2&#8243; background_size=&#8221;initial&#8221; background_position=&#8221;top_left&#8221; background_repeat=&#8221;repeat&#8221;][et_pb_column type=&#8221;4_4&#8243; _builder_version=&#8221;3.26.2&#8243; custom_padding=&#8221;|||&#8221; custom_padding__hover=&#8221;|||&#8221;][et_pb_blurb title=&#8221;Memorias Anuales&#8221; use_icon=&#8221;on&#8221; font_icon=&#8221;%%127%%&#8221; _builder_version=&#8221;4.1&#8243; header_level=&#8221;h1&#8243; header_font=&#8221;||||||||&#8221; header_text_align=&#8221;center&#8221; body_font=&#8221;||||||||&#8221; body_text_align=&#8221;center&#8221; body_font_size=&#8221;16px&#8221; header_text_shadow_style=&#8221;preset2&#8243;] Relaci\u00f3n de las memorias anuales [\/et_pb_blurb][et_pb_accordion icon_color=&#8221;#ea6900&#8243; use_icon_font_size=&#8221;on&#8221; icon_font_size=&#8221;25px&#8221; _builder_version=&#8221;4.1&#8243; toggle_level=&#8221;h3&#8243; body_font_size=&#8221;25px&#8221; body_line_height=&#8221;1.8em&#8221; toggle_text_shadow_style=&#8221;preset1&#8243; text_shadow_style=&#8221;preset1&#8243; open_toggle_background_color__hover_enabled=&#8221;on|desktop&#8221;][et_pb_accordion_item title=&#8221;2021&#8243; open=&#8221;on&#8221; _builder_version=&#8221;4.1&#8243; background_enable_color=&#8221;off&#8221; toggle_level=&#8221;h1&#8243; toggle_font_size=&#8221;30px&#8221; open_use_icon_font_size=&#8221;off&#8221;] VER MEMORIA [\/et_pb_accordion_item][et_pb_accordion_item title=&#8221;2018&#8243; _builder_version=&#8221;4.0.11&#8243; background_enable_color=&#8221;off&#8221; toggle_level=&#8221;h1&#8243; [&hellip;]<\/p>\n","protected":false},"author":1,"featured_media":0,"parent":0,"menu_order":0,"comment_status":"closed","ping_status":"closed","template":"","meta":{"_et_pb_use_builder":"on","_et_pb_old_content":"\t\t\t\t\r\n\t\t\t\t[responsivevoice_button voice=\"Spanish Female\" buttontext=\"Reproducir\"]\r\n\t\t\t\t","_et_gb_content_width":"","footnotes":""},"yoast_head":"<!-- This site is optimized with the Yoast SEO plugin v21.3 - https:\/\/yoast.com\/wordpress\/plugins\/seo\/ -->\n<title>Memorias - Clm-Inclusiva<\/title>\n<meta name=\"robots\" content=\"index, follow, max-snippet:-1, max-image-preview:large, max-video-preview:-1\" \/>\n<link rel=\"canonical\" href=\"https:\/\/clm-inclusiva.org\/?page_id=2384\" \/>\n<meta property=\"og:locale\" content=\"es_ES\" \/>\n<meta property=\"og:type\" content=\"article\" \/>\n<meta property=\"og:title\" content=\"Memorias - Clm-Inclusiva\" \/>\n<meta property=\"og:description\" content=\"[et_pb_section fb_built=&#8221;1&#8243; admin_label=&#8221;section&#8221; _builder_version=&#8221;3.22.3&#8243;][et_pb_row admin_label=&#8221;row&#8221; _builder_version=&#8221;3.26.2&#8243; background_size=&#8221;initial&#8221; background_position=&#8221;top_left&#8221; background_repeat=&#8221;repeat&#8221;][et_pb_column type=&#8221;4_4&#8243; _builder_version=&#8221;3.26.2&#8243; custom_padding=&#8221;|||&#8221; custom_padding__hover=&#8221;|||&#8221;][et_pb_blurb title=&#8221;Memorias Anuales&#8221; use_icon=&#8221;on&#8221; font_icon=&#8221;&#8221; _builder_version=&#8221;4.1&#8243; header_level=&#8221;h1&#8243; header_font=&#8221;||||||||&#8221; header_text_align=&#8221;center&#8221; body_font=&#8221;||||||||&#8221; body_text_align=&#8221;center&#8221; body_font_size=&#8221;16px&#8221; header_text_shadow_style=&#8221;preset2&#8243;] Relaci\u00f3n de las memorias anuales [\/et_pb_blurb][et_pb_accordion icon_color=&#8221;#ea6900&#8243; use_icon_font_size=&#8221;on&#8221; icon_font_size=&#8221;25px&#8221; _builder_version=&#8221;4.1&#8243; toggle_level=&#8221;h3&#8243; body_font_size=&#8221;25px&#8221; body_line_height=&#8221;1.8em&#8221; toggle_text_shadow_style=&#8221;preset1&#8243; text_shadow_style=&#8221;preset1&#8243; open_toggle_background_color__hover_enabled=&#8221;on|desktop&#8221;][et_pb_accordion_item title=&#8221;2021&#8243; open=&#8221;on&#8221; _builder_version=&#8221;4.1&#8243; background_enable_color=&#8221;off&#8221; toggle_level=&#8221;h1&#8243; toggle_font_size=&#8221;30px&#8221; open_use_icon_font_size=&#8221;off&#8221;] VER MEMORIA [\/et_pb_accordion_item][et_pb_accordion_item title=&#8221;2018&#8243; _builder_version=&#8221;4.0.11&#8243; background_enable_color=&#8221;off&#8221; toggle_level=&#8221;h1&#8243; [&hellip;]\" \/>\n<meta property=\"og:url\" content=\"https:\/\/clm-inclusiva.org\/?page_id=2384\" \/>\n<meta property=\"og:site_name\" content=\"Clm-Inclusiva\" \/>\n<meta property=\"article:publisher\" content=\"https:\/\/www.facebook.com\/castillalamancha.inclusiva\/\" \/>\n<meta property=\"article:modified_time\" content=\"2025-06-10T08:00:42+00:00\" \/>\n<meta name=\"twitter:card\" content=\"summary_large_image\" \/>\n<meta name=\"twitter:site\" content=\"@ClmInclusiva\" \/>\n<meta name=\"twitter:label1\" content=\"Tiempo de lectura\" \/>\n\t<meta name=\"twitter:data1\" content=\"1 minuto\" \/>\n<script type=\"application\/ld+json\" class=\"yoast-schema-graph\">{\"@context\":\"https:\/\/schema.org\",\"@graph\":[{\"@type\":\"WebPage\",\"@id\":\"https:\/\/clm-inclusiva.org\/?page_id=2384\",\"url\":\"https:\/\/clm-inclusiva.org\/?page_id=2384\",\"name\":\"Memorias - Clm-Inclusiva\",\"isPartOf\":{\"@id\":\"https:\/\/clm-inclusiva.org\/#website\"},\"datePublished\":\"2019-06-12T20:48:33+00:00\",\"dateModified\":\"2025-06-10T08:00:42+00:00\",\"breadcrumb\":{\"@id\":\"https:\/\/clm-inclusiva.org\/?page_id=2384#breadcrumb\"},\"inLanguage\":\"es\",\"potentialAction\":[{\"@type\":\"ReadAction\",\"target\":[\"https:\/\/clm-inclusiva.org\/?page_id=2384\"]}]},{\"@type\":\"BreadcrumbList\",\"@id\":\"https:\/\/clm-inclusiva.org\/?page_id=2384#breadcrumb\",\"itemListElement\":[{\"@type\":\"ListItem\",\"position\":1,\"name\":\"Portada\",\"item\":\"https:\/\/clm-inclusiva.org\/\"},{\"@type\":\"ListItem\",\"position\":2,\"name\":\"Memorias\"}]},{\"@type\":\"WebSite\",\"@id\":\"https:\/\/clm-inclusiva.org\/#website\",\"url\":\"https:\/\/clm-inclusiva.org\/\",\"name\":\"Clm-Inclusiva\",\"description\":\"Confederaci\u00f3n de entidades de personas con discapacidad f\u00edsica y org\u00e1nica CLM\",\"publisher\":{\"@id\":\"https:\/\/clm-inclusiva.org\/#organization\"},\"potentialAction\":[{\"@type\":\"SearchAction\",\"target\":{\"@type\":\"EntryPoint\",\"urlTemplate\":\"https:\/\/clm-inclusiva.org\/?s={search_term_string}\"},\"query-input\":\"required name=search_term_string\"}],\"inLanguage\":\"es\"},{\"@type\":\"Organization\",\"@id\":\"https:\/\/clm-inclusiva.org\/#organization\",\"name\":\"Clm-Inclusiva\",\"url\":\"https:\/\/clm-inclusiva.org\/\",\"logo\":{\"@type\":\"ImageObject\",\"inLanguage\":\"es\",\"@id\":\"https:\/\/clm-inclusiva.org\/#\/schema\/logo\/image\/\",\"url\":\"http:\/\/clm-inclusiva.org\/wp-content\/uploads\/2019\/04\/banner-e1533720812836.jpg\",\"contentUrl\":\"http:\/\/clm-inclusiva.org\/wp-content\/uploads\/2019\/04\/banner-e1533720812836.jpg\",\"width\":600,\"height\":332,\"caption\":\"Clm-Inclusiva\"},\"image\":{\"@id\":\"https:\/\/clm-inclusiva.org\/#\/schema\/logo\/image\/\"},\"sameAs\":[\"https:\/\/www.facebook.com\/castillalamancha.inclusiva\/\",\"https:\/\/twitter.com\/ClmInclusiva\"]}]}<\/script>\n<!-- \/ Yoast SEO plugin. -->","yoast_head_json":{"title":"Memorias - Clm-Inclusiva","robots":{"index":"index","follow":"follow","max-snippet":"max-snippet:-1","max-image-preview":"max-image-preview:large","max-video-preview":"max-video-preview:-1"},"canonical":"https:\/\/clm-inclusiva.org\/?page_id=2384","og_locale":"es_ES","og_type":"article","og_title":"Memorias - Clm-Inclusiva","og_description":"[et_pb_section fb_built=&#8221;1&#8243; admin_label=&#8221;section&#8221; _builder_version=&#8221;3.22.3&#8243;][et_pb_row admin_label=&#8221;row&#8221; _builder_version=&#8221;3.26.2&#8243; background_size=&#8221;initial&#8221; background_position=&#8221;top_left&#8221; background_repeat=&#8221;repeat&#8221;][et_pb_column type=&#8221;4_4&#8243; _builder_version=&#8221;3.26.2&#8243; custom_padding=&#8221;|||&#8221; custom_padding__hover=&#8221;|||&#8221;][et_pb_blurb title=&#8221;Memorias Anuales&#8221; use_icon=&#8221;on&#8221; font_icon=&#8221;&#8221; _builder_version=&#8221;4.1&#8243; header_level=&#8221;h1&#8243; header_font=&#8221;||||||||&#8221; header_text_align=&#8221;center&#8221; body_font=&#8221;||||||||&#8221; body_text_align=&#8221;center&#8221; body_font_size=&#8221;16px&#8221; header_text_shadow_style=&#8221;preset2&#8243;] Relaci\u00f3n de las memorias anuales [\/et_pb_blurb][et_pb_accordion icon_color=&#8221;#ea6900&#8243; use_icon_font_size=&#8221;on&#8221; icon_font_size=&#8221;25px&#8221; _builder_version=&#8221;4.1&#8243; toggle_level=&#8221;h3&#8243; body_font_size=&#8221;25px&#8221; body_line_height=&#8221;1.8em&#8221; toggle_text_shadow_style=&#8221;preset1&#8243; text_shadow_style=&#8221;preset1&#8243; open_toggle_background_color__hover_enabled=&#8221;on|desktop&#8221;][et_pb_accordion_item title=&#8221;2021&#8243; open=&#8221;on&#8221; _builder_version=&#8221;4.1&#8243; background_enable_color=&#8221;off&#8221; toggle_level=&#8221;h1&#8243; toggle_font_size=&#8221;30px&#8221; open_use_icon_font_size=&#8221;off&#8221;] VER MEMORIA [\/et_pb_accordion_item][et_pb_accordion_item title=&#8221;2018&#8243; _builder_version=&#8221;4.0.11&#8243; background_enable_color=&#8221;off&#8221; toggle_level=&#8221;h1&#8243; [&hellip;]","og_url":"https:\/\/clm-inclusiva.org\/?page_id=2384","og_site_name":"Clm-Inclusiva","article_publisher":"https:\/\/www.facebook.com\/castillalamancha.inclusiva\/","article_modified_time":"2025-06-10T08:00:42+00:00","twitter_card":"summary_large_image","twitter_site":"@ClmInclusiva","twitter_misc":{"Tiempo de lectura":"1 minuto"},"schema":{"@context":"https:\/\/schema.org","@graph":[{"@type":"WebPage","@id":"https:\/\/clm-inclusiva.org\/?page_id=2384","url":"https:\/\/clm-inclusiva.org\/?page_id=2384","name":"Memorias - Clm-Inclusiva","isPartOf":{"@id":"https:\/\/clm-inclusiva.org\/#website"},"datePublished":"2019-06-12T20:48:33+00:00","dateModified":"2025-06-10T08:00:42+00:00","breadcrumb":{"@id":"https:\/\/clm-inclusiva.org\/?page_id=2384#breadcrumb"},"inLanguage":"es","potentialAction":[{"@type":"ReadAction","target":["https:\/\/clm-inclusiva.org\/?page_id=2384"]}]},{"@type":"BreadcrumbList","@id":"https:\/\/clm-inclusiva.org\/?page_id=2384#breadcrumb","itemListElement":[{"@type":"ListItem","position":1,"name":"Portada","item":"https:\/\/clm-inclusiva.org\/"},{"@type":"ListItem","position":2,"name":"Memorias"}]},{"@type":"WebSite","@id":"https:\/\/clm-inclusiva.org\/#website","url":"https:\/\/clm-inclusiva.org\/","name":"Clm-Inclusiva","description":"Confederaci\u00f3n de entidades de personas con discapacidad f\u00edsica y org\u00e1nica CLM","publisher":{"@id":"https:\/\/clm-inclusiva.org\/#organization"},"potentialAction":[{"@type":"SearchAction","target":{"@type":"EntryPoint","urlTemplate":"https:\/\/clm-inclusiva.org\/?s={search_term_string}"},"query-input":"required name=search_term_string"}],"inLanguage":"es"},{"@type":"Organization","@id":"https:\/\/clm-inclusiva.org\/#organization","name":"Clm-Inclusiva","url":"https:\/\/clm-inclusiva.org\/","logo":{"@type":"ImageObject","inLanguage":"es","@id":"https:\/\/clm-inclusiva.org\/#\/schema\/logo\/image\/","url":"http:\/\/clm-inclusiva.org\/wp-content\/uploads\/2019\/04\/banner-e1533720812836.jpg","contentUrl":"http:\/\/clm-inclusiva.org\/wp-content\/uploads\/2019\/04\/banner-e1533720812836.jpg","width":600,"height":332,"caption":"Clm-Inclusiva"},"image":{"@id":"https:\/\/clm-inclusiva.org\/#\/schema\/logo\/image\/"},"sameAs":["https:\/\/www.facebook.com\/castillalamancha.inclusiva\/","https:\/\/twitter.com\/ClmInclusiva"]}]}},"_links":{"self":[{"href":"https:\/\/clm-inclusiva.org\/index.php?rest_route=\/wp\/v2\/pages\/2384"}],"collection":[{"href":"https:\/\/clm-inclusiva.org\/index.php?rest_route=\/wp\/v2\/pages"}],"about":[{"href":"https:\/\/clm-inclusiva.org\/index.php?rest_route=\/wp\/v2\/types\/page"}],"author":[{"embeddable":true,"href":"https:\/\/clm-inclusiva.org\/index.php?rest_route=\/wp\/v2\/users\/1"}],"replies":[{"embeddable":true,"href":"https:\/\/clm-inclusiva.org\/index.php?rest_route=%2Fwp%2Fv2%2Fcomments&post=2384"}],"version-history":[{"count":15,"href":"https:\/\/clm-inclusiva.org\/index.php?rest_route=\/wp\/v2\/pages\/2384\/revisions"}],"predecessor-version":[{"id":5509,"href":"https:\/\/clm-inclusiva.org\/index.php?rest_route=\/wp\/v2\/pages\/2384\/revisions\/5509"}],"wp:attachment":[{"href":"https:\/\/clm-inclusiva.org\/index.php?rest_route=%2Fwp%2Fv2%2Fmedia&parent=2384"}],"curies":[{"name":"wp","href":"https:\/\/api.w.org\/{rel}","templated":true}]}}