{"id":2294,"date":"2019-06-03T00:09:07","date_gmt":"2019-06-02T22:09:07","guid":{"rendered":"http:\/\/clm-inclusiva.org\/?page_id=2294"},"modified":"2020-01-04T11:44:59","modified_gmt":"2020-01-04T09:44:59","slug":"centros-integracion-laboral","status":"publish","type":"page","link":"https:\/\/clm-inclusiva.org\/?page_id=2294","title":{"rendered":"Servicios Inclusi\u00f3n Laboral"},"content":{"rendered":"<p>[et_pb_section fb_built=&#8221;1&#8243; _builder_version=&#8221;3.23.3&#8243;][et_pb_row column_structure=&#8221;1_3,1_3,1_3&#8243; _builder_version=&#8221;3.25&#8243; custom_padding=&#8221;|30px||30px|false|true&#8221;][et_pb_column type=&#8221;1_3&#8243; _builder_version=&#8221;3.25&#8243; custom_padding=&#8221;|||&#8221; custom_padding__hover=&#8221;|||&#8221;][et_pb_blurb title=&#8221;Albacete S.I.L.&#8221; use_icon=&#8221;on&#8221; font_icon=&#8221;%%122%%&#8221; icon_placement=&#8221;left&#8221; use_icon_font_size=&#8221;on&#8221; icon_font_size=&#8221;50px&#8221; _builder_version=&#8221;4.0.11&#8243; header_level=&#8221;h2&#8243; header_font=&#8221;||||||||&#8221; body_font=&#8221;||||||||&#8221; custom_margin=&#8221;88px||88px||true&#8221; hover_enabled=&#8221;0&#8243;]<\/p>\n<p><strong>Direcci\u00f3n:<\/strong> <span>Calle Alcalde Conangla, 66<\/span><br \/> 02001 Albacete<br \/> <strong>Tlfno:<\/strong> 967 105 262<\/p>\n<p>[\/et_pb_blurb][\/et_pb_column][et_pb_column type=&#8221;1_3&#8243; _builder_version=&#8221;3.25&#8243; custom_padding=&#8221;|||&#8221; custom_padding__hover=&#8221;|||&#8221;][et_pb_code _builder_version=&#8221;4.0.11&#8243; width=&#8221;86.2%&#8221; custom_margin=&#8221;||-18px|||&#8221; custom_padding=&#8221;0px||0px||true|&#8221; hover_enabled=&#8221;0&#8243;]<iframe loading=\"lazy\" src=\"https:\/\/www.google.com\/maps\/embed?pb=!4v1578130946060!6m8!1m7!1sfFJLAp-uZx72tLKgmabFTQ!2m2!1d38.99227337716516!2d-1.847467460193341!3f240.6674988756887!4f-4.507054984934356!5f0.6556431910147366\" width=\"450\" height=\"226\" frameborder=\"0\" style=\"border:0;\" allowfullscreen=\"\"><\/iframe>[\/et_pb_code][\/et_pb_column][et_pb_column type=&#8221;1_3&#8243; _builder_version=&#8221;3.25&#8243; custom_padding=&#8221;|||&#8221; custom_padding__hover=&#8221;|||&#8221;][et_pb_map address=&#8221;Calle Alcalde Conangla, 66, 02001 Albacete, Espa\u00f1a&#8221; address_lat=&#8221;38.9923734&#8243; address_lng=&#8221;-1.8476462&#8243; _builder_version=&#8221;4.0.11&#8243; width=&#8221;100%&#8221; min_height=&#8221;310px&#8221; custom_margin=&#8221;0px|0px|0px|0px||&#8221; custom_padding=&#8221;0px|0px|0px|0px|true|&#8221; hover_enabled=&#8221;0&#8243;][et_pb_map_pin title=&#8221;S.I.L. Albacete&#8221; pin_address=&#8221;Calle Alcalde Conangla, 66, 02001 Albacete, Espa\u00f1a&#8221; pin_address_lat=&#8221;38.9923734&#8243; pin_address_lng=&#8221;-1.8476462&#8243; _builder_version=&#8221;4.0.11&#8243; hover_enabled=&#8221;0&#8243;][\/et_pb_map_pin][\/et_pb_map][\/et_pb_column][\/et_pb_row][et_pb_row _builder_version=&#8221;3.25&#8243;][et_pb_column type=&#8221;4_4&#8243; _builder_version=&#8221;3.25&#8243; custom_padding=&#8221;|||&#8221; custom_padding__hover=&#8221;|||&#8221;][et_pb_divider _builder_version=&#8221;3.23.3&#8243;][\/et_pb_divider][\/et_pb_column][\/et_pb_row][et_pb_row column_structure=&#8221;1_3,1_3,1_3&#8243; _builder_version=&#8221;3.25&#8243; custom_padding=&#8221;|30px||30px|false|true&#8221;][et_pb_column type=&#8221;1_3&#8243; _builder_version=&#8221;3.25&#8243; custom_padding=&#8221;|||&#8221; custom_padding__hover=&#8221;|||&#8221;][et_pb_blurb title=&#8221;Ciudad Real S.I.L.&#8221; use_icon=&#8221;on&#8221; font_icon=&#8221;%%122%%&#8221; icon_placement=&#8221;left&#8221; use_icon_font_size=&#8221;on&#8221; icon_font_size=&#8221;50px&#8221; _builder_version=&#8221;3.23.3&#8243; header_level=&#8221;h2&#8243; header_font=&#8221;||||||||&#8221; body_font=&#8221;||||||||&#8221; custom_margin=&#8221;88px||88px||true&#8221;]<\/p>\n<p><strong>Direcci\u00f3n:<\/strong> C\/ Reina Sofia 2<br \/> 13500 Puertollano<br \/> Ciudad Real<br \/> <strong>Tlfno:<\/strong> 926 105 058<\/p>\n<p>[\/et_pb_blurb][\/et_pb_column][et_pb_column type=&#8221;1_3&#8243; _builder_version=&#8221;3.25&#8243; custom_padding=&#8221;|||&#8221; custom_padding__hover=&#8221;|||&#8221;][et_pb_code _builder_version=&#8221;4.0.11&#8243; width=&#8221;86.2%&#8221; custom_padding=&#8221;23px||23px||true|&#8221; hover_enabled=&#8221;0&#8243;]<iframe loading=\"lazy\" src=\"https:\/\/www.google.com\/maps\/embed?pb=!4v1560465553851!6m8!1m7!1st4s0P6QrBFvD6t1UHyDfnA!2m2!1d38.70446920836419!2d-4.115669226174231!3f95.32900725032066!4f-3.7841360604828935!5f0.7820865974627469\" width=\"450\" height=\"226\" frameborder=\"0\" style=\"border:0\" allowfullscreen><\/iframe>[\/et_pb_code][\/et_pb_column][et_pb_column type=&#8221;1_3&#8243; _builder_version=&#8221;3.25&#8243; custom_padding=&#8221;|||&#8221; custom_padding__hover=&#8221;|||&#8221;][et_pb_map address=&#8221;Calle R. Sofia, 2, 13500 Puertollano, Cdad. Real, Espa\u00f1a&#8221; address_lat=&#8221;38.7044354&#8243; address_lng=&#8221;-4.115243&#8243; _builder_version=&#8221;3.23.3&#8243; width=&#8221;100%&#8221; min_height=&#8221;310px&#8221; custom_margin=&#8221;0px|0px|0px|0px||&#8221; custom_padding=&#8221;24px|0px|24px|0px|true|&#8221;][et_pb_map_pin title=&#8221;S.I.L. Puertollano (Ciudad Real)&#8221; pin_address=&#8221;Calle R. Sofia, 2, 13500 Puertollano, Cdad. Real, Espa\u00f1a&#8221; pin_address_lat=&#8221;38.7044354&#8243; pin_address_lng=&#8221;-4.115243&#8243; _builder_version=&#8221;3.23.3&#8243;][\/et_pb_map_pin][\/et_pb_map][\/et_pb_column][\/et_pb_row][et_pb_row _builder_version=&#8221;3.25&#8243;][et_pb_column type=&#8221;4_4&#8243; _builder_version=&#8221;3.25&#8243; custom_padding=&#8221;|||&#8221; custom_padding__hover=&#8221;|||&#8221;][et_pb_divider _builder_version=&#8221;3.23.3&#8243;][\/et_pb_divider][\/et_pb_column][\/et_pb_row][et_pb_row column_structure=&#8221;1_3,1_3,1_3&#8243; _builder_version=&#8221;3.25&#8243; custom_padding=&#8221;|30px||30px|false|true&#8221;][et_pb_column type=&#8221;1_3&#8243; _builder_version=&#8221;3.25&#8243; custom_padding=&#8221;|||&#8221; custom_padding__hover=&#8221;|||&#8221;][et_pb_blurb title=&#8221;Cuenca S.I.L.&#8221; use_icon=&#8221;on&#8221; font_icon=&#8221;%%122%%&#8221; icon_placement=&#8221;left&#8221; use_icon_font_size=&#8221;on&#8221; icon_font_size=&#8221;50px&#8221; _builder_version=&#8221;3.23.3&#8243; header_level=&#8221;h2&#8243; header_font=&#8221;||||||||&#8221; body_font=&#8221;||||||||&#8221; custom_margin=&#8221;88px||88px||true&#8221;]<\/p>\n<p><strong>Direcci\u00f3n:<\/strong> Calle Juan Martino, 2<br \/> 16003 Cuenca<br \/> <strong>Tlfno:<\/strong> 969 083 004<\/p>\n<p>[\/et_pb_blurb][\/et_pb_column][et_pb_column type=&#8221;1_3&#8243; _builder_version=&#8221;3.25&#8243; custom_padding=&#8221;|||&#8221; custom_padding__hover=&#8221;|||&#8221;][et_pb_code _builder_version=&#8221;3.23.3&#8243; width=&#8221;86.2%&#8221; custom_padding=&#8221;11px||11px||true|&#8221;]<iframe loading=\"lazy\" src=\"https:\/\/www.google.com\/maps\/embed?pb=!4v1560466366213!6m8!1m7!1s6JSkwfL3fQr4aYpts-FllQ!2m2!1d40.06610241099466!2d-2.141314569323674!3f287.28913733483796!4f-0.733900693277306!5f0.7820865974627469\" width=\"450\" height=\"227\" frameborder=\"0\" style=\"border:0\" allowfullscreen><\/iframe>[\/et_pb_code][\/et_pb_column][et_pb_column type=&#8221;1_3&#8243; _builder_version=&#8221;3.25&#8243; custom_padding=&#8221;|||&#8221; custom_padding__hover=&#8221;|||&#8221;][et_pb_map address=&#8221;Calle Juan Martino, 2, 16003 Cuenca, Espa\u00f1a&#8221; address_lat=&#8221;40.0662032&#8243; address_lng=&#8221;-2.141572&#8243; _builder_version=&#8221;3.23.3&#8243; width=&#8221;100%&#8221; min_height=&#8221;310px&#8221; custom_margin=&#8221;0px|0px|0px|0px||&#8221; custom_padding=&#8221;12px|0px|12px|0px|true|&#8221;][et_pb_map_pin title=&#8221;S.I.L. Cuenca&#8221; pin_address=&#8221;Calle Juan Martino, 2, 16003 Cuenca, Espa\u00f1a&#8221; pin_address_lat=&#8221;40.0662032&#8243; pin_address_lng=&#8221;-2.141572&#8243; _builder_version=&#8221;3.23.3&#8243;][\/et_pb_map_pin][\/et_pb_map][\/et_pb_column][\/et_pb_row][et_pb_row _builder_version=&#8221;3.25&#8243;][et_pb_column type=&#8221;4_4&#8243; _builder_version=&#8221;3.25&#8243; custom_padding=&#8221;|||&#8221; custom_padding__hover=&#8221;|||&#8221;][et_pb_divider _builder_version=&#8221;3.23.3&#8243;][\/et_pb_divider][\/et_pb_column][\/et_pb_row][et_pb_row column_structure=&#8221;1_3,1_3,1_3&#8243; _builder_version=&#8221;3.25&#8243; custom_padding=&#8221;|30px||30px|false|true&#8221;][et_pb_column type=&#8221;1_3&#8243; _builder_version=&#8221;3.25&#8243; custom_padding=&#8221;|||&#8221; custom_padding__hover=&#8221;|||&#8221;][et_pb_blurb title=&#8221;Guadalajara S.I.L.&#8221; use_icon=&#8221;on&#8221; font_icon=&#8221;%%122%%&#8221; icon_placement=&#8221;left&#8221; use_icon_font_size=&#8221;on&#8221; icon_font_size=&#8221;50px&#8221; _builder_version=&#8221;3.23.3&#8243; header_level=&#8221;h2&#8243; header_font=&#8221;||||||||&#8221; body_font=&#8221;||||||||&#8221; custom_margin=&#8221;88px||88px||true&#8221;]<strong>Direcci\u00f3n:<\/strong> Calle Dr. Layna Serrano, 22<br \/>\n19002 Guadalajara<br \/>\n<strong>Tlfnos:<\/strong> 949 036 008 &#8211; 949 036 560[\/et_pb_blurb][\/et_pb_column][et_pb_column type=&#8221;1_3&#8243; _builder_version=&#8221;3.25&#8243; custom_padding=&#8221;|||&#8221; custom_padding__hover=&#8221;|||&#8221;][et_pb_code _builder_version=&#8221;3.23.3&#8243; width=&#8221;86.2%&#8221; custom_padding=&#8221;23px||23px||true|&#8221;]<iframe src=\"https:\/\/www.google.com\/maps\/embed?pb=!4v1560466805187!6m8!1m7!1s54XCxTm5JWnB3CrKj8eVkQ!2m2!1d40.6245890773391!2d-3.163185528192125!3f236.6805942481683!4f-3.926143270184994!5f0.7820865974627469\"width=\"450\" height=\"226\" frameborder=\"0\" style=\"border:0\" allowfullscreen><\/iframe>[\/et_pb_code][\/et_pb_column][et_pb_column type=&#8221;1_3&#8243; _builder_version=&#8221;3.25&#8243; custom_padding=&#8221;|||&#8221; custom_padding__hover=&#8221;|||&#8221;][et_pb_map address=&#8221;Calle Dr. Layna Serrano, 22, 19002 Guadalajara, Espa\u00f1a&#8221; address_lat=&#8221;40.6245012&#8243; address_lng=&#8221;-3.1633077&#8243; _builder_version=&#8221;3.23.3&#8243; width=&#8221;100%&#8221; min_height=&#8221;310px&#8221; custom_margin=&#8221;0px|0px|0px|0px||&#8221; custom_padding=&#8221;24px|0px|24px|0px|true|&#8221;][et_pb_map_pin title=&#8221;S.I.L. Guadalajara&#8221; pin_address=&#8221;Calle Dr. Layna Serrano, 22, 19002 Guadalajara, Espa\u00f1a&#8221; pin_address_lat=&#8221;40.6245012&#8243; pin_address_lng=&#8221;-3.1633077&#8243; _builder_version=&#8221;3.23.3&#8243;][\/et_pb_map_pin][\/et_pb_map][\/et_pb_column][\/et_pb_row][et_pb_row _builder_version=&#8221;3.25&#8243;][et_pb_column type=&#8221;4_4&#8243; _builder_version=&#8221;3.25&#8243; custom_padding=&#8221;|||&#8221; custom_padding__hover=&#8221;|||&#8221;][et_pb_divider _builder_version=&#8221;3.23.3&#8243;][\/et_pb_divider][\/et_pb_column][\/et_pb_row][et_pb_row column_structure=&#8221;1_3,1_3,1_3&#8243; _builder_version=&#8221;3.25&#8243; custom_padding=&#8221;|30px||30px|false|true&#8221;][et_pb_column type=&#8221;1_3&#8243; _builder_version=&#8221;3.25&#8243; custom_padding=&#8221;|||&#8221; custom_padding__hover=&#8221;|||&#8221;][et_pb_blurb title=&#8221;Toledo S.I.L.&#8221; use_icon=&#8221;on&#8221; font_icon=&#8221;%%122%%&#8221; icon_placement=&#8221;left&#8221; use_icon_font_size=&#8221;on&#8221; icon_font_size=&#8221;50px&#8221; _builder_version=&#8221;3.23.3&#8243; header_level=&#8221;h2&#8243; header_font=&#8221;||||||||&#8221; body_font=&#8221;||||||||&#8221; custom_margin=&#8221;88px||88px||true&#8221;]<\/p>\n<p><strong>Direcci\u00f3n:<\/strong> Av. del R\u00edo Boladiez, 64<br \/> 45007 Toledo<br \/> <strong>Tlfno:<\/strong> 925 115 041<\/p>\n<p>[\/et_pb_blurb][\/et_pb_column][et_pb_column type=&#8221;1_3&#8243; _builder_version=&#8221;3.25&#8243; custom_padding=&#8221;|||&#8221; custom_padding__hover=&#8221;|||&#8221;][et_pb_code _builder_version=&#8221;3.23.3&#8243; width=&#8221;86.2%&#8221; custom_padding=&#8221;11px||11px||true|&#8221;]<iframe loading=\"lazy\" src=\"https:\/\/www.google.com\/maps\/embed?pb=!4v1560467258867!6m8!1m7!1slC48m9kmNi-QA7mE9ubM3Q!2m2!1d39.86902293075166!2d-3.936691192022129!3f156.15205470117198!4f-0.9179978396576018!5f0.7820865974627469\" width=\"450\" height=\"227\" frameborder=\"0\" style=\"border:0\" allowfullscreen><\/iframe>[\/et_pb_code][\/et_pb_column][et_pb_column type=&#8221;1_3&#8243; _builder_version=&#8221;3.25&#8243; custom_padding=&#8221;|||&#8221; custom_padding__hover=&#8221;|||&#8221;][et_pb_map address=&#8221;Av. del R\u00edo Boladiez, 64, 45007 Toledo, Espa\u00f1a&#8221; address_lat=&#8221;39.8688459&#8243; address_lng=&#8221;-3.9365322&#8243; _builder_version=&#8221;3.23.3&#8243; width=&#8221;100%&#8221; min_height=&#8221;310px&#8221; custom_margin=&#8221;0px|0px|0px|0px||&#8221; custom_padding=&#8221;12px|0px|12px|0px|true|&#8221;][et_pb_map_pin title=&#8221;S.I.L. Toledo&#8221; pin_address=&#8221;Av. del R\u00edo Boladiez, 64, 45007 Toledo, Espa\u00f1a&#8221; pin_address_lat=&#8221;39.8688459&#8243; pin_address_lng=&#8221;-3.9365322&#8243; _builder_version=&#8221;3.23.3&#8243;][\/et_pb_map_pin][\/et_pb_map][\/et_pb_column][\/et_pb_row][\/et_pb_section]<\/p>\n","protected":false},"excerpt":{"rendered":"<p>[et_pb_section fb_built=&#8221;1&#8243; _builder_version=&#8221;3.23.3&#8243;][et_pb_row column_structure=&#8221;1_3,1_3,1_3&#8243; _builder_version=&#8221;3.25&#8243; custom_padding=&#8221;|30px||30px|false|true&#8221;][et_pb_column type=&#8221;1_3&#8243; _builder_version=&#8221;3.25&#8243; custom_padding=&#8221;|||&#8221; custom_padding__hover=&#8221;|||&#8221;][et_pb_blurb title=&#8221;Albacete S.I.L.&#8221; use_icon=&#8221;on&#8221; font_icon=&#8221;%%122%%&#8221; icon_placement=&#8221;left&#8221; use_icon_font_size=&#8221;on&#8221; icon_font_size=&#8221;50px&#8221; _builder_version=&#8221;4.0.11&#8243; header_level=&#8221;h2&#8243; header_font=&#8221;||||||||&#8221; body_font=&#8221;||||||||&#8221; custom_margin=&#8221;88px||88px||true&#8221; hover_enabled=&#8221;0&#8243;] Direcci\u00f3n: Calle Alcalde Conangla, 66 02001 Albacete Tlfno: 967 105 262 [\/et_pb_blurb][\/et_pb_column][et_pb_column type=&#8221;1_3&#8243; _builder_version=&#8221;3.25&#8243; custom_padding=&#8221;|||&#8221; custom_padding__hover=&#8221;|||&#8221;][et_pb_code _builder_version=&#8221;4.0.11&#8243; width=&#8221;86.2%&#8221; custom_margin=&#8221;||-18px|||&#8221; custom_padding=&#8221;0px||0px||true|&#8221; hover_enabled=&#8221;0&#8243;][\/et_pb_code][\/et_pb_column][et_pb_column type=&#8221;1_3&#8243; _builder_version=&#8221;3.25&#8243; custom_padding=&#8221;|||&#8221; custom_padding__hover=&#8221;|||&#8221;][et_pb_map address=&#8221;Calle Alcalde Conangla, 66, 02001 Albacete, Espa\u00f1a&#8221; [&hellip;]<\/p>\n","protected":false},"author":1,"featured_media":0,"parent":0,"menu_order":0,"comment_status":"closed","ping_status":"closed","template":"","meta":{"_et_pb_use_builder":"on","_et_pb_old_content":"","_et_gb_content_width":"","footnotes":""},"yoast_head":"<!-- This site is optimized with the Yoast SEO plugin v21.3 - https:\/\/yoast.com\/wordpress\/plugins\/seo\/ -->\n<title>Servicios Inclusi\u00f3n Laboral - Clm-Inclusiva<\/title>\n<meta name=\"robots\" content=\"index, follow, max-snippet:-1, max-image-preview:large, max-video-preview:-1\" \/>\n<link rel=\"canonical\" href=\"https:\/\/clm-inclusiva.org\/?page_id=2294\" \/>\n<meta property=\"og:locale\" content=\"es_ES\" \/>\n<meta property=\"og:type\" content=\"article\" \/>\n<meta property=\"og:title\" content=\"Servicios Inclusi\u00f3n Laboral - Clm-Inclusiva\" \/>\n<meta property=\"og:description\" content=\"[et_pb_section fb_built=&#8221;1&#8243; _builder_version=&#8221;3.23.3&#8243;][et_pb_row column_structure=&#8221;1_3,1_3,1_3&#8243; _builder_version=&#8221;3.25&#8243; custom_padding=&#8221;|30px||30px|false|true&#8221;][et_pb_column type=&#8221;1_3&#8243; _builder_version=&#8221;3.25&#8243; custom_padding=&#8221;|||&#8221; custom_padding__hover=&#8221;|||&#8221;][et_pb_blurb title=&#8221;Albacete S.I.L.&#8221; use_icon=&#8221;on&#8221; font_icon=&#8221;&#8221; icon_placement=&#8221;left&#8221; use_icon_font_size=&#8221;on&#8221; icon_font_size=&#8221;50px&#8221; _builder_version=&#8221;4.0.11&#8243; header_level=&#8221;h2&#8243; header_font=&#8221;||||||||&#8221; body_font=&#8221;||||||||&#8221; custom_margin=&#8221;88px||88px||true&#8221; hover_enabled=&#8221;0&#8243;] Direcci\u00f3n: Calle Alcalde Conangla, 66 02001 Albacete Tlfno: 967 105 262 [\/et_pb_blurb][\/et_pb_column][et_pb_column type=&#8221;1_3&#8243; _builder_version=&#8221;3.25&#8243; custom_padding=&#8221;|||&#8221; custom_padding__hover=&#8221;|||&#8221;][et_pb_code _builder_version=&#8221;4.0.11&#8243; width=&#8221;86.2%&#8221; custom_margin=&#8221;||-18px|||&#8221; custom_padding=&#8221;0px||0px||true|&#8221; hover_enabled=&#8221;0&#8243;][\/et_pb_code][\/et_pb_column][et_pb_column type=&#8221;1_3&#8243; _builder_version=&#8221;3.25&#8243; custom_padding=&#8221;|||&#8221; custom_padding__hover=&#8221;|||&#8221;][et_pb_map address=&#8221;Calle Alcalde Conangla, 66, 02001 Albacete, Espa\u00f1a&#8221; [&hellip;]\" \/>\n<meta property=\"og:url\" content=\"https:\/\/clm-inclusiva.org\/?page_id=2294\" \/>\n<meta property=\"og:site_name\" content=\"Clm-Inclusiva\" \/>\n<meta property=\"article:publisher\" content=\"https:\/\/www.facebook.com\/castillalamancha.inclusiva\/\" \/>\n<meta property=\"article:modified_time\" content=\"2020-01-04T09:44:59+00:00\" \/>\n<meta name=\"twitter:card\" content=\"summary_large_image\" \/>\n<meta name=\"twitter:site\" content=\"@ClmInclusiva\" \/>\n<meta name=\"twitter:label1\" content=\"Tiempo de lectura\" \/>\n\t<meta name=\"twitter:data1\" content=\"6 minutos\" \/>\n<script type=\"application\/ld+json\" class=\"yoast-schema-graph\">{\"@context\":\"https:\/\/schema.org\",\"@graph\":[{\"@type\":\"WebPage\",\"@id\":\"https:\/\/clm-inclusiva.org\/?page_id=2294\",\"url\":\"https:\/\/clm-inclusiva.org\/?page_id=2294\",\"name\":\"Servicios Inclusi\u00f3n Laboral - Clm-Inclusiva\",\"isPartOf\":{\"@id\":\"https:\/\/clm-inclusiva.org\/#website\"},\"datePublished\":\"2019-06-02T22:09:07+00:00\",\"dateModified\":\"2020-01-04T09:44:59+00:00\",\"breadcrumb\":{\"@id\":\"https:\/\/clm-inclusiva.org\/?page_id=2294#breadcrumb\"},\"inLanguage\":\"es\",\"potentialAction\":[{\"@type\":\"ReadAction\",\"target\":[\"https:\/\/clm-inclusiva.org\/?page_id=2294\"]}]},{\"@type\":\"BreadcrumbList\",\"@id\":\"https:\/\/clm-inclusiva.org\/?page_id=2294#breadcrumb\",\"itemListElement\":[{\"@type\":\"ListItem\",\"position\":1,\"name\":\"Portada\",\"item\":\"https:\/\/clm-inclusiva.org\/\"},{\"@type\":\"ListItem\",\"position\":2,\"name\":\"Servicios Inclusi\u00f3n Laboral\"}]},{\"@type\":\"WebSite\",\"@id\":\"https:\/\/clm-inclusiva.org\/#website\",\"url\":\"https:\/\/clm-inclusiva.org\/\",\"name\":\"Clm-Inclusiva\",\"description\":\"Confederaci\u00f3n de entidades de personas con discapacidad f\u00edsica y org\u00e1nica CLM\",\"publisher\":{\"@id\":\"https:\/\/clm-inclusiva.org\/#organization\"},\"potentialAction\":[{\"@type\":\"SearchAction\",\"target\":{\"@type\":\"EntryPoint\",\"urlTemplate\":\"https:\/\/clm-inclusiva.org\/?s={search_term_string}\"},\"query-input\":\"required name=search_term_string\"}],\"inLanguage\":\"es\"},{\"@type\":\"Organization\",\"@id\":\"https:\/\/clm-inclusiva.org\/#organization\",\"name\":\"Clm-Inclusiva\",\"url\":\"https:\/\/clm-inclusiva.org\/\",\"logo\":{\"@type\":\"ImageObject\",\"inLanguage\":\"es\",\"@id\":\"https:\/\/clm-inclusiva.org\/#\/schema\/logo\/image\/\",\"url\":\"http:\/\/clm-inclusiva.org\/wp-content\/uploads\/2019\/04\/banner-e1533720812836.jpg\",\"contentUrl\":\"http:\/\/clm-inclusiva.org\/wp-content\/uploads\/2019\/04\/banner-e1533720812836.jpg\",\"width\":600,\"height\":332,\"caption\":\"Clm-Inclusiva\"},\"image\":{\"@id\":\"https:\/\/clm-inclusiva.org\/#\/schema\/logo\/image\/\"},\"sameAs\":[\"https:\/\/www.facebook.com\/castillalamancha.inclusiva\/\",\"https:\/\/twitter.com\/ClmInclusiva\"]}]}<\/script>\n<!-- \/ Yoast SEO plugin. -->","yoast_head_json":{"title":"Servicios Inclusi\u00f3n Laboral - Clm-Inclusiva","robots":{"index":"index","follow":"follow","max-snippet":"max-snippet:-1","max-image-preview":"max-image-preview:large","max-video-preview":"max-video-preview:-1"},"canonical":"https:\/\/clm-inclusiva.org\/?page_id=2294","og_locale":"es_ES","og_type":"article","og_title":"Servicios Inclusi\u00f3n Laboral - Clm-Inclusiva","og_description":"[et_pb_section fb_built=&#8221;1&#8243; _builder_version=&#8221;3.23.3&#8243;][et_pb_row column_structure=&#8221;1_3,1_3,1_3&#8243; _builder_version=&#8221;3.25&#8243; custom_padding=&#8221;|30px||30px|false|true&#8221;][et_pb_column type=&#8221;1_3&#8243; _builder_version=&#8221;3.25&#8243; custom_padding=&#8221;|||&#8221; custom_padding__hover=&#8221;|||&#8221;][et_pb_blurb title=&#8221;Albacete S.I.L.&#8221; use_icon=&#8221;on&#8221; font_icon=&#8221;&#8221; icon_placement=&#8221;left&#8221; use_icon_font_size=&#8221;on&#8221; icon_font_size=&#8221;50px&#8221; _builder_version=&#8221;4.0.11&#8243; header_level=&#8221;h2&#8243; header_font=&#8221;||||||||&#8221; body_font=&#8221;||||||||&#8221; custom_margin=&#8221;88px||88px||true&#8221; hover_enabled=&#8221;0&#8243;] Direcci\u00f3n: Calle Alcalde Conangla, 66 02001 Albacete Tlfno: 967 105 262 [\/et_pb_blurb][\/et_pb_column][et_pb_column type=&#8221;1_3&#8243; _builder_version=&#8221;3.25&#8243; custom_padding=&#8221;|||&#8221; custom_padding__hover=&#8221;|||&#8221;][et_pb_code _builder_version=&#8221;4.0.11&#8243; width=&#8221;86.2%&#8221; custom_margin=&#8221;||-18px|||&#8221; custom_padding=&#8221;0px||0px||true|&#8221; hover_enabled=&#8221;0&#8243;][\/et_pb_code][\/et_pb_column][et_pb_column type=&#8221;1_3&#8243; _builder_version=&#8221;3.25&#8243; custom_padding=&#8221;|||&#8221; custom_padding__hover=&#8221;|||&#8221;][et_pb_map address=&#8221;Calle Alcalde Conangla, 66, 02001 Albacete, Espa\u00f1a&#8221; [&hellip;]","og_url":"https:\/\/clm-inclusiva.org\/?page_id=2294","og_site_name":"Clm-Inclusiva","article_publisher":"https:\/\/www.facebook.com\/castillalamancha.inclusiva\/","article_modified_time":"2020-01-04T09:44:59+00:00","twitter_card":"summary_large_image","twitter_site":"@ClmInclusiva","twitter_misc":{"Tiempo de lectura":"6 minutos"},"schema":{"@context":"https:\/\/schema.org","@graph":[{"@type":"WebPage","@id":"https:\/\/clm-inclusiva.org\/?page_id=2294","url":"https:\/\/clm-inclusiva.org\/?page_id=2294","name":"Servicios Inclusi\u00f3n Laboral - Clm-Inclusiva","isPartOf":{"@id":"https:\/\/clm-inclusiva.org\/#website"},"datePublished":"2019-06-02T22:09:07+00:00","dateModified":"2020-01-04T09:44:59+00:00","breadcrumb":{"@id":"https:\/\/clm-inclusiva.org\/?page_id=2294#breadcrumb"},"inLanguage":"es","potentialAction":[{"@type":"ReadAction","target":["https:\/\/clm-inclusiva.org\/?page_id=2294"]}]},{"@type":"BreadcrumbList","@id":"https:\/\/clm-inclusiva.org\/?page_id=2294#breadcrumb","itemListElement":[{"@type":"ListItem","position":1,"name":"Portada","item":"https:\/\/clm-inclusiva.org\/"},{"@type":"ListItem","position":2,"name":"Servicios Inclusi\u00f3n Laboral"}]},{"@type":"WebSite","@id":"https:\/\/clm-inclusiva.org\/#website","url":"https:\/\/clm-inclusiva.org\/","name":"Clm-Inclusiva","description":"Confederaci\u00f3n de entidades de personas con discapacidad f\u00edsica y org\u00e1nica CLM","publisher":{"@id":"https:\/\/clm-inclusiva.org\/#organization"},"potentialAction":[{"@type":"SearchAction","target":{"@type":"EntryPoint","urlTemplate":"https:\/\/clm-inclusiva.org\/?s={search_term_string}"},"query-input":"required name=search_term_string"}],"inLanguage":"es"},{"@type":"Organization","@id":"https:\/\/clm-inclusiva.org\/#organization","name":"Clm-Inclusiva","url":"https:\/\/clm-inclusiva.org\/","logo":{"@type":"ImageObject","inLanguage":"es","@id":"https:\/\/clm-inclusiva.org\/#\/schema\/logo\/image\/","url":"http:\/\/clm-inclusiva.org\/wp-content\/uploads\/2019\/04\/banner-e1533720812836.jpg","contentUrl":"http:\/\/clm-inclusiva.org\/wp-content\/uploads\/2019\/04\/banner-e1533720812836.jpg","width":600,"height":332,"caption":"Clm-Inclusiva"},"image":{"@id":"https:\/\/clm-inclusiva.org\/#\/schema\/logo\/image\/"},"sameAs":["https:\/\/www.facebook.com\/castillalamancha.inclusiva\/","https:\/\/twitter.com\/ClmInclusiva"]}]}},"_links":{"self":[{"href":"https:\/\/clm-inclusiva.org\/index.php?rest_route=\/wp\/v2\/pages\/2294"}],"collection":[{"href":"https:\/\/clm-inclusiva.org\/index.php?rest_route=\/wp\/v2\/pages"}],"about":[{"href":"https:\/\/clm-inclusiva.org\/index.php?rest_route=\/wp\/v2\/types\/page"}],"author":[{"embeddable":true,"href":"https:\/\/clm-inclusiva.org\/index.php?rest_route=\/wp\/v2\/users\/1"}],"replies":[{"embeddable":true,"href":"https:\/\/clm-inclusiva.org\/index.php?rest_route=%2Fwp%2Fv2%2Fcomments&post=2294"}],"version-history":[{"count":21,"href":"https:\/\/clm-inclusiva.org\/index.php?rest_route=\/wp\/v2\/pages\/2294\/revisions"}],"predecessor-version":[{"id":3569,"href":"https:\/\/clm-inclusiva.org\/index.php?rest_route=\/wp\/v2\/pages\/2294\/revisions\/3569"}],"wp:attachment":[{"href":"https:\/\/clm-inclusiva.org\/index.php?rest_route=%2Fwp%2Fv2%2Fmedia&parent=2294"}],"curies":[{"name":"wp","href":"https:\/\/api.w.org\/{rel}","templated":true}]}}