{"id":1915,"date":"2019-05-23T21:43:57","date_gmt":"2019-05-23T21:43:57","guid":{"rendered":"http:\/\/clm-inclusiva.org\/?page_id=1915"},"modified":"2019-05-29T17:34:09","modified_gmt":"2019-05-29T17:34:09","slug":"directorio","status":"publish","type":"page","link":"https:\/\/clm-inclusiva.org\/?page_id=1915","title":{"rendered":"Directorio"},"content":{"rendered":"<p>[et_pb_section fb_built=&#8221;1&#8243; admin_label=&#8221;section&#8221; _builder_version=&#8221;3.22.4&#8243; parallax=&#8221;on&#8221; custom_margin=&#8221;-70px|||||&#8221; custom_padding=&#8221;59px|||||&#8221;][et_pb_row use_custom_gutter=&#8221;on&#8221; gutter_width=&#8221;1&#8243; custom_padding=&#8221;8px||0px|||&#8221; custom_margin=&#8221;2px|auto||auto||&#8221; make_equal=&#8221;on&#8221; admin_label=&#8221;row&#8221; _builder_version=&#8221;3.22.4&#8243; background_size=&#8221;initial&#8221; background_position=&#8221;top_left&#8221; background_repeat=&#8221;repeat&#8221; width=&#8221;100%&#8221; module_alignment=&#8221;center&#8221;][et_pb_column type=&#8221;4_4&#8243; _builder_version=&#8221;3.0.47&#8243;][et_pb_toggle title=&#8221;COCEMFE&#8221; open=&#8221;on&#8221; open_toggle_text_color=&#8221;#ea6900&#8243; closed_toggle_text_color=&#8221;#1119a3&#8243; icon_color=&#8221;#ea6900&#8243; _builder_version=&#8221;3.22.4&#8243; title_level=&#8221;h2&#8243; title_font=&#8221;||||||||&#8221; body_font=&#8221;||||||||&#8221; body_text_color=&#8221;#1119a3&#8243; parallax=&#8221;on&#8221; text_orientation=&#8221;left&#8221; custom_margin=&#8221;||&#8221; custom_padding=&#8221;|||||&#8221; text_shadow_style=&#8221;preset1&#8243; link_option_url=&#8221;https:\/\/www.cocemfe.es\/&#8221; link_option_url_new_window=&#8221;on&#8221;]<\/p>\n<table style=\"width: 653px;\">\n<tbody>\n<tr>\n<td style=\"width: 280px;\"><img decoding=\"async\" loading=\"lazy\" src=\"http:\/\/clm-inclusiva.org\/wp-content\/uploads\/2019\/05\/Cocemfe-300x85.png\" width=\"300\" height=\"85\" alt=\"\" class=\"wp-image-1904 alignnone size-medium\" srcset=\"https:\/\/clm-inclusiva.org\/wp-content\/uploads\/2019\/05\/Cocemfe-300x85.png 300w, https:\/\/clm-inclusiva.org\/wp-content\/uploads\/2019\/05\/Cocemfe.png 318w\" sizes=\"(max-width: 300px) 100vw, 300px\" \/><\/td>\n<td style=\"width: 373px;\">C\/ Luis Cabrera, 63<br \/> Madrid<br \/> Tel: 91 744 36 00<br \/> Fax: 91 413 19 96<br \/> cocemfe@cocemfe.es<\/td>\n<\/tr>\n<\/tbody>\n<\/table>\n<p>[\/et_pb_toggle][et_pb_toggle title=&#8221;CERMI CLM&#8221; open=&#8221;on&#8221; open_toggle_text_color=&#8221;#ea6900&#8243; closed_toggle_text_color=&#8221;#1119a3&#8243; icon_color=&#8221;#ea6900&#8243; _builder_version=&#8221;3.22.4&#8243; title_level=&#8221;h2&#8243; title_font=&#8221;||||||||&#8221; body_font=&#8221;||||||||&#8221; body_text_color=&#8221;#1119a3&#8243; parallax=&#8221;on&#8221; text_orientation=&#8221;left&#8221; custom_margin=&#8221;||&#8221; custom_padding=&#8221;|||||&#8221; text_shadow_style=&#8221;preset1&#8243; link_option_url=&#8221;https:\/\/cermiclm.org\/&#8221; link_option_url_new_window=&#8221;on&#8221;]<\/p>\n<table style=\"width: 653px;\">\n<tbody>\n<tr>\n<td style=\"width: 280px;\"><img decoding=\"async\" loading=\"lazy\" src=\"http:\/\/clm-inclusiva.org\/wp-content\/uploads\/2019\/05\/Cermi-300x147.jpg\" width=\"300\" height=\"147\" alt=\"\" class=\"wp-image-1903 alignnone size-medium\" srcset=\"https:\/\/clm-inclusiva.org\/wp-content\/uploads\/2019\/05\/Cermi-300x147.jpg 300w, https:\/\/clm-inclusiva.org\/wp-content\/uploads\/2019\/05\/Cermi-768x375.jpg 768w, https:\/\/clm-inclusiva.org\/wp-content\/uploads\/2019\/05\/Cermi.jpg 874w\" sizes=\"(max-width: 300px) 100vw, 300px\" \/><\/td>\n<td style=\"width: 373px;\">C\/Reino Unido, 10. Edificio ONCE<br \/> 45005 Toledo<br \/> Tel: 925 25 79 37 &#8211; 628 24 05 24<br \/> cermiclm@cermiclm.org<\/td>\n<\/tr>\n<\/tbody>\n<\/table>\n<p>[\/et_pb_toggle][et_pb_toggle title=&#8221;Fundaci\u00f3n Once&#8221; open=&#8221;on&#8221; open_toggle_text_color=&#8221;#ea6900&#8243; closed_toggle_text_color=&#8221;#1119a3&#8243; icon_color=&#8221;#ea6900&#8243; _builder_version=&#8221;3.22.4&#8243; title_level=&#8221;h2&#8243; title_font=&#8221;||||||||&#8221; body_font=&#8221;||||||||&#8221; body_text_color=&#8221;#1119a3&#8243; parallax=&#8221;on&#8221; text_orientation=&#8221;left&#8221; custom_margin=&#8221;||&#8221; custom_padding=&#8221;|||||&#8221; text_shadow_style=&#8221;preset1&#8243; link_option_url=&#8221;https:\/\/www.fundaciononce.es\/&#8221; link_option_url_new_window=&#8221;on&#8221;]<\/p>\n<table style=\"width: 653px;\">\n<tbody>\n<tr>\n<td style=\"width: 280px;\"><img decoding=\"async\" loading=\"lazy\" src=\"http:\/\/clm-inclusiva.org\/wp-content\/uploads\/2019\/05\/Once-300x94.jpg\" width=\"300\" height=\"94\" alt=\"\" class=\"wp-image-1906 alignnone size-medium\" srcset=\"https:\/\/clm-inclusiva.org\/wp-content\/uploads\/2019\/05\/Once-300x94.jpg 300w, https:\/\/clm-inclusiva.org\/wp-content\/uploads\/2019\/05\/Once-768x240.jpg 768w, https:\/\/clm-inclusiva.org\/wp-content\/uploads\/2019\/05\/Once-1024x320.jpg 1024w, https:\/\/clm-inclusiva.org\/wp-content\/uploads\/2019\/05\/Once-1080x338.jpg 1080w, https:\/\/clm-inclusiva.org\/wp-content\/uploads\/2019\/05\/Once.jpg 1200w\" sizes=\"(max-width: 300px) 100vw, 300px\" \/><\/td>\n<td style=\"width: 373px;\">C\/ Sebasti\u00e1n Herrera, 15<br \/> 28012 Madrid<br \/> Tel centralita: 91 506 88 88<br \/> Tel: 91 506 89 18 \/ 19<br \/> fundaciononce@fundaciononce.es<\/td>\n<\/tr>\n<\/tbody>\n<\/table>\n<p>[\/et_pb_toggle][et_pb_toggle title=&#8221;Junta Comunidades Castilla &#8211; La Mancha&#8221; open=&#8221;on&#8221; open_toggle_text_color=&#8221;#ea6900&#8243; closed_toggle_text_color=&#8221;#1119a3&#8243; icon_color=&#8221;#ea6900&#8243; _builder_version=&#8221;3.23.3&#8243; title_level=&#8221;h2&#8243; title_font=&#8221;||||||||&#8221; body_font=&#8221;||||||||&#8221; body_text_color=&#8221;#1119a3&#8243; parallax=&#8221;on&#8221; text_orientation=&#8221;left&#8221; custom_margin=&#8221;||&#8221; custom_padding=&#8221;|||||&#8221; text_shadow_style=&#8221;preset1&#8243; link_option_url=&#8221;https:\/\/www.castillalamancha.es\/tema\/personas-con-discapacidad&#8221; link_option_url_new_window=&#8221;on&#8221;]<\/p>\n<table style=\"width: 653px; float: left;\">\n<tbody>\n<tr>\n<td style=\"width: 280px;\"><img decoding=\"async\" loading=\"lazy\" src=\"http:\/\/clm-inclusiva.org\/wp-content\/uploads\/2019\/05\/JJCM-300x165.jpg\" width=\"300\" height=\"165\" alt=\"\" class=\"wp-image-1905 alignnone size-medium\" srcset=\"https:\/\/clm-inclusiva.org\/wp-content\/uploads\/2019\/05\/JJCM-300x165.jpg 300w, https:\/\/clm-inclusiva.org\/wp-content\/uploads\/2019\/05\/JJCM-768x423.jpg 768w, https:\/\/clm-inclusiva.org\/wp-content\/uploads\/2019\/05\/JJCM-1024x564.jpg 1024w, https:\/\/clm-inclusiva.org\/wp-content\/uploads\/2019\/05\/JJCM-1080x595.jpg 1080w, https:\/\/clm-inclusiva.org\/wp-content\/uploads\/2019\/05\/JJCM.jpg 1569w\" sizes=\"(max-width: 300px) 100vw, 300px\" \/><\/td>\n<td style=\"width: 373px;\"><\/td>\n<\/tr>\n<\/tbody>\n<\/table>\n<p>[\/et_pb_toggle][\/et_pb_column][\/et_pb_row][\/et_pb_section]<\/p>\n","protected":false},"excerpt":{"rendered":"<p>[et_pb_section fb_built=&#8221;1&#8243; admin_label=&#8221;section&#8221; _builder_version=&#8221;3.22.4&#8243; parallax=&#8221;on&#8221; custom_margin=&#8221;-70px|||||&#8221; custom_padding=&#8221;59px|||||&#8221;][et_pb_row use_custom_gutter=&#8221;on&#8221; gutter_width=&#8221;1&#8243; custom_padding=&#8221;8px||0px|||&#8221; custom_margin=&#8221;2px|auto||auto||&#8221; make_equal=&#8221;on&#8221; admin_label=&#8221;row&#8221; _builder_version=&#8221;3.22.4&#8243; background_size=&#8221;initial&#8221; background_position=&#8221;top_left&#8221; background_repeat=&#8221;repeat&#8221; width=&#8221;100%&#8221; module_alignment=&#8221;center&#8221;][et_pb_column type=&#8221;4_4&#8243; _builder_version=&#8221;3.0.47&#8243;][et_pb_toggle title=&#8221;COCEMFE&#8221; open=&#8221;on&#8221; open_toggle_text_color=&#8221;#ea6900&#8243; closed_toggle_text_color=&#8221;#1119a3&#8243; icon_color=&#8221;#ea6900&#8243; _builder_version=&#8221;3.22.4&#8243; title_level=&#8221;h2&#8243; title_font=&#8221;||||||||&#8221; body_font=&#8221;||||||||&#8221; body_text_color=&#8221;#1119a3&#8243; parallax=&#8221;on&#8221; text_orientation=&#8221;left&#8221; custom_margin=&#8221;||&#8221; custom_padding=&#8221;|||||&#8221; text_shadow_style=&#8221;preset1&#8243; link_option_url=&#8221;https:\/\/www.cocemfe.es\/&#8221; link_option_url_new_window=&#8221;on&#8221;] C\/ Luis Cabrera, 63 Madrid Tel: 91 744 36 00 Fax: 91 413 19 96 cocemfe@cocemfe.es [\/et_pb_toggle][et_pb_toggle [&hellip;]<\/p>\n","protected":false},"author":1,"featured_media":0,"parent":0,"menu_order":0,"comment_status":"closed","ping_status":"closed","template":"","meta":{"_et_pb_use_builder":"on","_et_pb_old_content":"[responsivevoice_button voice=\"Spanish Female\" buttontext=\"Reproducir\"]\n<img class=\"alignnone size-medium wp-image-12 aligncenter\" src=\"http:\/\/127.0.0.1\/wordpress\/wp-content\/uploads\/2018\/07\/junta-direct9iva-2-300x165.jpg\" alt=\"\" width=\"300\" height=\"165\" \/>","_et_gb_content_width":"","footnotes":""},"yoast_head":"<!-- This site is optimized with the Yoast SEO plugin v21.3 - https:\/\/yoast.com\/wordpress\/plugins\/seo\/ -->\n<title>Directorio - Clm-Inclusiva<\/title>\n<meta name=\"robots\" content=\"index, follow, max-snippet:-1, max-image-preview:large, max-video-preview:-1\" \/>\n<link rel=\"canonical\" href=\"https:\/\/clm-inclusiva.org\/?page_id=1915\" \/>\n<meta property=\"og:locale\" content=\"es_ES\" \/>\n<meta property=\"og:type\" content=\"article\" \/>\n<meta property=\"og:title\" content=\"Directorio - Clm-Inclusiva\" \/>\n<meta property=\"og:description\" content=\"[et_pb_section fb_built=&#8221;1&#8243; admin_label=&#8221;section&#8221; _builder_version=&#8221;3.22.4&#8243; parallax=&#8221;on&#8221; custom_margin=&#8221;-70px|||||&#8221; custom_padding=&#8221;59px|||||&#8221;][et_pb_row use_custom_gutter=&#8221;on&#8221; gutter_width=&#8221;1&#8243; custom_padding=&#8221;8px||0px|||&#8221; custom_margin=&#8221;2px|auto||auto||&#8221; make_equal=&#8221;on&#8221; admin_label=&#8221;row&#8221; _builder_version=&#8221;3.22.4&#8243; background_size=&#8221;initial&#8221; background_position=&#8221;top_left&#8221; background_repeat=&#8221;repeat&#8221; width=&#8221;100%&#8221; module_alignment=&#8221;center&#8221;][et_pb_column type=&#8221;4_4&#8243; _builder_version=&#8221;3.0.47&#8243;][et_pb_toggle title=&#8221;COCEMFE&#8221; open=&#8221;on&#8221; open_toggle_text_color=&#8221;#ea6900&#8243; closed_toggle_text_color=&#8221;#1119a3&#8243; icon_color=&#8221;#ea6900&#8243; _builder_version=&#8221;3.22.4&#8243; title_level=&#8221;h2&#8243; title_font=&#8221;||||||||&#8221; body_font=&#8221;||||||||&#8221; body_text_color=&#8221;#1119a3&#8243; parallax=&#8221;on&#8221; text_orientation=&#8221;left&#8221; custom_margin=&#8221;||&#8221; custom_padding=&#8221;|||||&#8221; text_shadow_style=&#8221;preset1&#8243; link_option_url=&#8221;https:\/\/www.cocemfe.es\/&#8221; link_option_url_new_window=&#8221;on&#8221;] C\/ Luis Cabrera, 63 Madrid Tel: 91 744 36 00 Fax: 91 413 19 96 cocemfe@cocemfe.es [\/et_pb_toggle][et_pb_toggle [&hellip;]\" \/>\n<meta property=\"og:url\" content=\"https:\/\/clm-inclusiva.org\/?page_id=1915\" \/>\n<meta property=\"og:site_name\" content=\"Clm-Inclusiva\" \/>\n<meta property=\"article:publisher\" content=\"https:\/\/www.facebook.com\/castillalamancha.inclusiva\/\" \/>\n<meta property=\"article:modified_time\" content=\"2019-05-29T17:34:09+00:00\" \/>\n<meta property=\"og:image\" content=\"http:\/\/clm-inclusiva.org\/wp-content\/uploads\/2019\/05\/Cocemfe-300x85.png\" \/>\n<meta name=\"twitter:card\" content=\"summary_large_image\" \/>\n<meta name=\"twitter:site\" content=\"@ClmInclusiva\" \/>\n<meta name=\"twitter:label1\" content=\"Tiempo de lectura\" \/>\n\t<meta name=\"twitter:data1\" content=\"2 minutos\" \/>\n<script type=\"application\/ld+json\" class=\"yoast-schema-graph\">{\"@context\":\"https:\/\/schema.org\",\"@graph\":[{\"@type\":\"WebPage\",\"@id\":\"https:\/\/clm-inclusiva.org\/?page_id=1915\",\"url\":\"https:\/\/clm-inclusiva.org\/?page_id=1915\",\"name\":\"Directorio - Clm-Inclusiva\",\"isPartOf\":{\"@id\":\"https:\/\/clm-inclusiva.org\/#website\"},\"datePublished\":\"2019-05-23T21:43:57+00:00\",\"dateModified\":\"2019-05-29T17:34:09+00:00\",\"breadcrumb\":{\"@id\":\"https:\/\/clm-inclusiva.org\/?page_id=1915#breadcrumb\"},\"inLanguage\":\"es\",\"potentialAction\":[{\"@type\":\"ReadAction\",\"target\":[\"https:\/\/clm-inclusiva.org\/?page_id=1915\"]}]},{\"@type\":\"BreadcrumbList\",\"@id\":\"https:\/\/clm-inclusiva.org\/?page_id=1915#breadcrumb\",\"itemListElement\":[{\"@type\":\"ListItem\",\"position\":1,\"name\":\"Portada\",\"item\":\"https:\/\/clm-inclusiva.org\/\"},{\"@type\":\"ListItem\",\"position\":2,\"name\":\"Directorio\"}]},{\"@type\":\"WebSite\",\"@id\":\"https:\/\/clm-inclusiva.org\/#website\",\"url\":\"https:\/\/clm-inclusiva.org\/\",\"name\":\"Clm-Inclusiva\",\"description\":\"Confederaci\u00f3n de entidades de personas con discapacidad f\u00edsica y org\u00e1nica CLM\",\"publisher\":{\"@id\":\"https:\/\/clm-inclusiva.org\/#organization\"},\"potentialAction\":[{\"@type\":\"SearchAction\",\"target\":{\"@type\":\"EntryPoint\",\"urlTemplate\":\"https:\/\/clm-inclusiva.org\/?s={search_term_string}\"},\"query-input\":\"required name=search_term_string\"}],\"inLanguage\":\"es\"},{\"@type\":\"Organization\",\"@id\":\"https:\/\/clm-inclusiva.org\/#organization\",\"name\":\"Clm-Inclusiva\",\"url\":\"https:\/\/clm-inclusiva.org\/\",\"logo\":{\"@type\":\"ImageObject\",\"inLanguage\":\"es\",\"@id\":\"https:\/\/clm-inclusiva.org\/#\/schema\/logo\/image\/\",\"url\":\"http:\/\/clm-inclusiva.org\/wp-content\/uploads\/2019\/04\/banner-e1533720812836.jpg\",\"contentUrl\":\"http:\/\/clm-inclusiva.org\/wp-content\/uploads\/2019\/04\/banner-e1533720812836.jpg\",\"width\":600,\"height\":332,\"caption\":\"Clm-Inclusiva\"},\"image\":{\"@id\":\"https:\/\/clm-inclusiva.org\/#\/schema\/logo\/image\/\"},\"sameAs\":[\"https:\/\/www.facebook.com\/castillalamancha.inclusiva\/\",\"https:\/\/twitter.com\/ClmInclusiva\"]}]}<\/script>\n<!-- \/ Yoast SEO plugin. -->","yoast_head_json":{"title":"Directorio - Clm-Inclusiva","robots":{"index":"index","follow":"follow","max-snippet":"max-snippet:-1","max-image-preview":"max-image-preview:large","max-video-preview":"max-video-preview:-1"},"canonical":"https:\/\/clm-inclusiva.org\/?page_id=1915","og_locale":"es_ES","og_type":"article","og_title":"Directorio - Clm-Inclusiva","og_description":"[et_pb_section fb_built=&#8221;1&#8243; admin_label=&#8221;section&#8221; _builder_version=&#8221;3.22.4&#8243; parallax=&#8221;on&#8221; custom_margin=&#8221;-70px|||||&#8221; custom_padding=&#8221;59px|||||&#8221;][et_pb_row use_custom_gutter=&#8221;on&#8221; gutter_width=&#8221;1&#8243; custom_padding=&#8221;8px||0px|||&#8221; custom_margin=&#8221;2px|auto||auto||&#8221; make_equal=&#8221;on&#8221; admin_label=&#8221;row&#8221; _builder_version=&#8221;3.22.4&#8243; background_size=&#8221;initial&#8221; background_position=&#8221;top_left&#8221; background_repeat=&#8221;repeat&#8221; width=&#8221;100%&#8221; module_alignment=&#8221;center&#8221;][et_pb_column type=&#8221;4_4&#8243; _builder_version=&#8221;3.0.47&#8243;][et_pb_toggle title=&#8221;COCEMFE&#8221; open=&#8221;on&#8221; open_toggle_text_color=&#8221;#ea6900&#8243; closed_toggle_text_color=&#8221;#1119a3&#8243; icon_color=&#8221;#ea6900&#8243; _builder_version=&#8221;3.22.4&#8243; title_level=&#8221;h2&#8243; title_font=&#8221;||||||||&#8221; body_font=&#8221;||||||||&#8221; body_text_color=&#8221;#1119a3&#8243; parallax=&#8221;on&#8221; text_orientation=&#8221;left&#8221; custom_margin=&#8221;||&#8221; custom_padding=&#8221;|||||&#8221; text_shadow_style=&#8221;preset1&#8243; link_option_url=&#8221;https:\/\/www.cocemfe.es\/&#8221; link_option_url_new_window=&#8221;on&#8221;] C\/ Luis Cabrera, 63 Madrid Tel: 91 744 36 00 Fax: 91 413 19 96 cocemfe@cocemfe.es [\/et_pb_toggle][et_pb_toggle [&hellip;]","og_url":"https:\/\/clm-inclusiva.org\/?page_id=1915","og_site_name":"Clm-Inclusiva","article_publisher":"https:\/\/www.facebook.com\/castillalamancha.inclusiva\/","article_modified_time":"2019-05-29T17:34:09+00:00","og_image":[{"url":"http:\/\/clm-inclusiva.org\/wp-content\/uploads\/2019\/05\/Cocemfe-300x85.png"}],"twitter_card":"summary_large_image","twitter_site":"@ClmInclusiva","twitter_misc":{"Tiempo de lectura":"2 minutos"},"schema":{"@context":"https:\/\/schema.org","@graph":[{"@type":"WebPage","@id":"https:\/\/clm-inclusiva.org\/?page_id=1915","url":"https:\/\/clm-inclusiva.org\/?page_id=1915","name":"Directorio - Clm-Inclusiva","isPartOf":{"@id":"https:\/\/clm-inclusiva.org\/#website"},"datePublished":"2019-05-23T21:43:57+00:00","dateModified":"2019-05-29T17:34:09+00:00","breadcrumb":{"@id":"https:\/\/clm-inclusiva.org\/?page_id=1915#breadcrumb"},"inLanguage":"es","potentialAction":[{"@type":"ReadAction","target":["https:\/\/clm-inclusiva.org\/?page_id=1915"]}]},{"@type":"BreadcrumbList","@id":"https:\/\/clm-inclusiva.org\/?page_id=1915#breadcrumb","itemListElement":[{"@type":"ListItem","position":1,"name":"Portada","item":"https:\/\/clm-inclusiva.org\/"},{"@type":"ListItem","position":2,"name":"Directorio"}]},{"@type":"WebSite","@id":"https:\/\/clm-inclusiva.org\/#website","url":"https:\/\/clm-inclusiva.org\/","name":"Clm-Inclusiva","description":"Confederaci\u00f3n de entidades de personas con discapacidad f\u00edsica y org\u00e1nica CLM","publisher":{"@id":"https:\/\/clm-inclusiva.org\/#organization"},"potentialAction":[{"@type":"SearchAction","target":{"@type":"EntryPoint","urlTemplate":"https:\/\/clm-inclusiva.org\/?s={search_term_string}"},"query-input":"required name=search_term_string"}],"inLanguage":"es"},{"@type":"Organization","@id":"https:\/\/clm-inclusiva.org\/#organization","name":"Clm-Inclusiva","url":"https:\/\/clm-inclusiva.org\/","logo":{"@type":"ImageObject","inLanguage":"es","@id":"https:\/\/clm-inclusiva.org\/#\/schema\/logo\/image\/","url":"http:\/\/clm-inclusiva.org\/wp-content\/uploads\/2019\/04\/banner-e1533720812836.jpg","contentUrl":"http:\/\/clm-inclusiva.org\/wp-content\/uploads\/2019\/04\/banner-e1533720812836.jpg","width":600,"height":332,"caption":"Clm-Inclusiva"},"image":{"@id":"https:\/\/clm-inclusiva.org\/#\/schema\/logo\/image\/"},"sameAs":["https:\/\/www.facebook.com\/castillalamancha.inclusiva\/","https:\/\/twitter.com\/ClmInclusiva"]}]}},"_links":{"self":[{"href":"https:\/\/clm-inclusiva.org\/index.php?rest_route=\/wp\/v2\/pages\/1915"}],"collection":[{"href":"https:\/\/clm-inclusiva.org\/index.php?rest_route=\/wp\/v2\/pages"}],"about":[{"href":"https:\/\/clm-inclusiva.org\/index.php?rest_route=\/wp\/v2\/types\/page"}],"author":[{"embeddable":true,"href":"https:\/\/clm-inclusiva.org\/index.php?rest_route=\/wp\/v2\/users\/1"}],"replies":[{"embeddable":true,"href":"https:\/\/clm-inclusiva.org\/index.php?rest_route=%2Fwp%2Fv2%2Fcomments&post=1915"}],"version-history":[{"count":8,"href":"https:\/\/clm-inclusiva.org\/index.php?rest_route=\/wp\/v2\/pages\/1915\/revisions"}],"predecessor-version":[{"id":2264,"href":"https:\/\/clm-inclusiva.org\/index.php?rest_route=\/wp\/v2\/pages\/1915\/revisions\/2264"}],"wp:attachment":[{"href":"https:\/\/clm-inclusiva.org\/index.php?rest_route=%2Fwp%2Fv2%2Fmedia&parent=1915"}],"curies":[{"name":"wp","href":"https:\/\/api.w.org\/{rel}","templated":true}]}}