{"id":1699,"date":"2019-05-08T09:38:26","date_gmt":"2019-05-08T09:38:26","guid":{"rendered":"http:\/\/clm-inclusiva.org\/?page_id=1699"},"modified":"2019-06-18T01:50:20","modified_gmt":"2019-06-17T23:50:20","slug":"transparencia","status":"publish","type":"page","link":"https:\/\/clm-inclusiva.org\/?page_id=1699","title":{"rendered":"Transparencia"},"content":{"rendered":"<p>[et_pb_section fb_built=&#8221;1&#8243; _builder_version=&#8221;3.22.4&#8243; custom_padding=&#8221;13px|||||&#8221;][et_pb_row custom_padding=&#8221;12px||0px|||&#8221; custom_margin=&#8221;-2px|auto|-4px|auto||&#8221; _builder_version=&#8221;3.23.3&#8243;][et_pb_column type=&#8221;4_4&#8243; _builder_version=&#8221;3.22.4&#8243;][et_pb_blurb title=&#8221;Transparencia&#8221; use_icon=&#8221;on&#8221; font_icon=&#8221;%%52%%&#8221; content_max_width=&#8221;950px&#8221; _builder_version=&#8221;3.23.3&#8243; header_level=&#8221;h1&#8243; header_font=&#8221;||||||||&#8221; header_text_align=&#8221;center&#8221; header_line_height=&#8221;1.7em&#8221; header_text_shadow_style=&#8221;preset2&#8243; body_font=&#8221;||||||||&#8221; body_text_align=&#8221;justify&#8221; body_font_size=&#8221;16px&#8221; custom_margin=&#8221;15px|15px|15px|15px|true|true&#8221; custom_padding=&#8221;15px|15px|15px|15px|true|true&#8221;]<\/p>\n<p>En esta \u00e9poca de continuos recortes e incertidumbre, los ciudadanos exigimos m\u00e1s detalles sobre c\u00f3mo se gestiona nuestro dinero y se aplican los recursos. Este deseo de transparencia no es s\u00f3lo exigible a las propias Administraciones, sino tambi\u00e9n a organizaciones como es Clm-Inclusiva.<\/p>\n<p>Por eso queremos dejar bien clara nuestra \u00e9tica empresarial basada en las buenas pr\u00e1cticas sin dejar lugar a duda de ello aportando en todo momento nuestras auditorias internas.<\/p>\n<p>Nuestro objetivo es dar un valor a\u00f1adido a la auditor\u00eda obligatoria o voluntaria, pudiendo analizar y verificar datos no s\u00f3lo cuantitativos sino cualitativos, a trav\u00e9s de los informes integrados.<\/p>\n<p>En ejecuci\u00f3n de los mandatos derivados de la Ley 19\/2013, de 9 de diciembre, de transparencia, acceso a la informaci\u00f3n p\u00fablica y buen gobierno, aplicable a CLM-INCLUSIVA por ser entidad receptora de fondos p\u00fablicos (por medio de subvenciones y otro tipo de ayudas), se ofrece ampliamente, a trav\u00e9s de la p\u00e1gina de Internet corporativa (www.clm-inclusiva.org), la integralidad de los aspectos relevantes en cuestiones de transparencia y buen gobierno, para que todas las instancias con inter\u00e9s leg\u00edtimo puedan acceder con agilidad y sencillez a este informaci\u00f3n.<\/p>\n<p>OBJETIVOS Y FINES<\/p>\n<p>ORGANIGRAMA, \u00d3RGANOS DE GOBIERNO, EQUIPO HUMANO Y FUNCIONAMIENTO<\/p>\n<p>SUBVENCIONES Y AYUDAS<\/p>\n<p>CUENTAS Y PRESUPUESTOS<\/p>\n<p>MEMORIAS<\/p>\n<p>[\/et_pb_blurb][et_pb_image src=&#8221;http:\/\/clm-inclusiva.org\/wp-content\/uploads\/2019\/05\/Transparencia-1.jpg&#8221; align=&#8221;center&#8221; force_fullwidth=&#8221;on&#8221; align_tablet=&#8221;center&#8221; align_last_edited=&#8221;on|desktop&#8221; _builder_version=&#8221;3.23&#8243; box_shadow_style=&#8221;preset1&#8243; min_height=&#8221;380px&#8221; height=&#8221;100px&#8221; max_height=&#8221;1000px&#8221;][\/et_pb_image][\/et_pb_column][\/et_pb_row][\/et_pb_section]<\/p>\n","protected":false},"excerpt":{"rendered":"<p>[et_pb_section fb_built=&#8221;1&#8243; _builder_version=&#8221;3.22.4&#8243; custom_padding=&#8221;13px|||||&#8221;][et_pb_row custom_padding=&#8221;12px||0px|||&#8221; custom_margin=&#8221;-2px|auto|-4px|auto||&#8221; _builder_version=&#8221;3.23.3&#8243;][et_pb_column type=&#8221;4_4&#8243; _builder_version=&#8221;3.22.4&#8243;][et_pb_blurb title=&#8221;Transparencia&#8221; use_icon=&#8221;on&#8221; font_icon=&#8221;%%52%%&#8221; content_max_width=&#8221;950px&#8221; _builder_version=&#8221;3.23.3&#8243; header_level=&#8221;h1&#8243; header_font=&#8221;||||||||&#8221; header_text_align=&#8221;center&#8221; header_line_height=&#8221;1.7em&#8221; header_text_shadow_style=&#8221;preset2&#8243; body_font=&#8221;||||||||&#8221; body_text_align=&#8221;justify&#8221; body_font_size=&#8221;16px&#8221; custom_margin=&#8221;15px|15px|15px|15px|true|true&#8221; custom_padding=&#8221;15px|15px|15px|15px|true|true&#8221;] En esta \u00e9poca de continuos recortes e incertidumbre, los ciudadanos exigimos m\u00e1s detalles sobre c\u00f3mo se gestiona nuestro dinero y se aplican los recursos. Este deseo de transparencia no es s\u00f3lo [&hellip;]<\/p>\n","protected":false},"author":1,"featured_media":0,"parent":0,"menu_order":0,"comment_status":"closed","ping_status":"closed","template":"","meta":{"_et_pb_use_builder":"on","_et_pb_old_content":"<p>[responsivevoice_button voice=\"Spanish Female\" buttontext=\"Reproducir\"]<\/p>","_et_gb_content_width":"","footnotes":""},"yoast_head":"<!-- This site is optimized with the Yoast SEO plugin v21.3 - https:\/\/yoast.com\/wordpress\/plugins\/seo\/ -->\n<title>Transparencia - Clm-Inclusiva<\/title>\n<meta name=\"robots\" content=\"index, follow, max-snippet:-1, max-image-preview:large, max-video-preview:-1\" \/>\n<link rel=\"canonical\" href=\"https:\/\/clm-inclusiva.org\/?page_id=1699\" \/>\n<meta property=\"og:locale\" content=\"es_ES\" \/>\n<meta property=\"og:type\" content=\"article\" \/>\n<meta property=\"og:title\" content=\"Transparencia - Clm-Inclusiva\" \/>\n<meta property=\"og:description\" content=\"[et_pb_section fb_built=&#8221;1&#8243; _builder_version=&#8221;3.22.4&#8243; custom_padding=&#8221;13px|||||&#8221;][et_pb_row custom_padding=&#8221;12px||0px|||&#8221; custom_margin=&#8221;-2px|auto|-4px|auto||&#8221; _builder_version=&#8221;3.23.3&#8243;][et_pb_column type=&#8221;4_4&#8243; _builder_version=&#8221;3.22.4&#8243;][et_pb_blurb title=&#8221;Transparencia&#8221; use_icon=&#8221;on&#8221; font_icon=&#8221;&#8221; content_max_width=&#8221;950px&#8221; _builder_version=&#8221;3.23.3&#8243; header_level=&#8221;h1&#8243; header_font=&#8221;||||||||&#8221; header_text_align=&#8221;center&#8221; header_line_height=&#8221;1.7em&#8221; header_text_shadow_style=&#8221;preset2&#8243; body_font=&#8221;||||||||&#8221; body_text_align=&#8221;justify&#8221; body_font_size=&#8221;16px&#8221; custom_margin=&#8221;15px|15px|15px|15px|true|true&#8221; custom_padding=&#8221;15px|15px|15px|15px|true|true&#8221;] En esta \u00e9poca de continuos recortes e incertidumbre, los ciudadanos exigimos m\u00e1s detalles sobre c\u00f3mo se gestiona nuestro dinero y se aplican los recursos. Este deseo de transparencia no es s\u00f3lo [&hellip;]\" \/>\n<meta property=\"og:url\" content=\"https:\/\/clm-inclusiva.org\/?page_id=1699\" \/>\n<meta property=\"og:site_name\" content=\"Clm-Inclusiva\" \/>\n<meta property=\"article:publisher\" content=\"https:\/\/www.facebook.com\/castillalamancha.inclusiva\/\" \/>\n<meta property=\"article:modified_time\" content=\"2019-06-17T23:50:20+00:00\" \/>\n<meta name=\"twitter:card\" content=\"summary_large_image\" \/>\n<meta name=\"twitter:site\" content=\"@ClmInclusiva\" \/>\n<meta name=\"twitter:label1\" content=\"Tiempo de lectura\" \/>\n\t<meta name=\"twitter:data1\" content=\"2 minutos\" \/>\n<script type=\"application\/ld+json\" class=\"yoast-schema-graph\">{\"@context\":\"https:\/\/schema.org\",\"@graph\":[{\"@type\":\"WebPage\",\"@id\":\"https:\/\/clm-inclusiva.org\/?page_id=1699\",\"url\":\"https:\/\/clm-inclusiva.org\/?page_id=1699\",\"name\":\"Transparencia - Clm-Inclusiva\",\"isPartOf\":{\"@id\":\"https:\/\/clm-inclusiva.org\/#website\"},\"datePublished\":\"2019-05-08T09:38:26+00:00\",\"dateModified\":\"2019-06-17T23:50:20+00:00\",\"breadcrumb\":{\"@id\":\"https:\/\/clm-inclusiva.org\/?page_id=1699#breadcrumb\"},\"inLanguage\":\"es\",\"potentialAction\":[{\"@type\":\"ReadAction\",\"target\":[\"https:\/\/clm-inclusiva.org\/?page_id=1699\"]}]},{\"@type\":\"BreadcrumbList\",\"@id\":\"https:\/\/clm-inclusiva.org\/?page_id=1699#breadcrumb\",\"itemListElement\":[{\"@type\":\"ListItem\",\"position\":1,\"name\":\"Portada\",\"item\":\"https:\/\/clm-inclusiva.org\/\"},{\"@type\":\"ListItem\",\"position\":2,\"name\":\"Transparencia\"}]},{\"@type\":\"WebSite\",\"@id\":\"https:\/\/clm-inclusiva.org\/#website\",\"url\":\"https:\/\/clm-inclusiva.org\/\",\"name\":\"Clm-Inclusiva\",\"description\":\"Confederaci\u00f3n de entidades de personas con discapacidad f\u00edsica y org\u00e1nica CLM\",\"publisher\":{\"@id\":\"https:\/\/clm-inclusiva.org\/#organization\"},\"potentialAction\":[{\"@type\":\"SearchAction\",\"target\":{\"@type\":\"EntryPoint\",\"urlTemplate\":\"https:\/\/clm-inclusiva.org\/?s={search_term_string}\"},\"query-input\":\"required name=search_term_string\"}],\"inLanguage\":\"es\"},{\"@type\":\"Organization\",\"@id\":\"https:\/\/clm-inclusiva.org\/#organization\",\"name\":\"Clm-Inclusiva\",\"url\":\"https:\/\/clm-inclusiva.org\/\",\"logo\":{\"@type\":\"ImageObject\",\"inLanguage\":\"es\",\"@id\":\"https:\/\/clm-inclusiva.org\/#\/schema\/logo\/image\/\",\"url\":\"http:\/\/clm-inclusiva.org\/wp-content\/uploads\/2019\/04\/banner-e1533720812836.jpg\",\"contentUrl\":\"http:\/\/clm-inclusiva.org\/wp-content\/uploads\/2019\/04\/banner-e1533720812836.jpg\",\"width\":600,\"height\":332,\"caption\":\"Clm-Inclusiva\"},\"image\":{\"@id\":\"https:\/\/clm-inclusiva.org\/#\/schema\/logo\/image\/\"},\"sameAs\":[\"https:\/\/www.facebook.com\/castillalamancha.inclusiva\/\",\"https:\/\/twitter.com\/ClmInclusiva\"]}]}<\/script>\n<!-- \/ Yoast SEO plugin. -->","yoast_head_json":{"title":"Transparencia - Clm-Inclusiva","robots":{"index":"index","follow":"follow","max-snippet":"max-snippet:-1","max-image-preview":"max-image-preview:large","max-video-preview":"max-video-preview:-1"},"canonical":"https:\/\/clm-inclusiva.org\/?page_id=1699","og_locale":"es_ES","og_type":"article","og_title":"Transparencia - Clm-Inclusiva","og_description":"[et_pb_section fb_built=&#8221;1&#8243; _builder_version=&#8221;3.22.4&#8243; custom_padding=&#8221;13px|||||&#8221;][et_pb_row custom_padding=&#8221;12px||0px|||&#8221; custom_margin=&#8221;-2px|auto|-4px|auto||&#8221; _builder_version=&#8221;3.23.3&#8243;][et_pb_column type=&#8221;4_4&#8243; _builder_version=&#8221;3.22.4&#8243;][et_pb_blurb title=&#8221;Transparencia&#8221; use_icon=&#8221;on&#8221; font_icon=&#8221;&#8221; content_max_width=&#8221;950px&#8221; _builder_version=&#8221;3.23.3&#8243; header_level=&#8221;h1&#8243; header_font=&#8221;||||||||&#8221; header_text_align=&#8221;center&#8221; header_line_height=&#8221;1.7em&#8221; header_text_shadow_style=&#8221;preset2&#8243; body_font=&#8221;||||||||&#8221; body_text_align=&#8221;justify&#8221; body_font_size=&#8221;16px&#8221; custom_margin=&#8221;15px|15px|15px|15px|true|true&#8221; custom_padding=&#8221;15px|15px|15px|15px|true|true&#8221;] En esta \u00e9poca de continuos recortes e incertidumbre, los ciudadanos exigimos m\u00e1s detalles sobre c\u00f3mo se gestiona nuestro dinero y se aplican los recursos. Este deseo de transparencia no es s\u00f3lo [&hellip;]","og_url":"https:\/\/clm-inclusiva.org\/?page_id=1699","og_site_name":"Clm-Inclusiva","article_publisher":"https:\/\/www.facebook.com\/castillalamancha.inclusiva\/","article_modified_time":"2019-06-17T23:50:20+00:00","twitter_card":"summary_large_image","twitter_site":"@ClmInclusiva","twitter_misc":{"Tiempo de lectura":"2 minutos"},"schema":{"@context":"https:\/\/schema.org","@graph":[{"@type":"WebPage","@id":"https:\/\/clm-inclusiva.org\/?page_id=1699","url":"https:\/\/clm-inclusiva.org\/?page_id=1699","name":"Transparencia - Clm-Inclusiva","isPartOf":{"@id":"https:\/\/clm-inclusiva.org\/#website"},"datePublished":"2019-05-08T09:38:26+00:00","dateModified":"2019-06-17T23:50:20+00:00","breadcrumb":{"@id":"https:\/\/clm-inclusiva.org\/?page_id=1699#breadcrumb"},"inLanguage":"es","potentialAction":[{"@type":"ReadAction","target":["https:\/\/clm-inclusiva.org\/?page_id=1699"]}]},{"@type":"BreadcrumbList","@id":"https:\/\/clm-inclusiva.org\/?page_id=1699#breadcrumb","itemListElement":[{"@type":"ListItem","position":1,"name":"Portada","item":"https:\/\/clm-inclusiva.org\/"},{"@type":"ListItem","position":2,"name":"Transparencia"}]},{"@type":"WebSite","@id":"https:\/\/clm-inclusiva.org\/#website","url":"https:\/\/clm-inclusiva.org\/","name":"Clm-Inclusiva","description":"Confederaci\u00f3n de entidades de personas con discapacidad f\u00edsica y org\u00e1nica CLM","publisher":{"@id":"https:\/\/clm-inclusiva.org\/#organization"},"potentialAction":[{"@type":"SearchAction","target":{"@type":"EntryPoint","urlTemplate":"https:\/\/clm-inclusiva.org\/?s={search_term_string}"},"query-input":"required name=search_term_string"}],"inLanguage":"es"},{"@type":"Organization","@id":"https:\/\/clm-inclusiva.org\/#organization","name":"Clm-Inclusiva","url":"https:\/\/clm-inclusiva.org\/","logo":{"@type":"ImageObject","inLanguage":"es","@id":"https:\/\/clm-inclusiva.org\/#\/schema\/logo\/image\/","url":"http:\/\/clm-inclusiva.org\/wp-content\/uploads\/2019\/04\/banner-e1533720812836.jpg","contentUrl":"http:\/\/clm-inclusiva.org\/wp-content\/uploads\/2019\/04\/banner-e1533720812836.jpg","width":600,"height":332,"caption":"Clm-Inclusiva"},"image":{"@id":"https:\/\/clm-inclusiva.org\/#\/schema\/logo\/image\/"},"sameAs":["https:\/\/www.facebook.com\/castillalamancha.inclusiva\/","https:\/\/twitter.com\/ClmInclusiva"]}]}},"_links":{"self":[{"href":"https:\/\/clm-inclusiva.org\/index.php?rest_route=\/wp\/v2\/pages\/1699"}],"collection":[{"href":"https:\/\/clm-inclusiva.org\/index.php?rest_route=\/wp\/v2\/pages"}],"about":[{"href":"https:\/\/clm-inclusiva.org\/index.php?rest_route=\/wp\/v2\/types\/page"}],"author":[{"embeddable":true,"href":"https:\/\/clm-inclusiva.org\/index.php?rest_route=\/wp\/v2\/users\/1"}],"replies":[{"embeddable":true,"href":"https:\/\/clm-inclusiva.org\/index.php?rest_route=%2Fwp%2Fv2%2Fcomments&post=1699"}],"version-history":[{"count":5,"href":"https:\/\/clm-inclusiva.org\/index.php?rest_route=\/wp\/v2\/pages\/1699\/revisions"}],"predecessor-version":[{"id":2551,"href":"https:\/\/clm-inclusiva.org\/index.php?rest_route=\/wp\/v2\/pages\/1699\/revisions\/2551"}],"wp:attachment":[{"href":"https:\/\/clm-inclusiva.org\/index.php?rest_route=%2Fwp%2Fv2%2Fmedia&parent=1699"}],"curies":[{"name":"wp","href":"https:\/\/api.w.org\/{rel}","templated":true}]}}