{"id":1586,"date":"2019-04-30T22:48:22","date_gmt":"2019-04-30T20:48:22","guid":{"rendered":"http:\/\/clm-inclusiva.org\/?page_id=1586"},"modified":"2019-07-31T10:45:47","modified_gmt":"2019-07-31T08:45:47","slug":"ofertas","status":"publish","type":"page","link":"https:\/\/clm-inclusiva.org\/?page_id=1586","title":{"rendered":"Ofertas Empleo"},"content":{"rendered":"<p>[et_pb_section fb_built=&#8221;1&#8243; _builder_version=&#8221;3.22.4&#8243;][et_pb_row column_structure=&#8221;3_4,1_4&#8243; use_custom_gutter=&#8221;on&#8221; custom_padding=&#8221;||20px|||&#8221; custom_margin=&#8221;|||||&#8221; _builder_version=&#8221;3.26.3&#8243; width=&#8221;100%&#8221; max_width=&#8221;1208px&#8221;][et_pb_column type=&#8221;3_4&#8243; _builder_version=&#8221;3.22.4&#8243; custom_padding=&#8221;|||&#8221; custom_padding__hover=&#8221;|||&#8221;][et_pb_text _builder_version=&#8221;3.26.5&#8243; text_font=&#8221;||||||||&#8221; text_font_size=&#8221;17px&#8221; text_text_align=&#8221;justify&#8221; text_orientation=&#8221;justified&#8221; custom_padding=&#8221;|15px||15px|true|true&#8221;]Si estas interesado en alguna oferta de empleo de nuestra bolsa, solo tienes que ponerte en contacto con los datos que aparecen en dicha oferta accediendo a la misma.[\/et_pb_text][et_pb_filterable_portfolio fullwidth=&#8221;off&#8221; include_categories=&#8221;22,24,23&#8243; show_categories=&#8221;off&#8221; hover_icon=&#8221;%%126%%&#8221; _builder_version=&#8221;3.26.3&#8243; title_text_align=&#8221;center&#8221; caption_font=&#8221;||||||||&#8221; border_radii_image=&#8221;on|30px|30px|30px|30px&#8221; custom_padding=&#8221;10px|10px|10px|10px|true|true&#8221;]<br \/>\n[\/et_pb_filterable_portfolio][\/et_pb_column][et_pb_column type=&#8221;1_4&#8243; _builder_version=&#8221;3.26.3&#8243; background_color=&#8221;#ffffff&#8221; border_radii=&#8221;on|30px|30px|30px|30px&#8221; custom_padding=&#8221;13px|15px|13px|15px|true|true&#8221; link_option_url=&#8221;http:\/\/clm-inclusiva.org\/?page_id=2748&#8243; custom_padding__hover=&#8221;|||&#8221;][et_pb_blurb title=&#8221;Enviar Oferta Empleo&#8221; url=&#8221;http:\/\/clm-inclusiva.org\/?page_id=2748&#8243; use_icon=&#8221;on&#8221; font_icon=&#8221;%%126%%&#8221; icon_color=&#8221;#ffffff&#8221; _builder_version=&#8221;3.26.3&#8243; header_level=&#8221;h1&#8243; header_font=&#8221;|700|||||||&#8221; header_text_align=&#8221;center&#8221; header_font_size=&#8221;25px&#8221; header_text_shadow_style=&#8221;preset2&#8243; header_text_shadow_color=&#8221;#000000&#8243; body_font=&#8221;||||||||&#8221; body_text_align=&#8221;justify&#8221; body_font_size=&#8221;16px&#8221; background_color=&#8221;#1119a3&#8243; border_radii=&#8221;on|15px|15px|15px|15px&#8221; box_shadow_style=&#8221;preset2&#8243; background_layout=&#8221;dark&#8221; custom_padding=&#8221;15px|15px|15px|15px|false|false&#8221;]<\/p>\n<p>Si eres empresa y quieres que aparezcan en nuestra bolsa de empleo vuestra oferta, solo tienes que acceder en este enlace y rellenar el correspondiente formulario para poderla dar de alta. \u00danicamente ofertas de empleo para personas con discapacidad.<\/p>\n<p>[\/et_pb_blurb][et_pb_button button_url=&#8221;http:\/\/clm-inclusiva.org\/?page_id=2748&#8243; button_text=&#8221;Enviar&#8221; button_alignment=&#8221;center&#8221; _builder_version=&#8221;3.26.3&#8243; custom_button=&#8221;on&#8221; button_text_color=&#8221;#1119a3&#8243; button_font=&#8221;||||||||&#8221; box_shadow_style=&#8221;preset2&#8243; custom_margin=&#8221;||15px|||&#8221;][\/et_pb_button][\/et_pb_column][\/et_pb_row][\/et_pb_section]<\/p>\n","protected":false},"excerpt":{"rendered":"<p>[et_pb_section fb_built=&#8221;1&#8243; _builder_version=&#8221;3.22.4&#8243;][et_pb_row column_structure=&#8221;3_4,1_4&#8243; use_custom_gutter=&#8221;on&#8221; custom_padding=&#8221;||20px|||&#8221; custom_margin=&#8221;|||||&#8221; _builder_version=&#8221;3.26.3&#8243; width=&#8221;100%&#8221; max_width=&#8221;1208px&#8221;][et_pb_column type=&#8221;3_4&#8243; _builder_version=&#8221;3.22.4&#8243; custom_padding=&#8221;|||&#8221; custom_padding__hover=&#8221;|||&#8221;][et_pb_text _builder_version=&#8221;3.26.5&#8243; text_font=&#8221;||||||||&#8221; text_font_size=&#8221;17px&#8221; text_text_align=&#8221;justify&#8221; text_orientation=&#8221;justified&#8221; custom_padding=&#8221;|15px||15px|true|true&#8221;]Si estas interesado en alguna oferta de empleo de nuestra bolsa, solo tienes que ponerte en contacto con los datos que aparecen en dicha oferta accediendo a la misma.[\/et_pb_text][et_pb_filterable_portfolio fullwidth=&#8221;off&#8221; include_categories=&#8221;22,24,23&#8243; show_categories=&#8221;off&#8221; hover_icon=&#8221;%%126%%&#8221; _builder_version=&#8221;3.26.3&#8243; title_text_align=&#8221;center&#8221; caption_font=&#8221;||||||||&#8221; [&hellip;]<\/p>\n","protected":false},"author":1,"featured_media":0,"parent":0,"menu_order":0,"comment_status":"closed","ping_status":"closed","template":"","meta":{"_et_pb_use_builder":"on","_et_pb_old_content":"","_et_gb_content_width":"","footnotes":""},"yoast_head":"<!-- This site is optimized with the Yoast SEO plugin v21.3 - https:\/\/yoast.com\/wordpress\/plugins\/seo\/ -->\n<title>Ofertas Empleo - Clm-Inclusiva<\/title>\n<meta name=\"robots\" content=\"index, follow, max-snippet:-1, max-image-preview:large, max-video-preview:-1\" \/>\n<link rel=\"canonical\" href=\"https:\/\/clm-inclusiva.org\/?page_id=1586\" \/>\n<meta property=\"og:locale\" content=\"es_ES\" \/>\n<meta property=\"og:type\" content=\"article\" \/>\n<meta property=\"og:title\" content=\"Ofertas Empleo - Clm-Inclusiva\" \/>\n<meta property=\"og:description\" content=\"[et_pb_section fb_built=&#8221;1&#8243; _builder_version=&#8221;3.22.4&#8243;][et_pb_row column_structure=&#8221;3_4,1_4&#8243; use_custom_gutter=&#8221;on&#8221; custom_padding=&#8221;||20px|||&#8221; custom_margin=&#8221;|||||&#8221; _builder_version=&#8221;3.26.3&#8243; width=&#8221;100%&#8221; max_width=&#8221;1208px&#8221;][et_pb_column type=&#8221;3_4&#8243; _builder_version=&#8221;3.22.4&#8243; custom_padding=&#8221;|||&#8221; custom_padding__hover=&#8221;|||&#8221;][et_pb_text _builder_version=&#8221;3.26.5&#8243; text_font=&#8221;||||||||&#8221; text_font_size=&#8221;17px&#8221; text_text_align=&#8221;justify&#8221; text_orientation=&#8221;justified&#8221; custom_padding=&#8221;|15px||15px|true|true&#8221;]Si estas interesado en alguna oferta de empleo de nuestra bolsa, solo tienes que ponerte en contacto con los datos que aparecen en dicha oferta accediendo a la misma.[\/et_pb_text][et_pb_filterable_portfolio fullwidth=&#8221;off&#8221; include_categories=&#8221;22,24,23&#8243; show_categories=&#8221;off&#8221; hover_icon=&#8221;&#8221; _builder_version=&#8221;3.26.3&#8243; title_text_align=&#8221;center&#8221; caption_font=&#8221;||||||||&#8221; [&hellip;]\" \/>\n<meta property=\"og:url\" content=\"https:\/\/clm-inclusiva.org\/?page_id=1586\" \/>\n<meta property=\"og:site_name\" content=\"Clm-Inclusiva\" \/>\n<meta property=\"article:publisher\" content=\"https:\/\/www.facebook.com\/castillalamancha.inclusiva\/\" \/>\n<meta property=\"article:modified_time\" content=\"2019-07-31T08:45:47+00:00\" \/>\n<meta name=\"twitter:card\" content=\"summary_large_image\" \/>\n<meta name=\"twitter:site\" content=\"@ClmInclusiva\" \/>\n<meta name=\"twitter:label1\" content=\"Tiempo de lectura\" \/>\n\t<meta name=\"twitter:data1\" content=\"2 minutos\" \/>\n<script type=\"application\/ld+json\" class=\"yoast-schema-graph\">{\"@context\":\"https:\/\/schema.org\",\"@graph\":[{\"@type\":\"WebPage\",\"@id\":\"https:\/\/clm-inclusiva.org\/?page_id=1586\",\"url\":\"https:\/\/clm-inclusiva.org\/?page_id=1586\",\"name\":\"Ofertas Empleo - Clm-Inclusiva\",\"isPartOf\":{\"@id\":\"https:\/\/clm-inclusiva.org\/#website\"},\"datePublished\":\"2019-04-30T20:48:22+00:00\",\"dateModified\":\"2019-07-31T08:45:47+00:00\",\"breadcrumb\":{\"@id\":\"https:\/\/clm-inclusiva.org\/?page_id=1586#breadcrumb\"},\"inLanguage\":\"es\",\"potentialAction\":[{\"@type\":\"ReadAction\",\"target\":[\"https:\/\/clm-inclusiva.org\/?page_id=1586\"]}]},{\"@type\":\"BreadcrumbList\",\"@id\":\"https:\/\/clm-inclusiva.org\/?page_id=1586#breadcrumb\",\"itemListElement\":[{\"@type\":\"ListItem\",\"position\":1,\"name\":\"Portada\",\"item\":\"https:\/\/clm-inclusiva.org\/\"},{\"@type\":\"ListItem\",\"position\":2,\"name\":\"Ofertas Empleo\"}]},{\"@type\":\"WebSite\",\"@id\":\"https:\/\/clm-inclusiva.org\/#website\",\"url\":\"https:\/\/clm-inclusiva.org\/\",\"name\":\"Clm-Inclusiva\",\"description\":\"Confederaci\u00f3n de entidades de personas con discapacidad f\u00edsica y org\u00e1nica CLM\",\"publisher\":{\"@id\":\"https:\/\/clm-inclusiva.org\/#organization\"},\"potentialAction\":[{\"@type\":\"SearchAction\",\"target\":{\"@type\":\"EntryPoint\",\"urlTemplate\":\"https:\/\/clm-inclusiva.org\/?s={search_term_string}\"},\"query-input\":\"required name=search_term_string\"}],\"inLanguage\":\"es\"},{\"@type\":\"Organization\",\"@id\":\"https:\/\/clm-inclusiva.org\/#organization\",\"name\":\"Clm-Inclusiva\",\"url\":\"https:\/\/clm-inclusiva.org\/\",\"logo\":{\"@type\":\"ImageObject\",\"inLanguage\":\"es\",\"@id\":\"https:\/\/clm-inclusiva.org\/#\/schema\/logo\/image\/\",\"url\":\"http:\/\/clm-inclusiva.org\/wp-content\/uploads\/2019\/04\/banner-e1533720812836.jpg\",\"contentUrl\":\"http:\/\/clm-inclusiva.org\/wp-content\/uploads\/2019\/04\/banner-e1533720812836.jpg\",\"width\":600,\"height\":332,\"caption\":\"Clm-Inclusiva\"},\"image\":{\"@id\":\"https:\/\/clm-inclusiva.org\/#\/schema\/logo\/image\/\"},\"sameAs\":[\"https:\/\/www.facebook.com\/castillalamancha.inclusiva\/\",\"https:\/\/twitter.com\/ClmInclusiva\"]}]}<\/script>\n<!-- \/ Yoast SEO plugin. -->","yoast_head_json":{"title":"Ofertas Empleo - Clm-Inclusiva","robots":{"index":"index","follow":"follow","max-snippet":"max-snippet:-1","max-image-preview":"max-image-preview:large","max-video-preview":"max-video-preview:-1"},"canonical":"https:\/\/clm-inclusiva.org\/?page_id=1586","og_locale":"es_ES","og_type":"article","og_title":"Ofertas Empleo - Clm-Inclusiva","og_description":"[et_pb_section fb_built=&#8221;1&#8243; _builder_version=&#8221;3.22.4&#8243;][et_pb_row column_structure=&#8221;3_4,1_4&#8243; use_custom_gutter=&#8221;on&#8221; custom_padding=&#8221;||20px|||&#8221; custom_margin=&#8221;|||||&#8221; _builder_version=&#8221;3.26.3&#8243; width=&#8221;100%&#8221; max_width=&#8221;1208px&#8221;][et_pb_column type=&#8221;3_4&#8243; _builder_version=&#8221;3.22.4&#8243; custom_padding=&#8221;|||&#8221; custom_padding__hover=&#8221;|||&#8221;][et_pb_text _builder_version=&#8221;3.26.5&#8243; text_font=&#8221;||||||||&#8221; text_font_size=&#8221;17px&#8221; text_text_align=&#8221;justify&#8221; text_orientation=&#8221;justified&#8221; custom_padding=&#8221;|15px||15px|true|true&#8221;]Si estas interesado en alguna oferta de empleo de nuestra bolsa, solo tienes que ponerte en contacto con los datos que aparecen en dicha oferta accediendo a la misma.[\/et_pb_text][et_pb_filterable_portfolio fullwidth=&#8221;off&#8221; include_categories=&#8221;22,24,23&#8243; show_categories=&#8221;off&#8221; hover_icon=&#8221;&#8221; _builder_version=&#8221;3.26.3&#8243; title_text_align=&#8221;center&#8221; caption_font=&#8221;||||||||&#8221; [&hellip;]","og_url":"https:\/\/clm-inclusiva.org\/?page_id=1586","og_site_name":"Clm-Inclusiva","article_publisher":"https:\/\/www.facebook.com\/castillalamancha.inclusiva\/","article_modified_time":"2019-07-31T08:45:47+00:00","twitter_card":"summary_large_image","twitter_site":"@ClmInclusiva","twitter_misc":{"Tiempo de lectura":"2 minutos"},"schema":{"@context":"https:\/\/schema.org","@graph":[{"@type":"WebPage","@id":"https:\/\/clm-inclusiva.org\/?page_id=1586","url":"https:\/\/clm-inclusiva.org\/?page_id=1586","name":"Ofertas Empleo - Clm-Inclusiva","isPartOf":{"@id":"https:\/\/clm-inclusiva.org\/#website"},"datePublished":"2019-04-30T20:48:22+00:00","dateModified":"2019-07-31T08:45:47+00:00","breadcrumb":{"@id":"https:\/\/clm-inclusiva.org\/?page_id=1586#breadcrumb"},"inLanguage":"es","potentialAction":[{"@type":"ReadAction","target":["https:\/\/clm-inclusiva.org\/?page_id=1586"]}]},{"@type":"BreadcrumbList","@id":"https:\/\/clm-inclusiva.org\/?page_id=1586#breadcrumb","itemListElement":[{"@type":"ListItem","position":1,"name":"Portada","item":"https:\/\/clm-inclusiva.org\/"},{"@type":"ListItem","position":2,"name":"Ofertas Empleo"}]},{"@type":"WebSite","@id":"https:\/\/clm-inclusiva.org\/#website","url":"https:\/\/clm-inclusiva.org\/","name":"Clm-Inclusiva","description":"Confederaci\u00f3n de entidades de personas con discapacidad f\u00edsica y org\u00e1nica CLM","publisher":{"@id":"https:\/\/clm-inclusiva.org\/#organization"},"potentialAction":[{"@type":"SearchAction","target":{"@type":"EntryPoint","urlTemplate":"https:\/\/clm-inclusiva.org\/?s={search_term_string}"},"query-input":"required name=search_term_string"}],"inLanguage":"es"},{"@type":"Organization","@id":"https:\/\/clm-inclusiva.org\/#organization","name":"Clm-Inclusiva","url":"https:\/\/clm-inclusiva.org\/","logo":{"@type":"ImageObject","inLanguage":"es","@id":"https:\/\/clm-inclusiva.org\/#\/schema\/logo\/image\/","url":"http:\/\/clm-inclusiva.org\/wp-content\/uploads\/2019\/04\/banner-e1533720812836.jpg","contentUrl":"http:\/\/clm-inclusiva.org\/wp-content\/uploads\/2019\/04\/banner-e1533720812836.jpg","width":600,"height":332,"caption":"Clm-Inclusiva"},"image":{"@id":"https:\/\/clm-inclusiva.org\/#\/schema\/logo\/image\/"},"sameAs":["https:\/\/www.facebook.com\/castillalamancha.inclusiva\/","https:\/\/twitter.com\/ClmInclusiva"]}]}},"_links":{"self":[{"href":"https:\/\/clm-inclusiva.org\/index.php?rest_route=\/wp\/v2\/pages\/1586"}],"collection":[{"href":"https:\/\/clm-inclusiva.org\/index.php?rest_route=\/wp\/v2\/pages"}],"about":[{"href":"https:\/\/clm-inclusiva.org\/index.php?rest_route=\/wp\/v2\/types\/page"}],"author":[{"embeddable":true,"href":"https:\/\/clm-inclusiva.org\/index.php?rest_route=\/wp\/v2\/users\/1"}],"replies":[{"embeddable":true,"href":"https:\/\/clm-inclusiva.org\/index.php?rest_route=%2Fwp%2Fv2%2Fcomments&post=1586"}],"version-history":[{"count":26,"href":"https:\/\/clm-inclusiva.org\/index.php?rest_route=\/wp\/v2\/pages\/1586\/revisions"}],"predecessor-version":[{"id":3098,"href":"https:\/\/clm-inclusiva.org\/index.php?rest_route=\/wp\/v2\/pages\/1586\/revisions\/3098"}],"wp:attachment":[{"href":"https:\/\/clm-inclusiva.org\/index.php?rest_route=%2Fwp%2Fv2%2Fmedia&parent=1586"}],"curies":[{"name":"wp","href":"https:\/\/api.w.org\/{rel}","templated":true}]}}