{"id":1530,"date":"2019-04-26T18:17:13","date_gmt":"2019-04-26T18:17:13","guid":{"rendered":"http:\/\/clm-inclusiva.org\/?page_id=1530"},"modified":"2019-04-26T19:30:42","modified_gmt":"2019-04-26T19:30:42","slug":"aviso-legal","status":"publish","type":"page","link":"https:\/\/clm-inclusiva.org\/?page_id=1530","title":{"rendered":"Aviso Legal"},"content":{"rendered":"<p>[et_pb_section fb_built=&#8221;1&#8243; admin_label=&#8221;section&#8221; _builder_version=&#8221;3.22.3&#8243;][et_pb_row admin_label=&#8221;row&#8221; _builder_version=&#8221;3.22.4&#8243; background_size=&#8221;initial&#8221; background_position=&#8221;top_left&#8221; background_repeat=&#8221;repeat&#8221; box_shadow_style=&#8221;preset2&#8243;][et_pb_column type=&#8221;4_4&#8243; _builder_version=&#8221;3.0.47&#8243;][et_pb_text admin_label=&#8221;Text&#8221; _builder_version=&#8221;3.22.4&#8243; background_size=&#8221;initial&#8221; background_position=&#8221;top_left&#8221; background_repeat=&#8221;repeat&#8221; text_font=&#8221;||||||||&#8221; text_orientation=&#8221;justified&#8221; custom_margin=&#8221;10px|45px|10px|45px|true|true&#8221;]<\/p>\n<p><strong>Castilla la Mancha Inclusiva<\/strong>, responsable del sitio web, en adelante RESPONSABLE, pone a disposici\u00f3n de los usuarios el presente documento, con el que pretende dar cumplimiento a las obligaciones dispuestas en la Ley 34\/2002, de 11 de julio, de Servicios de la Sociedad de la Informaci\u00f3n y de Comercio Electr\u00f3nico (LSSICE), BOE N \u00ba 166, as\u00ed como informar a todos los usuarios del sitio web respecto a cu\u00e1les son las condiciones de uso.<\/p>\n<p>Toda persona que acceda a este sitio web asume el papel de usuario, comprometi\u00e9ndose a la observancia y cumplimiento riguroso de las disposiciones aqu\u00ed dispuestas, as\u00ed como a cualquier otra disposici\u00f3n legal que fuera de aplicaci\u00f3n.<\/p>\n<p><strong>Castilla la Mancha Inclusiva<\/strong>\u00a0se reserva el derecho de modificar cualquier tipo de informaci\u00f3n que pudiera aparecer en el sitio web, sin que exista obligaci\u00f3n de preavisar o poner en conocimiento de los usuarios dichas obligaciones, entendi\u00e9ndose como suficiente con la publicaci\u00f3n en el sitio web de\u00a0 <strong>Castilla la Mancha Inclusiva<\/strong><\/p>\n<ol>\n<li><strong>DATOS IDENTIFICATIVOS<\/strong><\/li>\n<\/ol>\n<p><strong>Nombre de dominio:<\/strong> www.clm-inclusiva.org<br \/> <strong>Nombre comercial:<\/strong> CLM-Inclusiva<br \/> <strong>Denominaci\u00f3n social:<\/strong> Castilla la Mancha Inclusiva<br \/> <strong>NIF:<\/strong> G02595551<br \/> <strong>Domicilio social:<\/strong> Calle Alcalde Conangla, 66 Bajo 02001 ALBACETE<br \/> <strong>Tel\u00e9fono:<\/strong> 925 11 50 41<br \/> <strong>Email:<\/strong> info@clm-inclusiva.org<\/p>\n<ol start=\"2\">\n<li><strong>DERECHOS DE PROPIEDAD INTELECTUAL E INDUSTRIAL<\/strong><\/li>\n<\/ol>\n<p>El sitio web, incluyendo a t\u00edtulo enunciativo pero no limitativo su programaci\u00f3n, edici\u00f3n, compilaci\u00f3n y dem\u00e1s elementos necesarios para su funcionamiento, los dise\u00f1os, logotipos, texto y\/o gr\u00e1ficos, son propiedad del RESPONSABLE o, si es el caso, dispone de licencia o autorizaci\u00f3n expresa por parte de los autores.<\/p>\n<p>Todos los contenidos del sitio web se encuentran debidamente protegidos por la normativa de propiedad intelectual e industrial, as\u00ed como inscritos en los registros p\u00fablicos correspondientes.<\/p>\n<p>Independientemente de la finalidad para la que fueran destinados, la reproducci\u00f3n total o parcial, uso, explotaci\u00f3n, distribuci\u00f3n y comercializaci\u00f3n, requiere en todo caso de la autorizaci\u00f3n escrita previa por parte del RESPONSABLE. Cualquier uso no autorizado previamente se considera un incumplimiento grave de los derechos de propiedad intelectual o industrial del autor.<\/p>\n<p>Los dise\u00f1os, logotipos, texto y\/o gr\u00e1ficos ajenos al RESPONSABLE y que pudieran aparecer en el sitio web, pertenecen a sus respectivos propietarios, siendo ellos mismos responsables de cualquier posible controversia que pudiera suscitarse respecto a los mismos.<\/p>\n<p>El RESPONSABLE reconoce a favor de sus titulares los correspondientes derechos de propiedad intelectual e industrial, no implicando su sola menci\u00f3n o aparici\u00f3n en el sitio web la existencia de derechos o responsabilidad alguna sobre los mismos, como tampoco respaldo, patrocinio o recomendaci\u00f3n por parte del mismo.<\/p>\n<p>Para realizar cualquier tipo de observaci\u00f3n respecto a posibles incumplimientos de los derechos de propiedad intelectual o industrial, as\u00ed como sobre cualquiera de los contenidos del sitio web, puede hacerlo a trav\u00e9s del correo electr\u00f3nico\u00a0<a href=\"mailto:info@clm-inclusiva.org\">info@clm-inclusiva.org<\/a><\/p>\n<ol start=\"3\">\n<li><strong>EXENCI\u00d3N DE RESPONSABILIDADES<\/strong><\/li>\n<\/ol>\n<p>El RESPONSABLE se exime de cualquier tipo de responsabilidad derivada de la informaci\u00f3n publicada en su sitio web siempre que esta informaci\u00f3n haya sido manipulada o introducida por un tercero ajeno al mismo.<\/p>\n<ol start=\"4\">\n<li><strong>CONTENIDO DE LA WEB Y ENLACES (LINKS)<\/strong><\/li>\n<\/ol>\n<p><strong>Castilla la Mancha Inclusiva<\/strong> se reserva el derecho a actualizar, modificar o eliminar la informaci\u00f3n contenida en sus p\u00e1ginas web pudiendo incluso limitar o no permitir el acceso a dicha informaci\u00f3n a ciertos usuarios.<\/p>\n<p><strong>Castilla la Mancha Inclusiva<\/strong> no asume responsabilidad alguna por la informaci\u00f3n contenida en p\u00e1ginas web de terceros a las que se pueda acceder por \u201clinks\u201d o enlaces desde cualquier p\u00e1gina web propiedad de <strong>Castilla la Mancha Inclusiva<\/strong>.<\/p>\n<p>La presencia de \u201clinks\u201d o enlaces en las p\u00e1ginas web de <strong>Castilla la Mancha Inclusiva<\/strong> tiene finalidad meramente informativa y en ning\u00fan caso supone sugerencia, invitaci\u00f3n o recomendaci\u00f3n sobre los mismos.<\/p>\n<p>[\/et_pb_text][\/et_pb_column][\/et_pb_row][\/et_pb_section]<\/p>\n","protected":false},"excerpt":{"rendered":"<p>[et_pb_section fb_built=&#8221;1&#8243; admin_label=&#8221;section&#8221; _builder_version=&#8221;3.22.3&#8243;][et_pb_row admin_label=&#8221;row&#8221; _builder_version=&#8221;3.22.4&#8243; background_size=&#8221;initial&#8221; background_position=&#8221;top_left&#8221; background_repeat=&#8221;repeat&#8221; box_shadow_style=&#8221;preset2&#8243;][et_pb_column type=&#8221;4_4&#8243; _builder_version=&#8221;3.0.47&#8243;][et_pb_text admin_label=&#8221;Text&#8221; _builder_version=&#8221;3.22.4&#8243; background_size=&#8221;initial&#8221; background_position=&#8221;top_left&#8221; background_repeat=&#8221;repeat&#8221; text_font=&#8221;||||||||&#8221; text_orientation=&#8221;justified&#8221; custom_margin=&#8221;10px|45px|10px|45px|true|true&#8221;] Castilla la Mancha Inclusiva, responsable del sitio web, en adelante RESPONSABLE, pone a disposici\u00f3n de los usuarios el presente documento, con el que pretende dar cumplimiento a las obligaciones dispuestas en la Ley 34\/2002, de [&hellip;]<\/p>\n","protected":false},"author":1,"featured_media":0,"parent":0,"menu_order":0,"comment_status":"closed","ping_status":"closed","template":"","meta":{"_et_pb_use_builder":"on","_et_pb_old_content":"<strong>Castilla la Mancha Inclusiva<\/strong>, responsable del sitio web, en adelante RESPONSABLE, pone a disposici\u00f3n de los usuarios el presente documento, con el que pretende dar cumplimiento a las obligaciones dispuestas en la Ley 34\/2002, de 11 de julio, de Servicios de la Sociedad de la Informaci\u00f3n y de Comercio Electr\u00f3nico (LSSICE), BOE N \u00ba 166, as\u00ed como informar a todos los usuarios del sitio web respecto a cu\u00e1les son las condiciones de uso.\n\nToda persona que acceda a este sitio web asume el papel de usuario, comprometi\u00e9ndose a la observancia y cumplimiento riguroso de las disposiciones aqu\u00ed dispuestas, as\u00ed como a cualquier otra disposici\u00f3n legal que fuera de aplicaci\u00f3n.\n\n<strong>Castilla la Mancha Inclusiva<\/strong>&nbsp;se reserva el derecho de modificar cualquier tipo de informaci\u00f3n que pudiera aparecer en el sitio web, sin que exista obligaci\u00f3n de preavisar o poner en conocimiento de los usuarios dichas obligaciones, entendi\u00e9ndose como suficiente con la publicaci\u00f3n en el sitio web de&nbsp; <strong>Castilla la Mancha Inclusiva<\/strong>\n<ol>\n \t<li><strong>DATOS IDENTIFICATIVOS<\/strong><\/li>\n<\/ol>\n<strong>Nombre de dominio:<\/strong> www.clm-inclusiva.org\n<strong>Nombre comercial:<\/strong> CLM-Inclusiva\n<strong>Denominaci\u00f3n social:<\/strong> Castilla la Mancha Inclusiva\n<strong>NIF:<\/strong> G02595551\n<strong>Domicilio social:<\/strong> Calle Alcalde Conangla, 66 Bajo 02001 ALBACETE\n<strong>Tel\u00e9fono:<\/strong>  925 11 50 41\n<strong>Email:<\/strong> info@clm-inclusiva.org\n<ol start=\"2\">\n \t<li><strong>DERECHOS DE PROPIEDAD INTELECTUAL E INDUSTRIAL<\/strong><\/li>\n<\/ol>\nEl sitio web, incluyendo a t\u00edtulo enunciativo pero no limitativo su programaci\u00f3n, edici\u00f3n, compilaci\u00f3n y dem\u00e1s elementos necesarios para su funcionamiento, los dise\u00f1os, logotipos, texto y\/o gr\u00e1ficos, son propiedad del RESPONSABLE o, si es el caso, dispone de licencia o autorizaci\u00f3n expresa por parte de los autores.\n\nTodos los contenidos del sitio web se encuentran debidamente protegidos por la normativa de propiedad intelectual e industrial, as\u00ed como inscritos en los registros p\u00fablicos correspondientes.\n\nIndependientemente de la finalidad para la que fueran destinados, la reproducci\u00f3n total o parcial, uso, explotaci\u00f3n, distribuci\u00f3n y comercializaci\u00f3n, requiere en todo caso de la autorizaci\u00f3n escrita previa por parte del RESPONSABLE. Cualquier uso no autorizado previamente se considera un incumplimiento grave de los derechos de propiedad intelectual o industrial del autor.\n\nLos dise\u00f1os, logotipos, texto y\/o gr\u00e1ficos ajenos al RESPONSABLE y que pudieran aparecer en el sitio web, pertenecen a sus respectivos propietarios, siendo ellos mismos responsables de cualquier posible controversia que pudiera suscitarse respecto a los mismos.\n\nEl RESPONSABLE reconoce a favor de sus titulares los correspondientes derechos de propiedad intelectual e industrial, no implicando su sola menci\u00f3n o aparici\u00f3n en el sitio web la existencia de derechos o responsabilidad alguna sobre los mismos, como tampoco respaldo, patrocinio o recomendaci\u00f3n por parte del mismo.\n\nPara realizar cualquier tipo de observaci\u00f3n respecto a posibles incumplimientos de los derechos de propiedad intelectual o industrial, as\u00ed como sobre cualquiera de los contenidos del sitio web, puede hacerlo a trav\u00e9s del correo electr\u00f3nico&nbsp;<a href=\"mailto:info@clm-inclusiva.org\">info@clm-inclusiva.org<\/a>\n<ol start=\"3\">\n \t<li><strong>EXENCI\u00d3N DE RESPONSABILIDADES<\/strong><\/li>\n<\/ol>\nEl RESPONSABLE se exime de cualquier tipo de responsabilidad derivada de la informaci\u00f3n publicada en su sitio web siempre que esta informaci\u00f3n haya sido manipulada o introducida por un tercero ajeno al mismo.\n<ol start=\"4\">\n \t<li><strong>CONTENIDO DE LA WEB Y ENLACES (LINKS)<\/strong><\/li>\n<\/ol>\n<strong>Castilla la Mancha Inclusiva<\/strong> se reserva el derecho a actualizar, modificar o eliminar la informaci\u00f3n contenida en sus p\u00e1ginas web pudiendo incluso limitar o no permitir el acceso a dicha informaci\u00f3n a ciertos usuarios.\n\n<strong>Castilla la Mancha Inclusiva<\/strong> no asume responsabilidad alguna por la informaci\u00f3n contenida en p\u00e1ginas web de terceros a las que se pueda acceder por \u201clinks\u201d o enlaces desde cualquier p\u00e1gina web propiedad de <strong>Castilla la Mancha Inclusiva<\/strong>.\n\nLa presencia de \u201clinks\u201d o enlaces en las p\u00e1ginas web de <strong>Castilla la Mancha Inclusiva<\/strong> tiene finalidad meramente informativa y en ning\u00fan caso supone sugerencia, invitaci\u00f3n o recomendaci\u00f3n sobre los mismos.\n\n<strong>3COM Marketing<\/strong> - Asesor de Cookies es un plugin para WordPress creado por <a href=\"http:\/\/www.3commarketing.com\/\" target=\"_blank\" rel=\"noopener noreferrer\">3COM Marketing<\/a>","_et_gb_content_width":"","footnotes":""},"yoast_head":"<!-- This site is optimized with the Yoast SEO plugin v21.3 - https:\/\/yoast.com\/wordpress\/plugins\/seo\/ -->\n<title>Aviso Legal - Clm-Inclusiva<\/title>\n<meta name=\"robots\" content=\"index, follow, max-snippet:-1, max-image-preview:large, max-video-preview:-1\" \/>\n<link rel=\"canonical\" href=\"https:\/\/clm-inclusiva.org\/?page_id=1530\" \/>\n<meta property=\"og:locale\" content=\"es_ES\" \/>\n<meta property=\"og:type\" content=\"article\" \/>\n<meta property=\"og:title\" content=\"Aviso Legal - Clm-Inclusiva\" \/>\n<meta property=\"og:description\" content=\"[et_pb_section fb_built=&#8221;1&#8243; admin_label=&#8221;section&#8221; _builder_version=&#8221;3.22.3&#8243;][et_pb_row admin_label=&#8221;row&#8221; _builder_version=&#8221;3.22.4&#8243; background_size=&#8221;initial&#8221; background_position=&#8221;top_left&#8221; background_repeat=&#8221;repeat&#8221; box_shadow_style=&#8221;preset2&#8243;][et_pb_column type=&#8221;4_4&#8243; _builder_version=&#8221;3.0.47&#8243;][et_pb_text admin_label=&#8221;Text&#8221; _builder_version=&#8221;3.22.4&#8243; background_size=&#8221;initial&#8221; background_position=&#8221;top_left&#8221; background_repeat=&#8221;repeat&#8221; text_font=&#8221;||||||||&#8221; text_orientation=&#8221;justified&#8221; custom_margin=&#8221;10px|45px|10px|45px|true|true&#8221;] Castilla la Mancha Inclusiva, responsable del sitio web, en adelante RESPONSABLE, pone a disposici\u00f3n de los usuarios el presente documento, con el que pretende dar cumplimiento a las obligaciones dispuestas en la Ley 34\/2002, de [&hellip;]\" \/>\n<meta property=\"og:url\" content=\"https:\/\/clm-inclusiva.org\/?page_id=1530\" \/>\n<meta property=\"og:site_name\" content=\"Clm-Inclusiva\" \/>\n<meta property=\"article:publisher\" content=\"https:\/\/www.facebook.com\/castillalamancha.inclusiva\/\" \/>\n<meta property=\"article:modified_time\" content=\"2019-04-26T19:30:42+00:00\" \/>\n<meta name=\"twitter:card\" content=\"summary_large_image\" \/>\n<meta name=\"twitter:site\" content=\"@ClmInclusiva\" \/>\n<meta name=\"twitter:label1\" content=\"Tiempo de lectura\" \/>\n\t<meta name=\"twitter:data1\" content=\"4 minutos\" \/>\n<script type=\"application\/ld+json\" class=\"yoast-schema-graph\">{\"@context\":\"https:\/\/schema.org\",\"@graph\":[{\"@type\":\"WebPage\",\"@id\":\"https:\/\/clm-inclusiva.org\/?page_id=1530\",\"url\":\"https:\/\/clm-inclusiva.org\/?page_id=1530\",\"name\":\"Aviso Legal - Clm-Inclusiva\",\"isPartOf\":{\"@id\":\"https:\/\/clm-inclusiva.org\/#website\"},\"datePublished\":\"2019-04-26T18:17:13+00:00\",\"dateModified\":\"2019-04-26T19:30:42+00:00\",\"breadcrumb\":{\"@id\":\"https:\/\/clm-inclusiva.org\/?page_id=1530#breadcrumb\"},\"inLanguage\":\"es\",\"potentialAction\":[{\"@type\":\"ReadAction\",\"target\":[\"https:\/\/clm-inclusiva.org\/?page_id=1530\"]}]},{\"@type\":\"BreadcrumbList\",\"@id\":\"https:\/\/clm-inclusiva.org\/?page_id=1530#breadcrumb\",\"itemListElement\":[{\"@type\":\"ListItem\",\"position\":1,\"name\":\"Portada\",\"item\":\"https:\/\/clm-inclusiva.org\/\"},{\"@type\":\"ListItem\",\"position\":2,\"name\":\"Aviso Legal\"}]},{\"@type\":\"WebSite\",\"@id\":\"https:\/\/clm-inclusiva.org\/#website\",\"url\":\"https:\/\/clm-inclusiva.org\/\",\"name\":\"Clm-Inclusiva\",\"description\":\"Confederaci\u00f3n de entidades de personas con discapacidad f\u00edsica y org\u00e1nica CLM\",\"publisher\":{\"@id\":\"https:\/\/clm-inclusiva.org\/#organization\"},\"potentialAction\":[{\"@type\":\"SearchAction\",\"target\":{\"@type\":\"EntryPoint\",\"urlTemplate\":\"https:\/\/clm-inclusiva.org\/?s={search_term_string}\"},\"query-input\":\"required name=search_term_string\"}],\"inLanguage\":\"es\"},{\"@type\":\"Organization\",\"@id\":\"https:\/\/clm-inclusiva.org\/#organization\",\"name\":\"Clm-Inclusiva\",\"url\":\"https:\/\/clm-inclusiva.org\/\",\"logo\":{\"@type\":\"ImageObject\",\"inLanguage\":\"es\",\"@id\":\"https:\/\/clm-inclusiva.org\/#\/schema\/logo\/image\/\",\"url\":\"http:\/\/clm-inclusiva.org\/wp-content\/uploads\/2019\/04\/banner-e1533720812836.jpg\",\"contentUrl\":\"http:\/\/clm-inclusiva.org\/wp-content\/uploads\/2019\/04\/banner-e1533720812836.jpg\",\"width\":600,\"height\":332,\"caption\":\"Clm-Inclusiva\"},\"image\":{\"@id\":\"https:\/\/clm-inclusiva.org\/#\/schema\/logo\/image\/\"},\"sameAs\":[\"https:\/\/www.facebook.com\/castillalamancha.inclusiva\/\",\"https:\/\/twitter.com\/ClmInclusiva\"]}]}<\/script>\n<!-- \/ Yoast SEO plugin. -->","yoast_head_json":{"title":"Aviso Legal - Clm-Inclusiva","robots":{"index":"index","follow":"follow","max-snippet":"max-snippet:-1","max-image-preview":"max-image-preview:large","max-video-preview":"max-video-preview:-1"},"canonical":"https:\/\/clm-inclusiva.org\/?page_id=1530","og_locale":"es_ES","og_type":"article","og_title":"Aviso Legal - Clm-Inclusiva","og_description":"[et_pb_section fb_built=&#8221;1&#8243; admin_label=&#8221;section&#8221; _builder_version=&#8221;3.22.3&#8243;][et_pb_row admin_label=&#8221;row&#8221; _builder_version=&#8221;3.22.4&#8243; background_size=&#8221;initial&#8221; background_position=&#8221;top_left&#8221; background_repeat=&#8221;repeat&#8221; box_shadow_style=&#8221;preset2&#8243;][et_pb_column type=&#8221;4_4&#8243; _builder_version=&#8221;3.0.47&#8243;][et_pb_text admin_label=&#8221;Text&#8221; _builder_version=&#8221;3.22.4&#8243; background_size=&#8221;initial&#8221; background_position=&#8221;top_left&#8221; background_repeat=&#8221;repeat&#8221; text_font=&#8221;||||||||&#8221; text_orientation=&#8221;justified&#8221; custom_margin=&#8221;10px|45px|10px|45px|true|true&#8221;] Castilla la Mancha Inclusiva, responsable del sitio web, en adelante RESPONSABLE, pone a disposici\u00f3n de los usuarios el presente documento, con el que pretende dar cumplimiento a las obligaciones dispuestas en la Ley 34\/2002, de [&hellip;]","og_url":"https:\/\/clm-inclusiva.org\/?page_id=1530","og_site_name":"Clm-Inclusiva","article_publisher":"https:\/\/www.facebook.com\/castillalamancha.inclusiva\/","article_modified_time":"2019-04-26T19:30:42+00:00","twitter_card":"summary_large_image","twitter_site":"@ClmInclusiva","twitter_misc":{"Tiempo de lectura":"4 minutos"},"schema":{"@context":"https:\/\/schema.org","@graph":[{"@type":"WebPage","@id":"https:\/\/clm-inclusiva.org\/?page_id=1530","url":"https:\/\/clm-inclusiva.org\/?page_id=1530","name":"Aviso Legal - Clm-Inclusiva","isPartOf":{"@id":"https:\/\/clm-inclusiva.org\/#website"},"datePublished":"2019-04-26T18:17:13+00:00","dateModified":"2019-04-26T19:30:42+00:00","breadcrumb":{"@id":"https:\/\/clm-inclusiva.org\/?page_id=1530#breadcrumb"},"inLanguage":"es","potentialAction":[{"@type":"ReadAction","target":["https:\/\/clm-inclusiva.org\/?page_id=1530"]}]},{"@type":"BreadcrumbList","@id":"https:\/\/clm-inclusiva.org\/?page_id=1530#breadcrumb","itemListElement":[{"@type":"ListItem","position":1,"name":"Portada","item":"https:\/\/clm-inclusiva.org\/"},{"@type":"ListItem","position":2,"name":"Aviso Legal"}]},{"@type":"WebSite","@id":"https:\/\/clm-inclusiva.org\/#website","url":"https:\/\/clm-inclusiva.org\/","name":"Clm-Inclusiva","description":"Confederaci\u00f3n de entidades de personas con discapacidad f\u00edsica y org\u00e1nica CLM","publisher":{"@id":"https:\/\/clm-inclusiva.org\/#organization"},"potentialAction":[{"@type":"SearchAction","target":{"@type":"EntryPoint","urlTemplate":"https:\/\/clm-inclusiva.org\/?s={search_term_string}"},"query-input":"required name=search_term_string"}],"inLanguage":"es"},{"@type":"Organization","@id":"https:\/\/clm-inclusiva.org\/#organization","name":"Clm-Inclusiva","url":"https:\/\/clm-inclusiva.org\/","logo":{"@type":"ImageObject","inLanguage":"es","@id":"https:\/\/clm-inclusiva.org\/#\/schema\/logo\/image\/","url":"http:\/\/clm-inclusiva.org\/wp-content\/uploads\/2019\/04\/banner-e1533720812836.jpg","contentUrl":"http:\/\/clm-inclusiva.org\/wp-content\/uploads\/2019\/04\/banner-e1533720812836.jpg","width":600,"height":332,"caption":"Clm-Inclusiva"},"image":{"@id":"https:\/\/clm-inclusiva.org\/#\/schema\/logo\/image\/"},"sameAs":["https:\/\/www.facebook.com\/castillalamancha.inclusiva\/","https:\/\/twitter.com\/ClmInclusiva"]}]}},"_links":{"self":[{"href":"https:\/\/clm-inclusiva.org\/index.php?rest_route=\/wp\/v2\/pages\/1530"}],"collection":[{"href":"https:\/\/clm-inclusiva.org\/index.php?rest_route=\/wp\/v2\/pages"}],"about":[{"href":"https:\/\/clm-inclusiva.org\/index.php?rest_route=\/wp\/v2\/types\/page"}],"author":[{"embeddable":true,"href":"https:\/\/clm-inclusiva.org\/index.php?rest_route=\/wp\/v2\/users\/1"}],"replies":[{"embeddable":true,"href":"https:\/\/clm-inclusiva.org\/index.php?rest_route=%2Fwp%2Fv2%2Fcomments&post=1530"}],"version-history":[{"count":4,"href":"https:\/\/clm-inclusiva.org\/index.php?rest_route=\/wp\/v2\/pages\/1530\/revisions"}],"predecessor-version":[{"id":1551,"href":"https:\/\/clm-inclusiva.org\/index.php?rest_route=\/wp\/v2\/pages\/1530\/revisions\/1551"}],"wp:attachment":[{"href":"https:\/\/clm-inclusiva.org\/index.php?rest_route=%2Fwp%2Fv2%2Fmedia&parent=1530"}],"curies":[{"name":"wp","href":"https:\/\/api.w.org\/{rel}","templated":true}]}}