{"id":1134,"date":"2018-07-27T11:09:06","date_gmt":"2018-07-27T11:09:06","guid":{"rendered":"http:\/\/clm-inclusiva.org\/?page_id=35"},"modified":"2019-05-25T17:11:36","modified_gmt":"2019-05-25T17:11:36","slug":"sedes","status":"publish","type":"page","link":"https:\/\/clm-inclusiva.org\/?page_id=1134","title":{"rendered":"Sedes"},"content":{"rendered":"<p>[et_pb_section fb_built=&#8221;1&#8243; admin_label=&#8221;section&#8221; _builder_version=&#8221;3.22.4&#8243; custom_padding=&#8221;39px|||||&#8221;][et_pb_row custom_padding=&#8221;39px|15px|39px|15px|true|true&#8221; custom_margin=&#8221;|25px||25px||true&#8221; _builder_version=&#8221;3.22.4&#8243; box_shadow_style=&#8221;preset1&#8243; width=&#8221;100%&#8221; module_alignment=&#8221;center&#8221; max_width=&#8221;1255px&#8221;][et_pb_column type=&#8221;1_5&#8243; _builder_version=&#8221;3.22.4&#8243;][et_pb_blurb title=&#8221;Albacete&#8221; url=&#8221;http:\/\/clm-inclusiva.org\/?page_id=1135&#8243; use_icon=&#8221;on&#8221; font_icon=&#8221;%%249%%&#8221; use_icon_font_size=&#8221;on&#8221; icon_font_size=&#8221;49px&#8221; _builder_version=&#8221;3.22.4&#8243; header_level=&#8221;h1&#8243; header_font=&#8221;||||||||&#8221; header_text_align=&#8221;center&#8221; header_font_size=&#8221;28px&#8221; header_text_shadow_style=&#8221;preset2&#8243; body_font=&#8221;||||||||&#8221; body_text_align=&#8221;center&#8221; body_font_size=&#8221;15px&#8221;]Provincia Albacete[\/et_pb_blurb][\/et_pb_column][et_pb_column type=&#8221;1_5&#8243; _builder_version=&#8221;3.22.4&#8243;][et_pb_blurb title=&#8221;Ciudad Real&#8221; url=&#8221;http:\/\/clm-inclusiva.org\/?page_id=39&#8243; use_icon=&#8221;on&#8221; font_icon=&#8221;%%249%%&#8221; use_icon_font_size=&#8221;on&#8221; icon_font_size=&#8221;49px&#8221; _builder_version=&#8221;3.22.4&#8243; header_level=&#8221;h1&#8243; header_font=&#8221;||||||||&#8221; header_text_align=&#8221;center&#8221; header_font_size=&#8221;28px&#8221; header_text_shadow_style=&#8221;preset2&#8243; body_font=&#8221;||||||||&#8221; body_text_align=&#8221;center&#8221; body_font_size=&#8221;15px&#8221;]Provincia Ciudad Real[\/et_pb_blurb][\/et_pb_column][et_pb_column type=&#8221;1_5&#8243; _builder_version=&#8221;3.22.4&#8243;][et_pb_blurb title=&#8221;Cuenca&#8221; url=&#8221;http:\/\/clm-inclusiva.org\/?page_id=41&#8243; use_icon=&#8221;on&#8221; font_icon=&#8221;%%249%%&#8221; use_icon_font_size=&#8221;on&#8221; icon_font_size=&#8221;49px&#8221; _builder_version=&#8221;3.22.4&#8243; header_level=&#8221;h1&#8243; header_font=&#8221;||||||||&#8221; header_text_align=&#8221;center&#8221; header_font_size=&#8221;28px&#8221; header_text_shadow_style=&#8221;preset2&#8243; body_font=&#8221;||||||||&#8221; body_text_align=&#8221;center&#8221; body_font_size=&#8221;15px&#8221;]Provincia Cuenca[\/et_pb_blurb][\/et_pb_column][et_pb_column type=&#8221;1_5&#8243; _builder_version=&#8221;3.22.4&#8243;][et_pb_blurb title=&#8221;Guadalajara&#8221; url=&#8221;http:\/\/clm-inclusiva.org\/?page_id=43&#8243; use_icon=&#8221;on&#8221; font_icon=&#8221;%%249%%&#8221; use_icon_font_size=&#8221;on&#8221; icon_font_size=&#8221;49px&#8221; _builder_version=&#8221;3.22.4&#8243; header_level=&#8221;h1&#8243; header_font=&#8221;||||||||&#8221; header_text_align=&#8221;center&#8221; header_font_size=&#8221;28px&#8221; header_text_shadow_style=&#8221;preset2&#8243; body_font=&#8221;||||||||&#8221; body_text_align=&#8221;center&#8221; body_font_size=&#8221;15px&#8221;]Provincia Guadalajara[\/et_pb_blurb][\/et_pb_column][et_pb_column type=&#8221;1_5&#8243; _builder_version=&#8221;3.22.4&#8243;][et_pb_blurb title=&#8221;Toledo&#8221; url=&#8221;http:\/\/clm-inclusiva.org\/?page_id=45&#8243; use_icon=&#8221;on&#8221; font_icon=&#8221;%%249%%&#8221; use_icon_font_size=&#8221;on&#8221; icon_font_size=&#8221;49px&#8221; _builder_version=&#8221;3.22.4&#8243; header_level=&#8221;h1&#8243; header_font=&#8221;||||||||&#8221; header_text_align=&#8221;center&#8221; header_font_size=&#8221;28px&#8221; header_text_shadow_style=&#8221;preset2&#8243; body_font=&#8221;||||||||&#8221; body_text_align=&#8221;center&#8221; body_font_size=&#8221;15px&#8221;]Provincia Toledo[\/et_pb_blurb][\/et_pb_column][\/et_pb_row][\/et_pb_section]<\/p>\n","protected":false},"excerpt":{"rendered":"<p>[et_pb_section fb_built=&#8221;1&#8243; admin_label=&#8221;section&#8221; _builder_version=&#8221;3.22.4&#8243; custom_padding=&#8221;39px|||||&#8221;][et_pb_row custom_padding=&#8221;39px|15px|39px|15px|true|true&#8221; custom_margin=&#8221;|25px||25px||true&#8221; _builder_version=&#8221;3.22.4&#8243; box_shadow_style=&#8221;preset1&#8243; width=&#8221;100%&#8221; module_alignment=&#8221;center&#8221; max_width=&#8221;1255px&#8221;][et_pb_column type=&#8221;1_5&#8243; _builder_version=&#8221;3.22.4&#8243;][et_pb_blurb title=&#8221;Albacete&#8221; url=&#8221;http:\/\/clm-inclusiva.org\/?page_id=1135&#8243; use_icon=&#8221;on&#8221; font_icon=&#8221;%%249%%&#8221; use_icon_font_size=&#8221;on&#8221; icon_font_size=&#8221;49px&#8221; _builder_version=&#8221;3.22.4&#8243; header_level=&#8221;h1&#8243; header_font=&#8221;||||||||&#8221; header_text_align=&#8221;center&#8221; header_font_size=&#8221;28px&#8221; header_text_shadow_style=&#8221;preset2&#8243; body_font=&#8221;||||||||&#8221; body_text_align=&#8221;center&#8221; body_font_size=&#8221;15px&#8221;]Provincia Albacete[\/et_pb_blurb][\/et_pb_column][et_pb_column type=&#8221;1_5&#8243; _builder_version=&#8221;3.22.4&#8243;][et_pb_blurb title=&#8221;Ciudad Real&#8221; url=&#8221;http:\/\/clm-inclusiva.org\/?page_id=39&#8243; use_icon=&#8221;on&#8221; font_icon=&#8221;%%249%%&#8221; use_icon_font_size=&#8221;on&#8221; icon_font_size=&#8221;49px&#8221; _builder_version=&#8221;3.22.4&#8243; header_level=&#8221;h1&#8243; header_font=&#8221;||||||||&#8221; header_text_align=&#8221;center&#8221; header_font_size=&#8221;28px&#8221; header_text_shadow_style=&#8221;preset2&#8243; body_font=&#8221;||||||||&#8221; body_text_align=&#8221;center&#8221; body_font_size=&#8221;15px&#8221;]Provincia Ciudad Real[\/et_pb_blurb][\/et_pb_column][et_pb_column type=&#8221;1_5&#8243; _builder_version=&#8221;3.22.4&#8243;][et_pb_blurb title=&#8221;Cuenca&#8221; url=&#8221;http:\/\/clm-inclusiva.org\/?page_id=41&#8243; use_icon=&#8221;on&#8221; [&hellip;]<\/p>\n","protected":false},"author":1,"featured_media":0,"parent":0,"menu_order":0,"comment_status":"closed","ping_status":"closed","template":"","meta":{"_et_pb_use_builder":"on","_et_pb_old_content":"\t\t\t\t\r\n\t\t\t\t[responsivevoice_button voice=\"Spanish Female\" buttontext=\"Reproducir\"]\r\n<p style=\"text-align: center;\"><a href=\"http:\/\/clm-inclusiva.org\/index.php\/albacete\/\"><img class=\"alignnone size-full wp-image-77\" src=\"http:\/\/127.0.0.1\/wordpress\/wp-content\/uploads\/2018\/07\/albacete-pr-1.png\" alt=\"\" width=\"254\" height=\"199\" \/><\/a><a href=\"http:\/\/clm-inclusiva.org\/index.php\/ciudad-real\/\"><img class=\"alignnone size-full wp-image-78\" src=\"http:\/\/127.0.0.1\/wordpress\/wp-content\/uploads\/2018\/07\/ciudad-real-pr-1.png\" alt=\"\" width=\"254\" height=\"199\" \/><\/a><a href=\"http:\/\/clm-inclusiva.org\/index.php\/cuenca\/\"><img class=\"alignnone size-full wp-image-79\" src=\"http:\/\/127.0.0.1\/wordpress\/wp-content\/uploads\/2018\/07\/cuenca-pr-1.png\" alt=\"\" width=\"254\" height=\"199\" \/><\/a><a href=\"http:\/\/clm-inclusiva.org\/index.php\/guadalajara\/\"><img class=\"alignnone size-full wp-image-80\" src=\"http:\/\/127.0.0.1\/wordpress\/wp-content\/uploads\/2018\/07\/guadalajara-pr-1.png\" alt=\"\" width=\"254\" height=\"199\" \/><\/a>\u00a0<a href=\"http:\/\/clm-inclusiva.org\/index.php\/toledo\/\"><img class=\"alignnone size-full wp-image-81\" src=\"http:\/\/127.0.0.1\/wordpress\/wp-content\/uploads\/2018\/07\/toledo-pr-1.png\" alt=\"\" width=\"254\" height=\"199\" \/><\/a><\/p>\t\t\t\t","_et_gb_content_width":"","footnotes":""},"yoast_head":"<!-- This site is optimized with the Yoast SEO plugin v21.3 - https:\/\/yoast.com\/wordpress\/plugins\/seo\/ -->\n<title>Sedes - Clm-Inclusiva<\/title>\n<meta name=\"robots\" content=\"index, follow, max-snippet:-1, max-image-preview:large, max-video-preview:-1\" \/>\n<link rel=\"canonical\" href=\"https:\/\/clm-inclusiva.org\/?page_id=1134\" \/>\n<meta property=\"og:locale\" content=\"es_ES\" \/>\n<meta property=\"og:type\" content=\"article\" \/>\n<meta property=\"og:title\" content=\"Sedes - Clm-Inclusiva\" \/>\n<meta property=\"og:description\" content=\"[et_pb_section fb_built=&#8221;1&#8243; admin_label=&#8221;section&#8221; _builder_version=&#8221;3.22.4&#8243; custom_padding=&#8221;39px|||||&#8221;][et_pb_row custom_padding=&#8221;39px|15px|39px|15px|true|true&#8221; custom_margin=&#8221;|25px||25px||true&#8221; _builder_version=&#8221;3.22.4&#8243; box_shadow_style=&#8221;preset1&#8243; width=&#8221;100%&#8221; module_alignment=&#8221;center&#8221; max_width=&#8221;1255px&#8221;][et_pb_column type=&#8221;1_5&#8243; _builder_version=&#8221;3.22.4&#8243;][et_pb_blurb title=&#8221;Albacete&#8221; url=&#8221;http:\/\/clm-inclusiva.org\/?page_id=1135&#8243; use_icon=&#8221;on&#8221; font_icon=&#8221;&#8221; use_icon_font_size=&#8221;on&#8221; icon_font_size=&#8221;49px&#8221; _builder_version=&#8221;3.22.4&#8243; header_level=&#8221;h1&#8243; header_font=&#8221;||||||||&#8221; header_text_align=&#8221;center&#8221; header_font_size=&#8221;28px&#8221; header_text_shadow_style=&#8221;preset2&#8243; body_font=&#8221;||||||||&#8221; body_text_align=&#8221;center&#8221; body_font_size=&#8221;15px&#8221;]Provincia Albacete[\/et_pb_blurb][\/et_pb_column][et_pb_column type=&#8221;1_5&#8243; _builder_version=&#8221;3.22.4&#8243;][et_pb_blurb title=&#8221;Ciudad Real&#8221; url=&#8221;http:\/\/clm-inclusiva.org\/?page_id=39&#8243; use_icon=&#8221;on&#8221; font_icon=&#8221;&#8221; use_icon_font_size=&#8221;on&#8221; icon_font_size=&#8221;49px&#8221; _builder_version=&#8221;3.22.4&#8243; header_level=&#8221;h1&#8243; header_font=&#8221;||||||||&#8221; header_text_align=&#8221;center&#8221; header_font_size=&#8221;28px&#8221; header_text_shadow_style=&#8221;preset2&#8243; body_font=&#8221;||||||||&#8221; body_text_align=&#8221;center&#8221; body_font_size=&#8221;15px&#8221;]Provincia Ciudad Real[\/et_pb_blurb][\/et_pb_column][et_pb_column type=&#8221;1_5&#8243; _builder_version=&#8221;3.22.4&#8243;][et_pb_blurb title=&#8221;Cuenca&#8221; url=&#8221;http:\/\/clm-inclusiva.org\/?page_id=41&#8243; use_icon=&#8221;on&#8221; [&hellip;]\" \/>\n<meta property=\"og:url\" content=\"https:\/\/clm-inclusiva.org\/?page_id=1134\" \/>\n<meta property=\"og:site_name\" content=\"Clm-Inclusiva\" \/>\n<meta property=\"article:publisher\" content=\"https:\/\/www.facebook.com\/castillalamancha.inclusiva\/\" \/>\n<meta property=\"article:modified_time\" content=\"2019-05-25T17:11:36+00:00\" \/>\n<meta name=\"twitter:card\" content=\"summary_large_image\" \/>\n<meta name=\"twitter:site\" content=\"@ClmInclusiva\" \/>\n<meta name=\"twitter:label1\" content=\"Tiempo de lectura\" \/>\n\t<meta name=\"twitter:data1\" content=\"2 minutos\" \/>\n<script type=\"application\/ld+json\" class=\"yoast-schema-graph\">{\"@context\":\"https:\/\/schema.org\",\"@graph\":[{\"@type\":\"WebPage\",\"@id\":\"https:\/\/clm-inclusiva.org\/?page_id=1134\",\"url\":\"https:\/\/clm-inclusiva.org\/?page_id=1134\",\"name\":\"Sedes - Clm-Inclusiva\",\"isPartOf\":{\"@id\":\"https:\/\/clm-inclusiva.org\/#website\"},\"datePublished\":\"2018-07-27T11:09:06+00:00\",\"dateModified\":\"2019-05-25T17:11:36+00:00\",\"breadcrumb\":{\"@id\":\"https:\/\/clm-inclusiva.org\/?page_id=1134#breadcrumb\"},\"inLanguage\":\"es\",\"potentialAction\":[{\"@type\":\"ReadAction\",\"target\":[\"https:\/\/clm-inclusiva.org\/?page_id=1134\"]}]},{\"@type\":\"BreadcrumbList\",\"@id\":\"https:\/\/clm-inclusiva.org\/?page_id=1134#breadcrumb\",\"itemListElement\":[{\"@type\":\"ListItem\",\"position\":1,\"name\":\"Portada\",\"item\":\"https:\/\/clm-inclusiva.org\/\"},{\"@type\":\"ListItem\",\"position\":2,\"name\":\"Sedes\"}]},{\"@type\":\"WebSite\",\"@id\":\"https:\/\/clm-inclusiva.org\/#website\",\"url\":\"https:\/\/clm-inclusiva.org\/\",\"name\":\"Clm-Inclusiva\",\"description\":\"Confederaci\u00f3n de entidades de personas con discapacidad f\u00edsica y org\u00e1nica CLM\",\"publisher\":{\"@id\":\"https:\/\/clm-inclusiva.org\/#organization\"},\"potentialAction\":[{\"@type\":\"SearchAction\",\"target\":{\"@type\":\"EntryPoint\",\"urlTemplate\":\"https:\/\/clm-inclusiva.org\/?s={search_term_string}\"},\"query-input\":\"required name=search_term_string\"}],\"inLanguage\":\"es\"},{\"@type\":\"Organization\",\"@id\":\"https:\/\/clm-inclusiva.org\/#organization\",\"name\":\"Clm-Inclusiva\",\"url\":\"https:\/\/clm-inclusiva.org\/\",\"logo\":{\"@type\":\"ImageObject\",\"inLanguage\":\"es\",\"@id\":\"https:\/\/clm-inclusiva.org\/#\/schema\/logo\/image\/\",\"url\":\"http:\/\/clm-inclusiva.org\/wp-content\/uploads\/2019\/04\/banner-e1533720812836.jpg\",\"contentUrl\":\"http:\/\/clm-inclusiva.org\/wp-content\/uploads\/2019\/04\/banner-e1533720812836.jpg\",\"width\":600,\"height\":332,\"caption\":\"Clm-Inclusiva\"},\"image\":{\"@id\":\"https:\/\/clm-inclusiva.org\/#\/schema\/logo\/image\/\"},\"sameAs\":[\"https:\/\/www.facebook.com\/castillalamancha.inclusiva\/\",\"https:\/\/twitter.com\/ClmInclusiva\"]}]}<\/script>\n<!-- \/ Yoast SEO plugin. -->","yoast_head_json":{"title":"Sedes - Clm-Inclusiva","robots":{"index":"index","follow":"follow","max-snippet":"max-snippet:-1","max-image-preview":"max-image-preview:large","max-video-preview":"max-video-preview:-1"},"canonical":"https:\/\/clm-inclusiva.org\/?page_id=1134","og_locale":"es_ES","og_type":"article","og_title":"Sedes - Clm-Inclusiva","og_description":"[et_pb_section fb_built=&#8221;1&#8243; admin_label=&#8221;section&#8221; _builder_version=&#8221;3.22.4&#8243; custom_padding=&#8221;39px|||||&#8221;][et_pb_row custom_padding=&#8221;39px|15px|39px|15px|true|true&#8221; custom_margin=&#8221;|25px||25px||true&#8221; _builder_version=&#8221;3.22.4&#8243; box_shadow_style=&#8221;preset1&#8243; width=&#8221;100%&#8221; module_alignment=&#8221;center&#8221; max_width=&#8221;1255px&#8221;][et_pb_column type=&#8221;1_5&#8243; _builder_version=&#8221;3.22.4&#8243;][et_pb_blurb title=&#8221;Albacete&#8221; url=&#8221;http:\/\/clm-inclusiva.org\/?page_id=1135&#8243; use_icon=&#8221;on&#8221; font_icon=&#8221;&#8221; use_icon_font_size=&#8221;on&#8221; icon_font_size=&#8221;49px&#8221; _builder_version=&#8221;3.22.4&#8243; header_level=&#8221;h1&#8243; header_font=&#8221;||||||||&#8221; header_text_align=&#8221;center&#8221; header_font_size=&#8221;28px&#8221; header_text_shadow_style=&#8221;preset2&#8243; body_font=&#8221;||||||||&#8221; body_text_align=&#8221;center&#8221; body_font_size=&#8221;15px&#8221;]Provincia Albacete[\/et_pb_blurb][\/et_pb_column][et_pb_column type=&#8221;1_5&#8243; _builder_version=&#8221;3.22.4&#8243;][et_pb_blurb title=&#8221;Ciudad Real&#8221; url=&#8221;http:\/\/clm-inclusiva.org\/?page_id=39&#8243; use_icon=&#8221;on&#8221; font_icon=&#8221;&#8221; use_icon_font_size=&#8221;on&#8221; icon_font_size=&#8221;49px&#8221; _builder_version=&#8221;3.22.4&#8243; header_level=&#8221;h1&#8243; header_font=&#8221;||||||||&#8221; header_text_align=&#8221;center&#8221; header_font_size=&#8221;28px&#8221; header_text_shadow_style=&#8221;preset2&#8243; body_font=&#8221;||||||||&#8221; body_text_align=&#8221;center&#8221; body_font_size=&#8221;15px&#8221;]Provincia Ciudad Real[\/et_pb_blurb][\/et_pb_column][et_pb_column type=&#8221;1_5&#8243; _builder_version=&#8221;3.22.4&#8243;][et_pb_blurb title=&#8221;Cuenca&#8221; url=&#8221;http:\/\/clm-inclusiva.org\/?page_id=41&#8243; use_icon=&#8221;on&#8221; [&hellip;]","og_url":"https:\/\/clm-inclusiva.org\/?page_id=1134","og_site_name":"Clm-Inclusiva","article_publisher":"https:\/\/www.facebook.com\/castillalamancha.inclusiva\/","article_modified_time":"2019-05-25T17:11:36+00:00","twitter_card":"summary_large_image","twitter_site":"@ClmInclusiva","twitter_misc":{"Tiempo de lectura":"2 minutos"},"schema":{"@context":"https:\/\/schema.org","@graph":[{"@type":"WebPage","@id":"https:\/\/clm-inclusiva.org\/?page_id=1134","url":"https:\/\/clm-inclusiva.org\/?page_id=1134","name":"Sedes - Clm-Inclusiva","isPartOf":{"@id":"https:\/\/clm-inclusiva.org\/#website"},"datePublished":"2018-07-27T11:09:06+00:00","dateModified":"2019-05-25T17:11:36+00:00","breadcrumb":{"@id":"https:\/\/clm-inclusiva.org\/?page_id=1134#breadcrumb"},"inLanguage":"es","potentialAction":[{"@type":"ReadAction","target":["https:\/\/clm-inclusiva.org\/?page_id=1134"]}]},{"@type":"BreadcrumbList","@id":"https:\/\/clm-inclusiva.org\/?page_id=1134#breadcrumb","itemListElement":[{"@type":"ListItem","position":1,"name":"Portada","item":"https:\/\/clm-inclusiva.org\/"},{"@type":"ListItem","position":2,"name":"Sedes"}]},{"@type":"WebSite","@id":"https:\/\/clm-inclusiva.org\/#website","url":"https:\/\/clm-inclusiva.org\/","name":"Clm-Inclusiva","description":"Confederaci\u00f3n de entidades de personas con discapacidad f\u00edsica y org\u00e1nica CLM","publisher":{"@id":"https:\/\/clm-inclusiva.org\/#organization"},"potentialAction":[{"@type":"SearchAction","target":{"@type":"EntryPoint","urlTemplate":"https:\/\/clm-inclusiva.org\/?s={search_term_string}"},"query-input":"required name=search_term_string"}],"inLanguage":"es"},{"@type":"Organization","@id":"https:\/\/clm-inclusiva.org\/#organization","name":"Clm-Inclusiva","url":"https:\/\/clm-inclusiva.org\/","logo":{"@type":"ImageObject","inLanguage":"es","@id":"https:\/\/clm-inclusiva.org\/#\/schema\/logo\/image\/","url":"http:\/\/clm-inclusiva.org\/wp-content\/uploads\/2019\/04\/banner-e1533720812836.jpg","contentUrl":"http:\/\/clm-inclusiva.org\/wp-content\/uploads\/2019\/04\/banner-e1533720812836.jpg","width":600,"height":332,"caption":"Clm-Inclusiva"},"image":{"@id":"https:\/\/clm-inclusiva.org\/#\/schema\/logo\/image\/"},"sameAs":["https:\/\/www.facebook.com\/castillalamancha.inclusiva\/","https:\/\/twitter.com\/ClmInclusiva"]}]}},"_links":{"self":[{"href":"https:\/\/clm-inclusiva.org\/index.php?rest_route=\/wp\/v2\/pages\/1134"}],"collection":[{"href":"https:\/\/clm-inclusiva.org\/index.php?rest_route=\/wp\/v2\/pages"}],"about":[{"href":"https:\/\/clm-inclusiva.org\/index.php?rest_route=\/wp\/v2\/types\/page"}],"author":[{"embeddable":true,"href":"https:\/\/clm-inclusiva.org\/index.php?rest_route=\/wp\/v2\/users\/1"}],"replies":[{"embeddable":true,"href":"https:\/\/clm-inclusiva.org\/index.php?rest_route=%2Fwp%2Fv2%2Fcomments&post=1134"}],"version-history":[{"count":8,"href":"https:\/\/clm-inclusiva.org\/index.php?rest_route=\/wp\/v2\/pages\/1134\/revisions"}],"predecessor-version":[{"id":2096,"href":"https:\/\/clm-inclusiva.org\/index.php?rest_route=\/wp\/v2\/pages\/1134\/revisions\/2096"}],"wp:attachment":[{"href":"https:\/\/clm-inclusiva.org\/index.php?rest_route=%2Fwp%2Fv2%2Fmedia&parent=1134"}],"curies":[{"name":"wp","href":"https:\/\/api.w.org\/{rel}","templated":true}]}}