{"id":1133,"date":"2018-07-27T11:08:50","date_gmt":"2018-07-27T11:08:50","guid":{"rendered":"http:\/\/clm-inclusiva.org\/?page_id=33"},"modified":"2019-05-04T09:45:07","modified_gmt":"2019-05-04T09:45:07","slug":"discapacidad","status":"publish","type":"page","link":"https:\/\/clm-inclusiva.org\/?page_id=1133","title":{"rendered":"Discapacidad"},"content":{"rendered":"<p>[et_pb_section fb_built=&#8221;1&#8243; _builder_version=&#8221;3.22.4&#8243; custom_padding=&#8221;13px|||||&#8221;][et_pb_row custom_padding=&#8221;15px||0px|||&#8221; custom_margin=&#8221;|auto|2px|auto||&#8221; _builder_version=&#8221;3.22.4&#8243; box_shadow_style=&#8221;preset2&#8243;][et_pb_column type=&#8221;4_4&#8243; _builder_version=&#8221;3.22.4&#8243;][et_pb_blurb title=&#8221;\u00bfQu\u00e9 es la discapacidad?&#8221; use_icon=&#8221;on&#8221; font_icon=&#8221;%%216%%&#8221; content_max_width=&#8221;950px&#8221; _builder_version=&#8221;3.22.4&#8243; header_level=&#8221;h1&#8243; header_font=&#8221;||||||||&#8221; header_text_align=&#8221;center&#8221; header_line_height=&#8221;1.7em&#8221; header_text_shadow_style=&#8221;preset2&#8243; body_font=&#8221;||||||||&#8221; body_text_align=&#8221;justify&#8221; body_font_size=&#8221;16px&#8221; custom_margin=&#8221;15px|15px|15px|15px|true|true&#8221; custom_padding=&#8221;15px|15px|15px|15px|true|true&#8221;]<\/p>\n<p>La<span>\u00a0<\/span><b>discapacidad<\/b><span>\u00a0<\/span>es aquella condici\u00f3n bajo la cual ciertas personas presentan alguna deficiencia f\u00edsica, mental,<span>\u00a0<\/span>intelectual<span>\u00a0<\/span>o sensorial que a largo plazo afectan la forma de interactuar y participar plenamente en la sociedad.<sup id=\"cite_ref-1\" class=\"reference separada\"><\/sup>\u00a0En la mayor\u00eda de pa\u00edses, las personas con discapacidad pueden solicitar el reconocimiento de su condici\u00f3n y, a partir de cierto grado, un certificado de discapacidad, que les permite acceder a una serie de ventajas. El t\u00e9rmino<span>\u00a0<\/span><i>minusval\u00eda<\/i><span>\u00a0<\/span>se considera peyorativo fuera del \u00e1mbito legal.<\/p>\n<p>La<span>\u00a0<\/span>Convenci\u00f3n Internacional sobre los Derechos de las Personas con Discapacidad,\u200b aprobada por la<span>\u00a0<\/span>ONU<span>\u00a0<\/span>en 2006, define de manera gen\u00e9rica a quien posee una o m\u00e1s discapacidades como<span>\u00a0<\/span><b>persona con discapacidad<\/b>. En ciertos \u00e1mbitos, t\u00e9rminos como \u00abdiscapacitados\u00bb, \u00abciegos\u00bb, \u00absordos\u00bb, etc., a\u00fan siendo correctamente empleados, pueden ser considerados despectivos o peyorativos, ya que para algunas personas dichos t\u00e9rminos \u00abetiquetan\u00bb a quien padece la discapacidad, lo cual interpretan como una forma de<span>\u00a0<\/span>discriminaci\u00f3n. En esos casos, para evitar conflictos de tipo<span>\u00a0<\/span>sem\u00e1ntico, se usan a veces las formas \u00abpersonas con<span>\u00a0<\/span>diversidad funcional\u00bb o \u00abpersonas con discapacidad\u00bb.<\/p>\n<p>La persona con discapacidad es un sujeto de derecho. El ejercicio de sus derechos se ve dificultado y vulnerado por su condici\u00f3n.<\/p>\n<p>[\/et_pb_blurb][et_pb_image src=&#8221;http:\/\/clm-inclusiva.org\/wp-content\/uploads\/2019\/05\/Discapacidad.jpg&#8221; align=&#8221;center&#8221; force_fullwidth=&#8221;on&#8221; _builder_version=&#8221;3.22.4&#8243; box_shadow_style=&#8221;preset1&#8243; module_alignment=&#8221;center&#8221; min_height=&#8221;380px&#8221; height=&#8221;100px&#8221; max_height=&#8221;1000px&#8221; custom_margin=&#8221;||||true|true&#8221; custom_margin_tablet=&#8221;||||true|true&#8221; custom_margin_last_edited=&#8221;on|phone&#8221; custom_padding=&#8221;||||true|true&#8221;][\/et_pb_image][\/et_pb_column][\/et_pb_row][\/et_pb_section]<\/p>\n","protected":false},"excerpt":{"rendered":"<p>[et_pb_section fb_built=&#8221;1&#8243; _builder_version=&#8221;3.22.4&#8243; custom_padding=&#8221;13px|||||&#8221;][et_pb_row custom_padding=&#8221;15px||0px|||&#8221; custom_margin=&#8221;|auto|2px|auto||&#8221; _builder_version=&#8221;3.22.4&#8243; box_shadow_style=&#8221;preset2&#8243;][et_pb_column type=&#8221;4_4&#8243; _builder_version=&#8221;3.22.4&#8243;][et_pb_blurb title=&#8221;\u00bfQu\u00e9 es la discapacidad?&#8221; use_icon=&#8221;on&#8221; font_icon=&#8221;%%216%%&#8221; content_max_width=&#8221;950px&#8221; _builder_version=&#8221;3.22.4&#8243; header_level=&#8221;h1&#8243; header_font=&#8221;||||||||&#8221; header_text_align=&#8221;center&#8221; header_line_height=&#8221;1.7em&#8221; header_text_shadow_style=&#8221;preset2&#8243; body_font=&#8221;||||||||&#8221; body_text_align=&#8221;justify&#8221; body_font_size=&#8221;16px&#8221; custom_margin=&#8221;15px|15px|15px|15px|true|true&#8221; custom_padding=&#8221;15px|15px|15px|15px|true|true&#8221;] La\u00a0discapacidad\u00a0es aquella condici\u00f3n bajo la cual ciertas personas presentan alguna deficiencia f\u00edsica, mental,\u00a0intelectual\u00a0o sensorial que a largo plazo afectan la forma de interactuar y participar plenamente en [&hellip;]<\/p>\n","protected":false},"author":1,"featured_media":0,"parent":0,"menu_order":0,"comment_status":"closed","ping_status":"closed","template":"","meta":{"_et_pb_use_builder":"on","_et_pb_old_content":"\n\t\t\t\t\n\t\t\t\t[responsivevoice_button voice=\"Spanish Female\" buttontext=\"Reproducir\"]\n\t\t\t\t","_et_gb_content_width":"","footnotes":""},"yoast_head":"<!-- This site is optimized with the Yoast SEO plugin v21.3 - https:\/\/yoast.com\/wordpress\/plugins\/seo\/ -->\n<title>Discapacidad - Clm-Inclusiva<\/title>\n<meta name=\"robots\" content=\"index, follow, max-snippet:-1, max-image-preview:large, max-video-preview:-1\" \/>\n<link rel=\"canonical\" href=\"https:\/\/clm-inclusiva.org\/?page_id=1133\" \/>\n<meta property=\"og:locale\" content=\"es_ES\" \/>\n<meta property=\"og:type\" content=\"article\" \/>\n<meta property=\"og:title\" content=\"Discapacidad - Clm-Inclusiva\" \/>\n<meta property=\"og:description\" content=\"[et_pb_section fb_built=&#8221;1&#8243; _builder_version=&#8221;3.22.4&#8243; custom_padding=&#8221;13px|||||&#8221;][et_pb_row custom_padding=&#8221;15px||0px|||&#8221; custom_margin=&#8221;|auto|2px|auto||&#8221; _builder_version=&#8221;3.22.4&#8243; box_shadow_style=&#8221;preset2&#8243;][et_pb_column type=&#8221;4_4&#8243; _builder_version=&#8221;3.22.4&#8243;][et_pb_blurb title=&#8221;\u00bfQu\u00e9 es la discapacidad?&#8221; use_icon=&#8221;on&#8221; font_icon=&#8221;&#8221; content_max_width=&#8221;950px&#8221; _builder_version=&#8221;3.22.4&#8243; header_level=&#8221;h1&#8243; header_font=&#8221;||||||||&#8221; header_text_align=&#8221;center&#8221; header_line_height=&#8221;1.7em&#8221; header_text_shadow_style=&#8221;preset2&#8243; body_font=&#8221;||||||||&#8221; body_text_align=&#8221;justify&#8221; body_font_size=&#8221;16px&#8221; custom_margin=&#8221;15px|15px|15px|15px|true|true&#8221; custom_padding=&#8221;15px|15px|15px|15px|true|true&#8221;] La\u00a0discapacidad\u00a0es aquella condici\u00f3n bajo la cual ciertas personas presentan alguna deficiencia f\u00edsica, mental,\u00a0intelectual\u00a0o sensorial que a largo plazo afectan la forma de interactuar y participar plenamente en [&hellip;]\" \/>\n<meta property=\"og:url\" content=\"https:\/\/clm-inclusiva.org\/?page_id=1133\" \/>\n<meta property=\"og:site_name\" content=\"Clm-Inclusiva\" \/>\n<meta property=\"article:publisher\" content=\"https:\/\/www.facebook.com\/castillalamancha.inclusiva\/\" \/>\n<meta property=\"article:modified_time\" content=\"2019-05-04T09:45:07+00:00\" \/>\n<meta name=\"twitter:card\" content=\"summary_large_image\" \/>\n<meta name=\"twitter:site\" content=\"@ClmInclusiva\" \/>\n<meta name=\"twitter:label1\" content=\"Tiempo de lectura\" \/>\n\t<meta name=\"twitter:data1\" content=\"2 minutos\" \/>\n<script type=\"application\/ld+json\" class=\"yoast-schema-graph\">{\"@context\":\"https:\/\/schema.org\",\"@graph\":[{\"@type\":\"WebPage\",\"@id\":\"https:\/\/clm-inclusiva.org\/?page_id=1133\",\"url\":\"https:\/\/clm-inclusiva.org\/?page_id=1133\",\"name\":\"Discapacidad - Clm-Inclusiva\",\"isPartOf\":{\"@id\":\"https:\/\/clm-inclusiva.org\/#website\"},\"datePublished\":\"2018-07-27T11:08:50+00:00\",\"dateModified\":\"2019-05-04T09:45:07+00:00\",\"breadcrumb\":{\"@id\":\"https:\/\/clm-inclusiva.org\/?page_id=1133#breadcrumb\"},\"inLanguage\":\"es\",\"potentialAction\":[{\"@type\":\"ReadAction\",\"target\":[\"https:\/\/clm-inclusiva.org\/?page_id=1133\"]}]},{\"@type\":\"BreadcrumbList\",\"@id\":\"https:\/\/clm-inclusiva.org\/?page_id=1133#breadcrumb\",\"itemListElement\":[{\"@type\":\"ListItem\",\"position\":1,\"name\":\"Portada\",\"item\":\"https:\/\/clm-inclusiva.org\/\"},{\"@type\":\"ListItem\",\"position\":2,\"name\":\"Discapacidad\"}]},{\"@type\":\"WebSite\",\"@id\":\"https:\/\/clm-inclusiva.org\/#website\",\"url\":\"https:\/\/clm-inclusiva.org\/\",\"name\":\"Clm-Inclusiva\",\"description\":\"Confederaci\u00f3n de entidades de personas con discapacidad f\u00edsica y org\u00e1nica CLM\",\"publisher\":{\"@id\":\"https:\/\/clm-inclusiva.org\/#organization\"},\"potentialAction\":[{\"@type\":\"SearchAction\",\"target\":{\"@type\":\"EntryPoint\",\"urlTemplate\":\"https:\/\/clm-inclusiva.org\/?s={search_term_string}\"},\"query-input\":\"required name=search_term_string\"}],\"inLanguage\":\"es\"},{\"@type\":\"Organization\",\"@id\":\"https:\/\/clm-inclusiva.org\/#organization\",\"name\":\"Clm-Inclusiva\",\"url\":\"https:\/\/clm-inclusiva.org\/\",\"logo\":{\"@type\":\"ImageObject\",\"inLanguage\":\"es\",\"@id\":\"https:\/\/clm-inclusiva.org\/#\/schema\/logo\/image\/\",\"url\":\"http:\/\/clm-inclusiva.org\/wp-content\/uploads\/2019\/04\/banner-e1533720812836.jpg\",\"contentUrl\":\"http:\/\/clm-inclusiva.org\/wp-content\/uploads\/2019\/04\/banner-e1533720812836.jpg\",\"width\":600,\"height\":332,\"caption\":\"Clm-Inclusiva\"},\"image\":{\"@id\":\"https:\/\/clm-inclusiva.org\/#\/schema\/logo\/image\/\"},\"sameAs\":[\"https:\/\/www.facebook.com\/castillalamancha.inclusiva\/\",\"https:\/\/twitter.com\/ClmInclusiva\"]}]}<\/script>\n<!-- \/ Yoast SEO plugin. -->","yoast_head_json":{"title":"Discapacidad - Clm-Inclusiva","robots":{"index":"index","follow":"follow","max-snippet":"max-snippet:-1","max-image-preview":"max-image-preview:large","max-video-preview":"max-video-preview:-1"},"canonical":"https:\/\/clm-inclusiva.org\/?page_id=1133","og_locale":"es_ES","og_type":"article","og_title":"Discapacidad - Clm-Inclusiva","og_description":"[et_pb_section fb_built=&#8221;1&#8243; _builder_version=&#8221;3.22.4&#8243; custom_padding=&#8221;13px|||||&#8221;][et_pb_row custom_padding=&#8221;15px||0px|||&#8221; custom_margin=&#8221;|auto|2px|auto||&#8221; _builder_version=&#8221;3.22.4&#8243; box_shadow_style=&#8221;preset2&#8243;][et_pb_column type=&#8221;4_4&#8243; _builder_version=&#8221;3.22.4&#8243;][et_pb_blurb title=&#8221;\u00bfQu\u00e9 es la discapacidad?&#8221; use_icon=&#8221;on&#8221; font_icon=&#8221;&#8221; content_max_width=&#8221;950px&#8221; _builder_version=&#8221;3.22.4&#8243; header_level=&#8221;h1&#8243; header_font=&#8221;||||||||&#8221; header_text_align=&#8221;center&#8221; header_line_height=&#8221;1.7em&#8221; header_text_shadow_style=&#8221;preset2&#8243; body_font=&#8221;||||||||&#8221; body_text_align=&#8221;justify&#8221; body_font_size=&#8221;16px&#8221; custom_margin=&#8221;15px|15px|15px|15px|true|true&#8221; custom_padding=&#8221;15px|15px|15px|15px|true|true&#8221;] La\u00a0discapacidad\u00a0es aquella condici\u00f3n bajo la cual ciertas personas presentan alguna deficiencia f\u00edsica, mental,\u00a0intelectual\u00a0o sensorial que a largo plazo afectan la forma de interactuar y participar plenamente en [&hellip;]","og_url":"https:\/\/clm-inclusiva.org\/?page_id=1133","og_site_name":"Clm-Inclusiva","article_publisher":"https:\/\/www.facebook.com\/castillalamancha.inclusiva\/","article_modified_time":"2019-05-04T09:45:07+00:00","twitter_card":"summary_large_image","twitter_site":"@ClmInclusiva","twitter_misc":{"Tiempo de lectura":"2 minutos"},"schema":{"@context":"https:\/\/schema.org","@graph":[{"@type":"WebPage","@id":"https:\/\/clm-inclusiva.org\/?page_id=1133","url":"https:\/\/clm-inclusiva.org\/?page_id=1133","name":"Discapacidad - Clm-Inclusiva","isPartOf":{"@id":"https:\/\/clm-inclusiva.org\/#website"},"datePublished":"2018-07-27T11:08:50+00:00","dateModified":"2019-05-04T09:45:07+00:00","breadcrumb":{"@id":"https:\/\/clm-inclusiva.org\/?page_id=1133#breadcrumb"},"inLanguage":"es","potentialAction":[{"@type":"ReadAction","target":["https:\/\/clm-inclusiva.org\/?page_id=1133"]}]},{"@type":"BreadcrumbList","@id":"https:\/\/clm-inclusiva.org\/?page_id=1133#breadcrumb","itemListElement":[{"@type":"ListItem","position":1,"name":"Portada","item":"https:\/\/clm-inclusiva.org\/"},{"@type":"ListItem","position":2,"name":"Discapacidad"}]},{"@type":"WebSite","@id":"https:\/\/clm-inclusiva.org\/#website","url":"https:\/\/clm-inclusiva.org\/","name":"Clm-Inclusiva","description":"Confederaci\u00f3n de entidades de personas con discapacidad f\u00edsica y org\u00e1nica CLM","publisher":{"@id":"https:\/\/clm-inclusiva.org\/#organization"},"potentialAction":[{"@type":"SearchAction","target":{"@type":"EntryPoint","urlTemplate":"https:\/\/clm-inclusiva.org\/?s={search_term_string}"},"query-input":"required name=search_term_string"}],"inLanguage":"es"},{"@type":"Organization","@id":"https:\/\/clm-inclusiva.org\/#organization","name":"Clm-Inclusiva","url":"https:\/\/clm-inclusiva.org\/","logo":{"@type":"ImageObject","inLanguage":"es","@id":"https:\/\/clm-inclusiva.org\/#\/schema\/logo\/image\/","url":"http:\/\/clm-inclusiva.org\/wp-content\/uploads\/2019\/04\/banner-e1533720812836.jpg","contentUrl":"http:\/\/clm-inclusiva.org\/wp-content\/uploads\/2019\/04\/banner-e1533720812836.jpg","width":600,"height":332,"caption":"Clm-Inclusiva"},"image":{"@id":"https:\/\/clm-inclusiva.org\/#\/schema\/logo\/image\/"},"sameAs":["https:\/\/www.facebook.com\/castillalamancha.inclusiva\/","https:\/\/twitter.com\/ClmInclusiva"]}]}},"_links":{"self":[{"href":"https:\/\/clm-inclusiva.org\/index.php?rest_route=\/wp\/v2\/pages\/1133"}],"collection":[{"href":"https:\/\/clm-inclusiva.org\/index.php?rest_route=\/wp\/v2\/pages"}],"about":[{"href":"https:\/\/clm-inclusiva.org\/index.php?rest_route=\/wp\/v2\/types\/page"}],"author":[{"embeddable":true,"href":"https:\/\/clm-inclusiva.org\/index.php?rest_route=\/wp\/v2\/users\/1"}],"replies":[{"embeddable":true,"href":"https:\/\/clm-inclusiva.org\/index.php?rest_route=%2Fwp%2Fv2%2Fcomments&post=1133"}],"version-history":[{"count":7,"href":"https:\/\/clm-inclusiva.org\/index.php?rest_route=\/wp\/v2\/pages\/1133\/revisions"}],"predecessor-version":[{"id":1689,"href":"https:\/\/clm-inclusiva.org\/index.php?rest_route=\/wp\/v2\/pages\/1133\/revisions\/1689"}],"wp:attachment":[{"href":"https:\/\/clm-inclusiva.org\/index.php?rest_route=%2Fwp%2Fv2%2Fmedia&parent=1133"}],"curies":[{"name":"wp","href":"https:\/\/api.w.org\/{rel}","templated":true}]}}