{"id":1132,"date":"2018-07-27T11:08:21","date_gmt":"2018-07-27T11:08:21","guid":{"rendered":"http:\/\/clm-inclusiva.org\/?page_id=31"},"modified":"2025-04-16T12:22:34","modified_gmt":"2025-04-16T10:22:34","slug":"entidades","status":"publish","type":"page","link":"https:\/\/clm-inclusiva.org\/?page_id=1132","title":{"rendered":"Entidades"},"content":{"rendered":"<p>[et_pb_section fb_built=&#8221;1&#8243; admin_label=&#8221;section&#8221; _builder_version=&#8221;4.1&#8243; parallax=&#8221;on&#8221; custom_margin=&#8221;0px||||false|false&#8221; custom_padding=&#8221;0px||0px||false|false&#8221; collapsed=&#8221;off&#8221;][et_pb_row _builder_version=&#8221;4.1&#8243; width=&#8221;100%&#8221; max_width=&#8221;100%&#8221;][et_pb_column type=&#8221;4_4&#8243; _builder_version=&#8221;4.1&#8243;][et_pb_text _builder_version=&#8221;4.1&#8243; text_font=&#8221;|800|||||||&#8221; text_text_color=&#8221;#000000&#8243; text_font_size=&#8221;80px&#8221; custom_margin=&#8221;40px||||false|false&#8221;]<\/p>\n<p style=\"text-align: center;\">Nuestras<\/p>\n<p style=\"text-align: center;\">entidades<\/p>\n<p>[\/et_pb_text][et_pb_divider divider_weight=&#8221;20px&#8221; _builder_version=&#8221;4.1&#8243; width=&#8221;200px&#8221; module_alignment=&#8221;center&#8221;][\/et_pb_divider][et_pb_text _builder_version=&#8221;4.1&#8243; text_font=&#8221;|600|||||||&#8221; text_text_color=&#8221;#000000&#8243; text_font_size=&#8221;30px&#8221; text_line_height=&#8221;1.8em&#8221; custom_margin=&#8221;40px||||false|false&#8221;]<\/p>\n<p style=\"text-align: center;\"><strong>CLM Inclusiva COCEMFE<\/strong> constituye una red en la que participan entidades del \u00e1mbito de la discapacidad. A<br \/> continuaci\u00f3n se muestra el listado de las organizaciones miembro de la red ordenadas alfab\u00e9ticamente.<\/p>\n<p>[\/et_pb_text][\/et_pb_column][\/et_pb_row][\/et_pb_section][et_pb_section fb_built=&#8221;1&#8243; admin_label=&#8221;section&#8221; _builder_version=&#8221;4.1&#8243; parallax=&#8221;on&#8221; custom_margin=&#8221;0px||||false|false&#8221; custom_padding=&#8221;0px||0px||false|false&#8221; collapsed=&#8221;off&#8221;][et_pb_row column_structure=&#8221;1_3,1_3,1_3&#8243; use_custom_gutter=&#8221;on&#8221; gutter_width=&#8221;1&#8243; make_equal=&#8221;on&#8221; admin_label=&#8221;row&#8221; _builder_version=&#8221;4.1&#8243; background_size=&#8221;initial&#8221; background_position=&#8221;top_left&#8221; background_repeat=&#8221;repeat&#8221; max_width=&#8221;80%&#8221; module_alignment=&#8221;center&#8221; custom_margin=&#8221;2px|auto||auto||&#8221; custom_padding=&#8221;8px||0px|||&#8221;][et_pb_column type=&#8221;1_3&#8243; _builder_version=&#8221;3.25&#8243; custom_padding=&#8221;|||&#8221; custom_padding__hover=&#8221;|||&#8221;][dsm_flipbox _builder_version=&#8221;4.1&#8243; custom_padding=&#8221;15px|15px|15px|15px|true|true&#8221; link_option_url=&#8221;http:\/\/www.afanion.org\/portal\/portada\/index.aspx&#8221; link_option_url_new_window=&#8221;on&#8221;][dsm_flipbox_child image=&#8221;http:\/\/clm-inclusiva.org\/wp-content\/uploads\/2019\/06\/Logo-Afanion.jpg&#8221; button_url_new_window=&#8221;1&#8243; _builder_version=&#8221;3.23.3&#8243; header_font=&#8221;||||||||&#8221; content_font=&#8221;||||||||&#8221; subhead_font=&#8221;||||||||&#8221; child_filter_saturate=&#8221;0%&#8221; child_filter_invert=&#8221;100%&#8221; child_filter_sepia=&#8221;100%&#8221; link_option_url_new_window=&#8221;on&#8221;][\/dsm_flipbox_child][dsm_flipbox_child title=&#8221;AFANION&#8221; subtitle=&#8221;Asociaci\u00f3n de Familias de Ni\u00f1os con C\u00e1ncer de Castilla-La Mancha&#8221; button_text=&#8221;Acceder&#8221; button_url=&#8221;http:\/\/www.afanion.org\/portal\/portada\/index.aspx&#8221; button_url_new_window=&#8221;on&#8221; _builder_version=&#8221;3.26.5&#8243;][\/dsm_flipbox_child][\/dsm_flipbox][dsm_flipbox _builder_version=&#8221;4.1&#8243; custom_padding=&#8221;15px|15px|15px|15px|true|true&#8221; link_option_url=&#8221;http:\/\/www.clm-inclusiva.org&#8221; link_option_url_new_window=&#8221;on&#8221;][dsm_flipbox_child image=&#8221;http:\/\/clm-inclusiva.org\/wp-content\/uploads\/2019\/06\/Logo-Ciudad-Real-Inclusiva.jpg&#8221; image_max_width=&#8221;58%&#8221; button_url_new_window=&#8221;1&#8243; _builder_version=&#8221;3.23.3&#8243; header_font=&#8221;||||||||&#8221; content_font=&#8221;||||||||&#8221; subhead_font=&#8221;||||||||&#8221; child_filter_saturate=&#8221;0%&#8221; child_filter_invert=&#8221;100%&#8221; child_filter_sepia=&#8221;100%&#8221; link_option_url_new_window=&#8221;on&#8221;][\/dsm_flipbox_child][dsm_flipbox_child title=&#8221;CIUDAD REAL INCLUSIVA&#8221; subtitle=&#8221;Confederaci\u00f3n de Entidades de Personas con Discapacidad F\u00edsica y Org\u00e1nica Ciudad Real&#8221; button_text=&#8221;Acceder&#8221; button_url=&#8221;http:\/\/www.clm-inclusiva.org&#8221; button_url_new_window=&#8221;on&#8221; _builder_version=&#8221;3.26.5&#8243;][\/dsm_flipbox_child][\/dsm_flipbox][dsm_flipbox _builder_version=&#8221;4.1&#8243; custom_padding=&#8221;15px|15px|15px|15px|true|true&#8221; link_option_url=&#8221;https:\/\/www.facebook.com\/cocemfe.guadalajara\/&#8221; link_option_url_new_window=&#8221;on&#8221;][dsm_flipbox_child image=&#8221;http:\/\/clm-inclusiva.org\/wp-content\/uploads\/2019\/06\/Logo-Cocemfe-Guadalajara.png&#8221; button_url_new_window=&#8221;1&#8243; _builder_version=&#8221;3.23.3&#8243; header_font=&#8221;||||||||&#8221; content_font=&#8221;||||||||&#8221; subhead_font=&#8221;||||||||&#8221; child_filter_saturate=&#8221;0%&#8221; child_filter_invert=&#8221;100%&#8221; child_filter_sepia=&#8221;100%&#8221; link_option_url_new_window=&#8221;on&#8221;][\/dsm_flipbox_child][dsm_flipbox_child title=&#8221;COCEMFE GUADALAJARA&#8221; subtitle=&#8221;Confederaci\u00f3n Espa\u00f1ola de Personas con Discapacidad F\u00edsica y Org\u00e1nica Guadalajara&#8221; button_text=&#8221;Acceder&#8221; button_url=&#8221;http:\/\/cocemfe-guadalajara.org\/&#8221; button_url_new_window=&#8221;on&#8221; _builder_version=&#8221;3.26.5&#8243;][\/dsm_flipbox_child][\/dsm_flipbox][\/et_pb_column][et_pb_column type=&#8221;1_3&#8243; _builder_version=&#8221;3.25&#8243; custom_padding=&#8221;|||&#8221; custom_padding__hover=&#8221;|||&#8221;][dsm_flipbox _builder_version=&#8221;4.1&#8243; custom_padding=&#8221;15px|15px|15px|15px|true|true&#8221; link_option_url=&#8221;https:\/\/aidiscam.org\/&#8221; link_option_url_new_window=&#8221;on&#8221;][dsm_flipbox_child image=&#8221;http:\/\/clm-inclusiva.org\/wp-content\/uploads\/2019\/06\/Logo-Aidiscam-e1561675236597.jpg&#8221; button_url_new_window=&#8221;1&#8243; _builder_version=&#8221;3.25.3&#8243; header_font=&#8221;||||||||&#8221; content_font=&#8221;||||||||&#8221; subhead_font=&#8221;||||||||&#8221; child_filter_saturate=&#8221;0%&#8221; child_filter_invert=&#8221;100%&#8221; child_filter_sepia=&#8221;100%&#8221; link_option_url_new_window=&#8221;on&#8221;][\/dsm_flipbox_child][dsm_flipbox_child title=&#8221;AIDISCAM&#8221; subtitle=&#8221;Asociaci\u00f3n para la integraci\u00f3n de personas con discapacidad&#8221; button_text=&#8221;Acceder&#8221; button_url=&#8221;https:\/\/aidiscam.org\/&#8221; button_url_new_window=&#8221;on&#8221; _builder_version=&#8221;3.26.5&#8243;][\/dsm_flipbox_child][\/dsm_flipbox][dsm_flipbox _builder_version=&#8221;3.26.5&#8243; custom_padding=&#8221;15px|15px|15px|15px|true|true&#8221; link_option_url=&#8221;http:\/\/www.cocemfealbacete.com\/&#8221; link_option_url_new_window=&#8221;on&#8221;][dsm_flipbox_child image=&#8221;http:\/\/clm-inclusiva.org\/wp-content\/uploads\/2019\/06\/Logo-Cocemfe-Albacete.png&#8221; button_url_new_window=&#8221;1&#8243; _builder_version=&#8221;3.26.5&#8243; header_font=&#8221;||||||||&#8221; content_font=&#8221;||||||||&#8221; subhead_font=&#8221;||||||||&#8221; child_filter_saturate=&#8221;0%&#8221; child_filter_invert=&#8221;100%&#8221; child_filter_sepia=&#8221;100%&#8221; link_option_url_new_window=&#8221;on&#8221;][\/dsm_flipbox_child][dsm_flipbox_child title=&#8221;COCEMFE ALBACETE&#8221; subtitle=&#8221;Confederaci\u00f3n Espa\u00f1ola de Personas con Discapacidad F\u00edsica y Org\u00e1nica Albacete&#8221; button_text=&#8221;Acceder&#8221; button_url=&#8221;http:\/\/www.cocemfealbacete.com\/&#8221; button_url_new_window=&#8221;on&#8221; _builder_version=&#8221;3.26.5&#8243;][\/dsm_flipbox_child][\/dsm_flipbox][dsm_flipbox _builder_version=&#8221;4.1&#8243; custom_padding=&#8221;15px|15px|15px|15px|true|true&#8221; link_option_url=&#8221;http:\/\/www.cocemfetoledo.org\/&#8221; link_option_url_new_window=&#8221;on&#8221;][dsm_flipbox_child image=&#8221;http:\/\/clm-inclusiva.org\/wp-content\/uploads\/2019\/06\/Logo-Cocemfe-Toledo.gif&#8221; button_url_new_window=&#8221;1&#8243; _builder_version=&#8221;3.23.3&#8243; header_font=&#8221;||||||||&#8221; content_font=&#8221;||||||||&#8221; subhead_font=&#8221;||||||||&#8221; child_filter_saturate=&#8221;0%&#8221; child_filter_invert=&#8221;100%&#8221; child_filter_sepia=&#8221;100%&#8221; link_option_url_new_window=&#8221;on&#8221;][\/dsm_flipbox_child][dsm_flipbox_child title=&#8221;COCEMFE TOLEDO&#8221; subtitle=&#8221;Confederaci\u00f3n Espa\u00f1ola de Personas con Discapacidad F\u00edsica y Org\u00e1nica Toledo&#8221; button_text=&#8221;Acceder&#8221; button_url=&#8221;http:\/\/www.cocemfetoledo.org\/&#8221; button_url_new_window=&#8221;on&#8221; _builder_version=&#8221;3.26.5&#8243;][\/dsm_flipbox_child][\/dsm_flipbox][\/et_pb_column][et_pb_column type=&#8221;1_3&#8243; _builder_version=&#8221;3.25&#8243; custom_padding=&#8221;|||&#8221; custom_padding__hover=&#8221;|||&#8221;][dsm_flipbox _builder_version=&#8221;4.1&#8243; custom_padding=&#8221;15px|15px|15px|15px|true|true&#8221; link_option_url=&#8221;https:\/\/amiab.com\/&#8221; link_option_url_new_window=&#8221;on&#8221;][dsm_flipbox_child image=&#8221;http:\/\/clm-inclusiva.org\/wp-content\/uploads\/2019\/06\/Logo-Amiab.jpg&#8221; button_url_new_window=&#8221;1&#8243; _builder_version=&#8221;3.23.3&#8243; header_font=&#8221;||||||||&#8221; content_font=&#8221;||||||||&#8221; subhead_font=&#8221;||||||||&#8221; child_filter_saturate=&#8221;0%&#8221; child_filter_invert=&#8221;100%&#8221; child_filter_sepia=&#8221;100%&#8221; link_option_url_new_window=&#8221;on&#8221;][\/dsm_flipbox_child][dsm_flipbox_child title=&#8221;AMIAB&#8221; subtitle=&#8221;Entidad Asociativa Nacional de Econom\u00eda Social declarada de Utilidad P\u00fablica&#8221; button_text=&#8221;Acceder&#8221; button_url=&#8221;https:\/\/amiab.com\/&#8221; button_url_new_window=&#8221;on&#8221; _builder_version=&#8221;3.26.5&#8243;][\/dsm_flipbox_child][\/dsm_flipbox][dsm_flipbox _builder_version=&#8221;3.26.5&#8243; custom_padding=&#8221;15px|15px|15px|15px|true|true&#8221; link_option_url=&#8221;https:\/\/www.facebook.com\/COCEMFE-CUENCA-178835382202685&#8243; link_option_url_new_window=&#8221;on&#8221;][dsm_flipbox_child image=&#8221;http:\/\/clm-inclusiva.org\/wp-content\/uploads\/2019\/06\/Logo-Cocemfe-Cuenca.gif&#8221; button_url_new_window=&#8221;1&#8243; _builder_version=&#8221;3.23.3&#8243; header_font=&#8221;||||||||&#8221; content_font=&#8221;||||||||&#8221; subhead_font=&#8221;||||||||&#8221; child_filter_saturate=&#8221;0%&#8221; child_filter_invert=&#8221;100%&#8221; child_filter_sepia=&#8221;100%&#8221; link_option_url_new_window=&#8221;on&#8221;][\/dsm_flipbox_child][dsm_flipbox_child title=&#8221;COCEMFE CUENCA&#8221; subtitle=&#8221;Confederaci\u00f3n Espa\u00f1ola de Personas con Discapacidad F\u00edsica y Org\u00e1nica Cuenca&#8221; button_text=&#8221;Acceder&#8221; button_url=&#8221;https:\/\/www.facebook.com\/COCEMFE-CUENCA-178835382202685&#8243; button_url_new_window=&#8221;on&#8221; _builder_version=&#8221;3.26.5&#8243;][\/dsm_flipbox_child][\/dsm_flipbox][dsm_flipbox _builder_version=&#8221;4.1&#8243; custom_padding=&#8221;15px|15px|15px|15px|true|true&#8221; link_option_url=&#8221;http:\/\/www.lunaclm.org\/&#8221; link_option_url_new_window=&#8221;on&#8221;][dsm_flipbox_child image=&#8221;http:\/\/clm-inclusiva.org\/wp-content\/uploads\/2019\/06\/Logo-Luna.jpeg&#8221; button_url_new_window=&#8221;1&#8243; _builder_version=&#8221;3.23.3&#8243; header_font=&#8221;||||||||&#8221; content_font=&#8221;||||||||&#8221; subhead_font=&#8221;||||||||&#8221; child_filter_saturate=&#8221;0%&#8221; child_filter_invert=&#8221;100%&#8221; child_filter_sepia=&#8221;100%&#8221; link_option_url_new_window=&#8221;on&#8221;][\/dsm_flipbox_child][dsm_flipbox_child title=&#8221;LUNA CASTILLA LA-MANCHA&#8221; subtitle=&#8221;Federaci\u00f3n Regional de Mujeres con Discapacidad Castilla La-Mancha&#8221; button_text=&#8221;Acceder&#8221; button_url=&#8221;http:\/\/www.lunaclm.org\/&#8221; button_url_new_window=&#8221;on&#8221; _builder_version=&#8221;3.26.5&#8243;][\/dsm_flipbox_child][\/dsm_flipbox][\/et_pb_column][\/et_pb_row][\/et_pb_section]<\/p>\n","protected":false},"excerpt":{"rendered":"<p>[et_pb_section fb_built=&#8221;1&#8243; admin_label=&#8221;section&#8221; _builder_version=&#8221;4.1&#8243; parallax=&#8221;on&#8221; custom_margin=&#8221;0px||||false|false&#8221; custom_padding=&#8221;0px||0px||false|false&#8221; collapsed=&#8221;off&#8221;][et_pb_row _builder_version=&#8221;4.1&#8243; width=&#8221;100%&#8221; max_width=&#8221;100%&#8221;][et_pb_column type=&#8221;4_4&#8243; _builder_version=&#8221;4.1&#8243;][et_pb_text _builder_version=&#8221;4.1&#8243; text_font=&#8221;|800|||||||&#8221; text_text_color=&#8221;#000000&#8243; text_font_size=&#8221;80px&#8221; custom_margin=&#8221;40px||||false|false&#8221;] Nuestras entidades [\/et_pb_text][et_pb_divider divider_weight=&#8221;20px&#8221; _builder_version=&#8221;4.1&#8243; width=&#8221;200px&#8221; module_alignment=&#8221;center&#8221;][\/et_pb_divider][et_pb_text _builder_version=&#8221;4.1&#8243; text_font=&#8221;|600|||||||&#8221; text_text_color=&#8221;#000000&#8243; text_font_size=&#8221;30px&#8221; text_line_height=&#8221;1.8em&#8221; custom_margin=&#8221;40px||||false|false&#8221;] CLM Inclusiva COCEMFE constituye una red en la que participan entidades del \u00e1mbito de la discapacidad. A continuaci\u00f3n se muestra el listado de las [&hellip;]<\/p>\n","protected":false},"author":1,"featured_media":0,"parent":0,"menu_order":0,"comment_status":"closed","ping_status":"closed","template":"","meta":{"_et_pb_use_builder":"on","_et_pb_old_content":"\t\t\t\t\r\n\t\t\t\t[responsivevoice_button voice=\"Spanish Female\" buttontext=\"Reproducir\"]\r\n\t\t\t\t","_et_gb_content_width":"","footnotes":""},"yoast_head":"<!-- This site is optimized with the Yoast SEO plugin v21.3 - https:\/\/yoast.com\/wordpress\/plugins\/seo\/ -->\n<title>Entidades - Clm-Inclusiva<\/title>\n<meta name=\"robots\" content=\"index, follow, max-snippet:-1, max-image-preview:large, max-video-preview:-1\" \/>\n<link rel=\"canonical\" href=\"https:\/\/clm-inclusiva.org\/?page_id=1132\" \/>\n<meta property=\"og:locale\" content=\"es_ES\" \/>\n<meta property=\"og:type\" content=\"article\" \/>\n<meta property=\"og:title\" content=\"Entidades - Clm-Inclusiva\" \/>\n<meta property=\"og:description\" content=\"[et_pb_section fb_built=&#8221;1&#8243; admin_label=&#8221;section&#8221; _builder_version=&#8221;4.1&#8243; parallax=&#8221;on&#8221; custom_margin=&#8221;0px||||false|false&#8221; custom_padding=&#8221;0px||0px||false|false&#8221; collapsed=&#8221;off&#8221;][et_pb_row _builder_version=&#8221;4.1&#8243; width=&#8221;100%&#8221; max_width=&#8221;100%&#8221;][et_pb_column type=&#8221;4_4&#8243; _builder_version=&#8221;4.1&#8243;][et_pb_text _builder_version=&#8221;4.1&#8243; text_font=&#8221;|800|||||||&#8221; text_text_color=&#8221;#000000&#8243; text_font_size=&#8221;80px&#8221; custom_margin=&#8221;40px||||false|false&#8221;] Nuestras entidades [\/et_pb_text][et_pb_divider divider_weight=&#8221;20px&#8221; _builder_version=&#8221;4.1&#8243; width=&#8221;200px&#8221; module_alignment=&#8221;center&#8221;][\/et_pb_divider][et_pb_text _builder_version=&#8221;4.1&#8243; text_font=&#8221;|600|||||||&#8221; text_text_color=&#8221;#000000&#8243; text_font_size=&#8221;30px&#8221; text_line_height=&#8221;1.8em&#8221; custom_margin=&#8221;40px||||false|false&#8221;] CLM Inclusiva COCEMFE constituye una red en la que participan entidades del \u00e1mbito de la discapacidad. A continuaci\u00f3n se muestra el listado de las [&hellip;]\" \/>\n<meta property=\"og:url\" content=\"https:\/\/clm-inclusiva.org\/?page_id=1132\" \/>\n<meta property=\"og:site_name\" content=\"Clm-Inclusiva\" \/>\n<meta property=\"article:publisher\" content=\"https:\/\/www.facebook.com\/castillalamancha.inclusiva\/\" \/>\n<meta property=\"article:modified_time\" content=\"2025-04-16T10:22:34+00:00\" \/>\n<meta name=\"twitter:card\" content=\"summary_large_image\" \/>\n<meta name=\"twitter:site\" content=\"@ClmInclusiva\" \/>\n<meta name=\"twitter:label1\" content=\"Tiempo de lectura\" \/>\n\t<meta name=\"twitter:data1\" content=\"2 minutos\" \/>\n<script type=\"application\/ld+json\" class=\"yoast-schema-graph\">{\"@context\":\"https:\/\/schema.org\",\"@graph\":[{\"@type\":\"WebPage\",\"@id\":\"https:\/\/clm-inclusiva.org\/?page_id=1132\",\"url\":\"https:\/\/clm-inclusiva.org\/?page_id=1132\",\"name\":\"Entidades - Clm-Inclusiva\",\"isPartOf\":{\"@id\":\"https:\/\/clm-inclusiva.org\/#website\"},\"datePublished\":\"2018-07-27T11:08:21+00:00\",\"dateModified\":\"2025-04-16T10:22:34+00:00\",\"breadcrumb\":{\"@id\":\"https:\/\/clm-inclusiva.org\/?page_id=1132#breadcrumb\"},\"inLanguage\":\"es\",\"potentialAction\":[{\"@type\":\"ReadAction\",\"target\":[\"https:\/\/clm-inclusiva.org\/?page_id=1132\"]}]},{\"@type\":\"BreadcrumbList\",\"@id\":\"https:\/\/clm-inclusiva.org\/?page_id=1132#breadcrumb\",\"itemListElement\":[{\"@type\":\"ListItem\",\"position\":1,\"name\":\"Portada\",\"item\":\"https:\/\/clm-inclusiva.org\/\"},{\"@type\":\"ListItem\",\"position\":2,\"name\":\"Entidades\"}]},{\"@type\":\"WebSite\",\"@id\":\"https:\/\/clm-inclusiva.org\/#website\",\"url\":\"https:\/\/clm-inclusiva.org\/\",\"name\":\"Clm-Inclusiva\",\"description\":\"Confederaci\u00f3n de entidades de personas con discapacidad f\u00edsica y org\u00e1nica CLM\",\"publisher\":{\"@id\":\"https:\/\/clm-inclusiva.org\/#organization\"},\"potentialAction\":[{\"@type\":\"SearchAction\",\"target\":{\"@type\":\"EntryPoint\",\"urlTemplate\":\"https:\/\/clm-inclusiva.org\/?s={search_term_string}\"},\"query-input\":\"required name=search_term_string\"}],\"inLanguage\":\"es\"},{\"@type\":\"Organization\",\"@id\":\"https:\/\/clm-inclusiva.org\/#organization\",\"name\":\"Clm-Inclusiva\",\"url\":\"https:\/\/clm-inclusiva.org\/\",\"logo\":{\"@type\":\"ImageObject\",\"inLanguage\":\"es\",\"@id\":\"https:\/\/clm-inclusiva.org\/#\/schema\/logo\/image\/\",\"url\":\"http:\/\/clm-inclusiva.org\/wp-content\/uploads\/2019\/04\/banner-e1533720812836.jpg\",\"contentUrl\":\"http:\/\/clm-inclusiva.org\/wp-content\/uploads\/2019\/04\/banner-e1533720812836.jpg\",\"width\":600,\"height\":332,\"caption\":\"Clm-Inclusiva\"},\"image\":{\"@id\":\"https:\/\/clm-inclusiva.org\/#\/schema\/logo\/image\/\"},\"sameAs\":[\"https:\/\/www.facebook.com\/castillalamancha.inclusiva\/\",\"https:\/\/twitter.com\/ClmInclusiva\"]}]}<\/script>\n<!-- \/ Yoast SEO plugin. -->","yoast_head_json":{"title":"Entidades - Clm-Inclusiva","robots":{"index":"index","follow":"follow","max-snippet":"max-snippet:-1","max-image-preview":"max-image-preview:large","max-video-preview":"max-video-preview:-1"},"canonical":"https:\/\/clm-inclusiva.org\/?page_id=1132","og_locale":"es_ES","og_type":"article","og_title":"Entidades - Clm-Inclusiva","og_description":"[et_pb_section fb_built=&#8221;1&#8243; admin_label=&#8221;section&#8221; _builder_version=&#8221;4.1&#8243; parallax=&#8221;on&#8221; custom_margin=&#8221;0px||||false|false&#8221; custom_padding=&#8221;0px||0px||false|false&#8221; collapsed=&#8221;off&#8221;][et_pb_row _builder_version=&#8221;4.1&#8243; width=&#8221;100%&#8221; max_width=&#8221;100%&#8221;][et_pb_column type=&#8221;4_4&#8243; _builder_version=&#8221;4.1&#8243;][et_pb_text _builder_version=&#8221;4.1&#8243; text_font=&#8221;|800|||||||&#8221; text_text_color=&#8221;#000000&#8243; text_font_size=&#8221;80px&#8221; custom_margin=&#8221;40px||||false|false&#8221;] Nuestras entidades [\/et_pb_text][et_pb_divider divider_weight=&#8221;20px&#8221; _builder_version=&#8221;4.1&#8243; width=&#8221;200px&#8221; module_alignment=&#8221;center&#8221;][\/et_pb_divider][et_pb_text _builder_version=&#8221;4.1&#8243; text_font=&#8221;|600|||||||&#8221; text_text_color=&#8221;#000000&#8243; text_font_size=&#8221;30px&#8221; text_line_height=&#8221;1.8em&#8221; custom_margin=&#8221;40px||||false|false&#8221;] CLM Inclusiva COCEMFE constituye una red en la que participan entidades del \u00e1mbito de la discapacidad. A continuaci\u00f3n se muestra el listado de las [&hellip;]","og_url":"https:\/\/clm-inclusiva.org\/?page_id=1132","og_site_name":"Clm-Inclusiva","article_publisher":"https:\/\/www.facebook.com\/castillalamancha.inclusiva\/","article_modified_time":"2025-04-16T10:22:34+00:00","twitter_card":"summary_large_image","twitter_site":"@ClmInclusiva","twitter_misc":{"Tiempo de lectura":"2 minutos"},"schema":{"@context":"https:\/\/schema.org","@graph":[{"@type":"WebPage","@id":"https:\/\/clm-inclusiva.org\/?page_id=1132","url":"https:\/\/clm-inclusiva.org\/?page_id=1132","name":"Entidades - Clm-Inclusiva","isPartOf":{"@id":"https:\/\/clm-inclusiva.org\/#website"},"datePublished":"2018-07-27T11:08:21+00:00","dateModified":"2025-04-16T10:22:34+00:00","breadcrumb":{"@id":"https:\/\/clm-inclusiva.org\/?page_id=1132#breadcrumb"},"inLanguage":"es","potentialAction":[{"@type":"ReadAction","target":["https:\/\/clm-inclusiva.org\/?page_id=1132"]}]},{"@type":"BreadcrumbList","@id":"https:\/\/clm-inclusiva.org\/?page_id=1132#breadcrumb","itemListElement":[{"@type":"ListItem","position":1,"name":"Portada","item":"https:\/\/clm-inclusiva.org\/"},{"@type":"ListItem","position":2,"name":"Entidades"}]},{"@type":"WebSite","@id":"https:\/\/clm-inclusiva.org\/#website","url":"https:\/\/clm-inclusiva.org\/","name":"Clm-Inclusiva","description":"Confederaci\u00f3n de entidades de personas con discapacidad f\u00edsica y org\u00e1nica CLM","publisher":{"@id":"https:\/\/clm-inclusiva.org\/#organization"},"potentialAction":[{"@type":"SearchAction","target":{"@type":"EntryPoint","urlTemplate":"https:\/\/clm-inclusiva.org\/?s={search_term_string}"},"query-input":"required name=search_term_string"}],"inLanguage":"es"},{"@type":"Organization","@id":"https:\/\/clm-inclusiva.org\/#organization","name":"Clm-Inclusiva","url":"https:\/\/clm-inclusiva.org\/","logo":{"@type":"ImageObject","inLanguage":"es","@id":"https:\/\/clm-inclusiva.org\/#\/schema\/logo\/image\/","url":"http:\/\/clm-inclusiva.org\/wp-content\/uploads\/2019\/04\/banner-e1533720812836.jpg","contentUrl":"http:\/\/clm-inclusiva.org\/wp-content\/uploads\/2019\/04\/banner-e1533720812836.jpg","width":600,"height":332,"caption":"Clm-Inclusiva"},"image":{"@id":"https:\/\/clm-inclusiva.org\/#\/schema\/logo\/image\/"},"sameAs":["https:\/\/www.facebook.com\/castillalamancha.inclusiva\/","https:\/\/twitter.com\/ClmInclusiva"]}]}},"_links":{"self":[{"href":"https:\/\/clm-inclusiva.org\/index.php?rest_route=\/wp\/v2\/pages\/1132"}],"collection":[{"href":"https:\/\/clm-inclusiva.org\/index.php?rest_route=\/wp\/v2\/pages"}],"about":[{"href":"https:\/\/clm-inclusiva.org\/index.php?rest_route=\/wp\/v2\/types\/page"}],"author":[{"embeddable":true,"href":"https:\/\/clm-inclusiva.org\/index.php?rest_route=\/wp\/v2\/users\/1"}],"replies":[{"embeddable":true,"href":"https:\/\/clm-inclusiva.org\/index.php?rest_route=%2Fwp%2Fv2%2Fcomments&post=1132"}],"version-history":[{"count":20,"href":"https:\/\/clm-inclusiva.org\/index.php?rest_route=\/wp\/v2\/pages\/1132\/revisions"}],"predecessor-version":[{"id":5463,"href":"https:\/\/clm-inclusiva.org\/index.php?rest_route=\/wp\/v2\/pages\/1132\/revisions\/5463"}],"wp:attachment":[{"href":"https:\/\/clm-inclusiva.org\/index.php?rest_route=%2Fwp%2Fv2%2Fmedia&parent=1132"}],"curies":[{"name":"wp","href":"https:\/\/api.w.org\/{rel}","templated":true}]}}